{"id":10496,"date":"2026-01-19T12:41:13","date_gmt":"2026-01-19T12:41:13","guid":{"rendered":"https:\/\/www.hopp-la.ch\/offres-2\/generationstanz\/"},"modified":"2026-03-27T13:48:30","modified_gmt":"2026-03-27T13:48:30","slug":"generationstanz","status":"publish","type":"page","link":"https:\/\/www.hopp-la.ch\/fr\/offres-2\/generationstanz\/","title":{"rendered":"G\u00e9n\u00e9rationsTANZ"},"content":{"rendered":"<div class=\"wpb-content-wrapper\"><p>[vc_row bg_type=&#8221;bg_color&#8221; bg_override=&#8221;ex-full&#8221; main_heading=&#8221;Stiftung in K\u00fcrze&#8221; main_heading_color=&#8221;&#8221; heading_tag=&#8221;h2&#8243; sub_heading_color=&#8221;&#8221; alignment=&#8221;left&#8221; spacer=&#8221;line_only&#8221; spacer_position=&#8221;middle&#8221; spacer_img_width=&#8221;48&#8243; line_style=&#8221;solid&#8221; line_height=&#8221;4&#8243; line_color=&#8221;&#8221; line_icon_fixer=&#8221;10&#8243; line_width=&#8221;50&#8243; spacer_margin=&#8221;margin-top:15px;margin-bottom:50px;&#8221; main_heading_style=&#8221;font-weight:bold;&#8221; main_heading_font_size=&#8221;desktop:26px;&#8221; main_heading_line_height=&#8221;desktop:36px;&#8221; el_class=&#8221;accent-border-color header_bewegung&#8221; main_heading_typograpy=&#8221;&#8221; main_heading_font_family=&#8221;&#8221; margin_design_tab_text=&#8221;&#8221; main_heading_margin=&#8221;&#8221; sub_heading_typograpy=&#8221;&#8221; sub_heading_font_family=&#8221;&#8221; sub_heading_style=&#8221;&#8221; sub_heading_font_size=&#8221;&#8221; sub_heading_line_height=&#8221;&#8221; sub_heading_margin=&#8221;&#8221; spacer_img=&#8221;&#8221; css=&#8221;.vc_custom_1717062478713{padding-top: 5% !important;padding-bottom: 5% !important;}&#8221; bg_color_value=&#8221;#f4f4f4&#8243;][vc_column css=&#8221;.vc_custom_1535035158746{margin-top: -30px !important;margin-bottom: -40px !important;}&#8221;]<div id=\"ultimate-heading-93916a04d890e4a58\" class=\"uvc-heading ult-adjust-bottom-margin ultimate-heading-93916a04d890e4a58 uvc-7899 accent-border-color\" data-hspacer=\"line_only\"  data-halign=\"left\" style=\"text-align:left\"><div class=\"uvc-main-heading ult-responsive\"  data-ultimate-target='.uvc-heading.ultimate-heading-93916a04d890e4a58 h1'  data-responsive-json-new='{\"font-size\":\"desktop:26px;\",\"line-height\":\"desktop:36px;\"}' ><h1 style=\"font-weight:bold;\">GenerationenTANZ - Samedi 30 mai - 13:00 - Messeplatz Basel<\/h1><\/div><div class=\"uvc-heading-spacer line_only\" style=\"margin-bottom:25px;height:4px;\"><span class=\"uvc-headings-line\" style=\"border-style:solid;border-bottom-width:4px;border-color:;width:50px;\"><\/span><\/div><\/div><div id=\"ultimate-heading-50486a04d890e4ada\" class=\"uvc-heading ult-adjust-bottom-margin ultimate-heading-50486a04d890e4ada uvc-4708 \" data-hspacer=\"no_spacer\"  data-halign=\"left\" style=\"text-align:left\"><div class=\"uvc-heading-spacer no_spacer\" style=\"top\"><\/div><div class=\"uvc-main-heading ult-responsive\"  data-ultimate-target='.uvc-heading.ultimate-heading-50486a04d890e4ada h1'  data-responsive-json-new='{\"font-size\":\"desktop:20px;\",\"line-height\":\"desktop:30px;\"}' ><h1 style=\"font-weight:bold;\">Une danse qui \u00e9meut, unit les g\u00e9n\u00e9rations et cr\u00e9e des moments de bonheur<\/h1><\/div><\/div>[\/vc_column][\/vc_row][vc_row bg_type=&#8221;bg_color&#8221; bg_override=&#8221;ex-full&#8221; main_heading=&#8221;Stiftung in K\u00fcrze&#8221; main_heading_color=&#8221;&#8221; heading_tag=&#8221;h2&#8243; sub_heading_color=&#8221;&#8221; alignment=&#8221;left&#8221; spacer=&#8221;line_only&#8221; spacer_position=&#8221;middle&#8221; spacer_img_width=&#8221;48&#8243; line_style=&#8221;solid&#8221; line_height=&#8221;4&#8243; line_color=&#8221;&#8221; line_icon_fixer=&#8221;10&#8243; line_width=&#8221;50&#8243; spacer_margin=&#8221;margin-top:15px;margin-bottom:50px;&#8221; main_heading_style=&#8221;font-weight:bold;&#8221; main_heading_font_size=&#8221;desktop:26px;&#8221; main_heading_line_height=&#8221;desktop:36px;&#8221; el_class=&#8221;accent-border-color&#8221; main_heading_typograpy=&#8221;&#8221; main_heading_font_family=&#8221;&#8221; margin_design_tab_text=&#8221;&#8221; main_heading_margin=&#8221;&#8221; sub_heading_typograpy=&#8221;&#8221; sub_heading_font_family=&#8221;&#8221; sub_heading_style=&#8221;&#8221; sub_heading_font_size=&#8221;&#8221; sub_heading_line_height=&#8221;&#8221; sub_heading_margin=&#8221;&#8221; spacer_img=&#8221;&#8221; css=&#8221;.vc_custom_1717062668174{padding-top: 2% !important;padding-bottom: 5% !important;}&#8221; bg_color_value=&#8221;#f4f4f4&#8243;][vc_column width=&#8221;2\/3&#8243; css=&#8221;.vc_custom_1535035158746{margin-top: -30px !important;margin-bottom: -40px !important;}&#8221;]<div class=\"standard-arrow bullet-top\"><p><strong>Vivez un moment fort unique en plein air : en collaboration avec <a href=\"https:\/\/bb.pro-senectute.ch\" target=\"_blank\" rel=\"noopener\">Pro Senectute beider Basel<\/a> et <a href=\"https:\/\/healthexpo.ch\" target=\"_blank\" rel=\"noopener\">HealthEXPO Basel<\/a>, nous vous invitons le samedi 30 mai 2026 \u00e0 13h00 \u00e0 la premi\u00e8re et plus grande DANSE DES GENERATIONS en plein air de Suisse ! <\/strong> A 13h00 pr\u00e9cises, le <strong>Messeplatz Basel<\/strong> se transformera en une piste de danse vibrante. Cet \u00e9v\u00e9nement interg\u00e9n\u00e9rationnel <strong>r\u00e9unit jeunes et moins jeunes<\/strong>, favorise la joie de vivre, la sant\u00e9 et la communaut\u00e9 &#8211; et montre de mani\u00e8re impressionnante que <strong>la danse n&#8217;a pas d&#8217;\u00e2ge, la danse est pour TOUS.<\/strong> <\/p>\n<h4>Venez vous joindre \u00e0 nous. Il n&#8217;est pas n\u00e9cessaire de s&#8217;inscrire ou d&#8217;avoir une exp\u00e9rience de la danse. Tout le monde est le bienvenu !  <\/h4>\n<p>&nbsp;<\/p>\n<p><a class=\"anmeldunglink\" href=\"#anmeldeformular\"><strong>Inscription pour les groupes de danse pour enfants et adolescents<\/strong><\/a><\/p>\n<\/div>[vc_empty_space]<style type=\"text\/css\" data-type=\"the7_shortcodes-inline-css\">.shortcode-single-image-wrap.shortcode-single-image-d5d1209c0a22aa17363a1d9d5436cbf0.enable-bg-rollover .rollover i,\n.shortcode-single-image-wrap.shortcode-single-image-d5d1209c0a22aa17363a1d9d5436cbf0.enable-bg-rollover .rollover-video i {\n  background: -webkit-linear-gradient();\n  background: linear-gradient();\n}\n.shortcode-single-image-wrap.shortcode-single-image-d5d1209c0a22aa17363a1d9d5436cbf0 .rollover-icon {\n  font-size: 32px;\n  color: #ffffff;\n  min-width: 44px;\n  min-height: 44px;\n  line-height: 44px;\n  border-radius: 100px;\n  border-style: solid;\n  border-width: 0px;\n}\n.dt-icon-bg-on.shortcode-single-image-wrap.shortcode-single-image-d5d1209c0a22aa17363a1d9d5436cbf0 .rollover-icon {\n  background: rgba(255,255,255,0.3);\n  box-shadow: none;\n}<\/style><div class=\"shortcode-single-image-wrap shortcode-single-image-d5d1209c0a22aa17363a1d9d5436cbf0 alignnone  enable-bg-rollover dt-icon-bg-off\" style=\"margin-top:0px; margin-bottom:0px; margin-left:0px; margin-right:0px; width:900px;\"><div class=\"shortcode-single-image\"><div class=\"fancy-media-wrap  layzr-bg\" style=\"\"><img fetchpriority=\"high\" decoding=\"async\" class=\"preload-me lazy-load aspect\" src=\"data:image\/svg+xml,%3Csvg%20xmlns%3D&#39;http%3A%2F%2Fwww.w3.org%2F2000%2Fsvg&#39;%20viewBox%3D&#39;0%200%20900%20599&#39;%2F%3E\" data-src=\"https:\/\/www.hopp-la.ch\/wp-content\/uploads\/2026\/01\/Generatoinentanz_Tanzfest_2025_Maria-scaled-900x599.jpg\" data-srcset=\"https:\/\/www.hopp-la.ch\/wp-content\/uploads\/2026\/01\/Generatoinentanz_Tanzfest_2025_Maria-scaled-900x599.jpg 900w, https:\/\/www.hopp-la.ch\/wp-content\/uploads\/2026\/01\/Generatoinentanz_Tanzfest_2025_Maria-scaled-1800x1198.jpg 1800w\" loading=\"eager\" sizes=\"(max-width: 900px) 100vw, 900px\" width=\"900\" height=\"599\"  data-dt-location=\"https:\/\/www.hopp-la.ch\/fr\/generatoinentanz_tanzfest_2025_maria\/\" style=\"--ratio: 900 \/ 599;\" alt=\"\" \/><\/div><\/div><\/div><div class=\"standard-arrow bullet-top\"><p>&#8220;<strong>\u00a9 <\/strong>Copyright 2018 par Ismael Lorenzo. All Rights Reserved&#8221; Cette exp\u00e9rience de danse commune est dirig\u00e9e par <a href=\"http:\/\/mu-uf.ch\/maria_libertad_pedreira.1213.html\" target=\"_blank\" rel=\"noopener\">Maria Libertad Pedreira<\/a>, danseuse professionnelle et p\u00e9dagogue de la danse avec de nombreuses ann\u00e9es d&#8217;exp\u00e9rience dans l&#8217;enseignement de la danse. Pas \u00e0 pas, nous apprenons des mouvements simples que nous finissons par danser ensemble &#8211; pleins d&#8217;\u00e9nergie, de plaisir et de rires. Tout le monde est le bienvenu &#8211; aucune exp\u00e9rience de la danse n&#8217;est n\u00e9cessaire.     <strong>Notre grand objectif : franchir la barre des 500 participants et nous ne pourrons y parvenir qu&#8217;avec vous !  <\/strong>Venez, amenez vos personnes pr\u00e9f\u00e9r\u00e9es &#8211; et participez \u00e0 un moment sp\u00e9cial qui donne de la joie, cr\u00e9e des liens et peut-\u00eatre m\u00eame \u00e9crit l&#8217;histoire de la danse suisse.  <strong> <\/strong><\/p>\n<\/div><div class=\"standard-arrow bullet-top\"><\/div>[vc_empty_space][\/vc_column][vc_column width=&#8221;1\/3&#8243; el_class=&#8221;header_bewegung_bild&#8221;][vc_column_text][\/vc_column_text][\/vc_column][\/vc_row][vc_row full_width=&#8221;stretch_row&#8221; bg_type=&#8221;bg_color&#8221; main_heading=&#8221;Stiftung in K\u00fcrze&#8221; main_heading_color=&#8221;&#8221; heading_tag=&#8221;h2&#8243; sub_heading_color=&#8221;&#8221; alignment=&#8221;left&#8221; spacer=&#8221;line_only&#8221; spacer_position=&#8221;middle&#8221; spacer_img_width=&#8221;48&#8243; line_style=&#8221;solid&#8221; line_height=&#8221;4&#8243; line_color=&#8221;&#8221; line_icon_fixer=&#8221;10&#8243; line_width=&#8221;50&#8243; spacer_margin=&#8221;margin-top:15px;margin-bottom:50px;&#8221; main_heading_style=&#8221;font-weight:bold;&#8221; main_heading_font_size=&#8221;desktop:26px;&#8221; main_heading_line_height=&#8221;desktop:36px;&#8221; el_class=&#8221;accent-border-color&#8221; main_heading_typograpy=&#8221;&#8221; main_heading_font_family=&#8221;&#8221; margin_design_tab_text=&#8221;&#8221; main_heading_margin=&#8221;&#8221; sub_heading_typograpy=&#8221;&#8221; sub_heading_font_family=&#8221;&#8221; sub_heading_style=&#8221;&#8221; sub_heading_font_size=&#8221;&#8221; sub_heading_line_height=&#8221;&#8221; sub_heading_margin=&#8221;&#8221; spacer_img=&#8221;&#8221; css=&#8221;.vc_custom_1771921456626{padding-top: 2% !important;padding-bottom: 5% !important;}&#8221; bg_color_value=&#8221;#F4F4F4&#8243;][vc_column width=&#8221;2\/3&#8243; css=&#8221;.vc_custom_1535035158746{margin-top: -30px !important;margin-bottom: -40px !important;}&#8221;]<div class=\"standard-arrow bullet-top\"><p><strong>Dates cl\u00e9s de G\u00e9n\u00e9rationsDanse :<\/strong><\/p>\n<ul>\n<li><strong>Quoi :<\/strong> GenerationenTANZ &#8211; Danse commune pour toutes les g\u00e9n\u00e9rations<\/li>\n<li><strong>Quand :<\/strong> Samedi 30 mai 2026, \u00e0 13h00 &#8211; 13h30<\/li>\n<li><strong>Qui :<\/strong> enfants, jeunes, familles, grands-parents, seniors &#8211; tout le monde peut participer<\/li>\n<li><strong>O\u00f9 :<\/strong> HealthEXPO Basel 2026 &#8211; En plein air sur le site de la foire de B\u00e2le<\/li>\n<li><strong>D\u00e9pliant :<\/strong> <a href=\"http:\/\/www.hopp-la.ch\/wp-content\/uploads\/2026\/03\/Flyer_GenerationenTANZ_online_Version.pdf\" target=\"_blank\" rel=\"noopener\">T\u00e9l\u00e9charger<\/a> pour transmettre et distribuer<\/li>\n<\/ul>\n<\/div><div class=\"standard-arrow bullet-top\"><\/div>[vc_empty_space][\/vc_column][vc_column width=&#8221;1\/3&#8243; el_class=&#8221;header_bewegung_bild&#8221;][vc_column_text][\/vc_column_text][\/vc_column][\/vc_row][vc_row full_width=&#8221;stretch_row&#8221; bg_type=&#8221;bg_color&#8221; main_heading=&#8221;Stiftung in K\u00fcrze&#8221; main_heading_color=&#8221;&#8221; heading_tag=&#8221;h2&#8243; sub_heading_color=&#8221;&#8221; alignment=&#8221;left&#8221; spacer=&#8221;line_only&#8221; spacer_position=&#8221;middle&#8221; spacer_img_width=&#8221;48&#8243; line_style=&#8221;solid&#8221; line_height=&#8221;4&#8243; line_color=&#8221;&#8221; line_icon_fixer=&#8221;10&#8243; line_width=&#8221;50&#8243; spacer_margin=&#8221;margin-top:15px;margin-bottom:50px;&#8221; main_heading_style=&#8221;font-weight:bold;&#8221; main_heading_font_size=&#8221;desktop:26px;&#8221; main_heading_line_height=&#8221;desktop:36px;&#8221; el_class=&#8221;accent-border-color&#8221; main_heading_typograpy=&#8221;&#8221; main_heading_font_family=&#8221;&#8221; margin_design_tab_text=&#8221;&#8221; main_heading_margin=&#8221;&#8221; sub_heading_typograpy=&#8221;&#8221; sub_heading_font_family=&#8221;&#8221; sub_heading_style=&#8221;&#8221; sub_heading_font_size=&#8221;&#8221; sub_heading_line_height=&#8221;&#8221; sub_heading_margin=&#8221;&#8221; spacer_img=&#8221;&#8221; css=&#8221;.vc_custom_1773654186810{padding-top: 1% !important;padding-bottom: 5% !important;}&#8221; bg_color_value=&#8221;#F4F4F4&#8243;][vc_column width=&#8221;2\/3&#8243; css=&#8221;.vc_custom_1535035158746{margin-top: -30px !important;margin-bottom: -40px !important;}&#8221;]<div class=\"standard-arrow bullet-top\"><p><strong>Vid\u00e9o promotionnelle sur la danse interg\u00e9n\u00e9rationnelle :<\/strong><\/p>\n<\/div>[vc_video link=&#8221;https:\/\/vimeo.com\/1173939663&#8243; css=&#8221;&#8221;][vc_empty_space][\/vc_column][vc_column width=&#8221;1\/3&#8243; el_class=&#8221;header_bewegung_bild&#8221;][vc_column_text][\/vc_column_text][\/vc_column][\/vc_row][vc_row el_id=&#8221;formulaire d&#039;inscription&#8221;][vc_column][vc_empty_space][vc_empty_space]<div class=\"standard-arrow bullet-top\"><p><strong>Inscription des groupes de danse pour enfants et adolescents pour la G\u00e9n\u00e9ration DANSE du samedi 30 mai \u00e0 13h00<\/strong><\/p>\n<p>Si vous vous inscrivez avec votre groupe de danse \u00e0 la GenerationenTANZ, vous participez automatiquement au tirage au sort de prix attractifs.<\/p>\n<p>Pour que vous puissiez participer au tirage au sort avec votre groupe, au moins 3 enfants \/ jeunes de votre groupe de danse doivent participer \u00e0 la danse.<\/p>\n<h4>Prix :<\/h4>\n<ul>\n<li>Danse avec des danseurs professionnels et visite guid\u00e9e <a href=\"https:\/\/www.theater-basel.ch\/de\">du th\u00e9\u00e2tre de B\u00e2le<\/a><\/li>\n<li>Entr\u00e9e au spectacle de danse <a href=\"https:\/\/tanzhausbasel.ch\/de\/\">Tanzhaus Basel<\/a><\/li>\n<li>Bons d&#8217;achat pour des articles de danse<\/li>\n<li>plus de prix<\/li>\n<\/ul>\n<\/div>[\/vc_column][\/vc_row][vc_row][vc_column]<style id=\"wpforms-css-vars-10282\">\n\t\t\t\t#wpforms-10282 {\n\t\t\t\t--wpforms-field-border-size: 2px;\n--wpforms-field-border-radius: 4px;\n--wpforms-field-border-color: rgba(150, 193, 30, 0.25);\n--wpforms-field-border-color-spare: rgba(150, 193, 30, 0.25);\n--wpforms-field-text-color: rgba(0, 0, 0, 0.7);\n--wpforms-label-color: rgba(0, 0, 0, 0.85);\n--wpforms-label-sublabel-color: rgba(0, 0, 0, 0.55);\n--wpforms-background-color: ;\n--wpforms-field-size-input-height: 43px;\n--wpforms-field-size-input-spacing: 15px;\n--wpforms-field-size-font-size: 16px;\n--wpforms-field-size-line-height: 19px;\n--wpforms-field-size-padding-h: 14px;\n--wpforms-field-size-checkbox-size: 16px;\n--wpforms-field-size-sublabel-spacing: 5px;\n--wpforms-field-size-icon-size: 1;\n--wpforms-label-size-font-size: 16px;\n--wpforms-label-size-line-height: 19px;\n--wpforms-label-size-sublabel-font-size: 14px;\n--wpforms-label-size-sublabel-line-height: 17px;\n--wpforms-button-size-font-size: 17px;\n--wpforms-button-size-height: 41px;\n--wpforms-button-size-padding-h: 15px;\n--wpforms-button-size-margin-top: 10px;\n--wpforms-container-shadow-size-box-shadow: none;\n\t\t\t}\n\t\t\t<\/style><div class=\"wpforms-container wpforms-container-full wpforms-render-modern\" id=\"wpforms-10282\"><form id=\"wpforms-form-10282\" class=\"wpforms-validate wpforms-form wpforms-ajax-form\" data-formid=\"10282\" method=\"post\" enctype=\"multipart\/form-data\" action=\"\/fr\/wp-json\/wp\/v2\/pages\/10496\" data-token=\"9261cc407fc13e255cc0a284d5eedec0\" data-token-time=\"1778702480\"><noscript class=\"wpforms-error-noscript\">Veuillez activer JavaScript dans votre navigateur pour remplir ce formulaire.<\/noscript><div id=\"wpforms-error-noscript\" style=\"display: none;\">Veuillez activer JavaScript dans votre navigateur pour remplir ce formulaire.<\/div><div class=\"wpforms-field-container\">\t\t<div id=\"wpforms-10282-field_5-container\"\n\t\t\tclass=\"wpforms-field wpforms-field-text\"\n\t\t\tdata-field-type=\"text\"\n\t\t\tdata-field-id=\"5\"\n\t\t\t>\n\t\t\t<label class=\"wpforms-field-label\" for=\"wpforms-10282-field_5\" >Name der Leiter:in<\/label>\n\t\t\t<input type=\"text\" id=\"wpforms-10282-field_5\" class=\"wpforms-field-medium\" name=\"wpforms[fields][5]\" >\n\t\t<\/div>\n\t\t<div id=\"wpforms-10282-field_1-container\" class=\"wpforms-field wpforms-field-name\" data-field-id=\"1\"><fieldset><legend class=\"wpforms-field-label\">Name Leiter:in <span class=\"wpforms-required-label\" aria-hidden=\"true\">*<\/span><\/legend><div class=\"wpforms-field-row wpforms-field-medium\"><div class=\"wpforms-field-row-block wpforms-first wpforms-one-half\"><input type=\"text\" id=\"wpforms-10282-field_1\" class=\"wpforms-field-name-first wpforms-field-required\" name=\"wpforms[fields][1][first]\" aria-errormessage=\"wpforms-10282-field_1-error\" required><label for=\"wpforms-10282-field_1\" class=\"wpforms-field-sublabel after\">Pr\u00e9nom<\/label><\/div><div class=\"wpforms-field-row-block wpforms-one-half\"><input type=\"text\" id=\"wpforms-10282-field_1-last\" class=\"wpforms-field-name-last wpforms-field-required\" name=\"wpforms[fields][1][last]\" aria-errormessage=\"wpforms-10282-field_1-last-error\" required><label for=\"wpforms-10282-field_1-last\" class=\"wpforms-field-sublabel after\">Nom<\/label><\/div><\/div><\/fieldset><\/div><div id=\"wpforms-10282-field_4-container\" class=\"wpforms-field wpforms-field-email\" data-field-id=\"4\"><fieldset><legend class=\"wpforms-field-label\">E-Mail-Adresse Leiter:in <span class=\"wpforms-required-label\" aria-hidden=\"true\">*<\/span><\/legend><div class=\"wpforms-field-row wpforms-field-medium\"><div class=\"wpforms-field-row-block wpforms-one-half wpforms-first\"><input type=\"email\" id=\"wpforms-10282-field_4\" class=\"wpforms-field-required wpforms-field-email-primary\" name=\"wpforms[fields][4][primary]\" spellcheck=\"false\" aria-errormessage=\"wpforms-10282-field_4-error\" required><label for=\"wpforms-10282-field_4\" class=\"wpforms-field-sublabel after\">E-mail<\/label><\/div><div class=\"wpforms-field-row-block wpforms-one-half\"><input type=\"email\" id=\"wpforms-10282-field_4-secondary\" class=\"wpforms-field-email-secondary wpforms-field-required\" data-rule-confirm=\"#wpforms-10282-field_4\" name=\"wpforms[fields][4][secondary]\" spellcheck=\"false\" aria-errormessage=\"wpforms-10282-field_4-secondary-error\" required><label for=\"wpforms-10282-field_4-secondary\" class=\"wpforms-field-sublabel after\">Confirmez l\u2019e-mail<\/label><\/div><\/div><\/fieldset><\/div><div id=\"wpforms-10282-field_9-container\" class=\"wpforms-field wpforms-field-phone\" data-field-id=\"9\"><label class=\"wpforms-field-label\" for=\"wpforms-10282-field_9\">Handynummer<\/label><input type=\"tel\" id=\"wpforms-10282-field_9\" class=\"wpforms-field-medium\" data-rule-int-phone-field=\"true\" name=\"wpforms[fields][9]\" placeholder=\"079 xxx xx xx\" aria-label=\"Handynummer\" aria-errormessage=\"wpforms-10282-field_9-error\" aria-describedby=\"wpforms-10282-field_9-description\" ><div id=\"wpforms-10282-field_9-description\" class=\"wpforms-field-description\">Trage deine Handynummer ein, damit wir dich zur \"Whatsapp-Broadcast-Gruppe GenerationenTANZ\" einladen k\u00f6nnen. Dort erh\u00e4lst du die aktuellsten Informatoinen zum Event.<\/div><\/div><div id=\"wpforms-10282-field_2-container\" class=\"wpforms-field wpforms-field-text\" data-field-id=\"2\"><label class=\"wpforms-field-label\" for=\"wpforms-10282-field_2\">Name Tanzgruppe <span class=\"wpforms-required-label\" aria-hidden=\"true\">*<\/span><\/label><input type=\"text\" id=\"wpforms-10282-field_2\" class=\"wpforms-field-medium wpforms-field-required\" name=\"wpforms[fields][2]\" aria-errormessage=\"wpforms-10282-field_2-error\" required><\/div><div id=\"wpforms-10282-field_7-container\" class=\"wpforms-field wpforms-field-text\" data-field-id=\"7\"><label class=\"wpforms-field-label\" for=\"wpforms-10282-field_7\">Ort Tanzgruppe <span class=\"wpforms-required-label\" aria-hidden=\"true\">*<\/span><\/label><input type=\"text\" id=\"wpforms-10282-field_7\" class=\"wpforms-field-medium wpforms-field-required\" name=\"wpforms[fields][7]\" placeholder=\"Aus welchem Ort und Kanton kommt die Tanzgruppe?\" aria-errormessage=\"wpforms-10282-field_7-error\" required><\/div><div id=\"wpforms-10282-field_10-container\" class=\"wpforms-field wpforms-field-text\" data-field-id=\"10\"><label class=\"wpforms-field-label\" for=\"wpforms-10282-field_10\">Alter der Kinder\/Jugendlichen <span class=\"wpforms-required-label\" aria-hidden=\"true\">*<\/span><\/label><input type=\"text\" id=\"wpforms-10282-field_10\" class=\"wpforms-field-medium wpforms-field-required\" name=\"wpforms[fields][10]\" placeholder=\"z.B. 4-8\" aria-errormessage=\"wpforms-10282-field_10-error\" required><\/div><div id=\"wpforms-10282-field_3-container\" class=\"wpforms-field wpforms-field-number\" data-field-id=\"3\"><label class=\"wpforms-field-label\" for=\"wpforms-10282-field_3\">Anzahl Tanzende <span class=\"wpforms-required-label\" aria-hidden=\"true\">*<\/span><\/label><input type=\"number\" id=\"wpforms-10282-field_3\" class=\"wpforms-field-medium wpforms-field-required\" name=\"wpforms[fields][3]\" placeholder=\"Wie viele Kinder \/ Jugendliche planen am Generationentanz mitzutanzen?\" step=\"any\" aria-errormessage=\"wpforms-10282-field_3-error\" aria-describedby=\"wpforms-10282-field_3-description\" required><div id=\"wpforms-10282-field_3-description\" class=\"wpforms-field-description\">Trage hier die realistisch zu erwartende Anzahl Kinder \/ Jugendliche ein.\nUm an der Verlosung teilzunehmen, m\u00fcssen mindestesns 3 Kinder \/ Jugendliche am Tanz teilnehmen.<\/div><\/div><script>\n\t\t\t\t( function() {\n\t\t\t\t\tconst style = document.createElement( 'style' );\n\t\t\t\t\tstyle.appendChild( document.createTextNode( '#wpforms-10282-field_5-container { position: absolute !important; overflow: hidden !important; display: inline !important; height: 1px !important; width: 1px !important; z-index: -1000 !important; padding: 0 !important; } #wpforms-10282-field_5-container input { visibility: hidden; } #wpforms-conversational-form-page #wpforms-10282-field_5-container label { counter-increment: none; }' ) );\n\t\t\t\t\tdocument.head.appendChild( style );\n\t\t\t\t\tdocument.currentScript?.remove();\n\t\t\t\t} )();\n\t\t\t<\/script><\/div><!-- .wpforms-field-container --><div class=\"wpforms-recaptcha-container wpforms-is-recaptcha wpforms-is-recaptcha-type-v2\" ><div class=\"g-recaptcha\" data-sitekey=\"6LfdnI8sAAAAAG9z3VarDyXB40_T5C7MPjGcMZFR\"><\/div><input type=\"text\" name=\"g-recaptcha-hidden\" class=\"wpforms-recaptcha-hidden\" style=\"position:absolute!important;clip:rect(0,0,0,0)!important;height:1px!important;width:1px!important;border:0!important;overflow:hidden!important;padding:0!important;margin:0!important;\" data-rule-recaptcha=\"1\"><\/div><div class=\"wpforms-submit-container\" ><input type=\"hidden\" name=\"wpforms[id]\" value=\"10282\"><input type=\"hidden\" name=\"page_title\" value=\"\"><input type=\"hidden\" name=\"page_url\" value=\"https:\/\/www.hopp-la.ch\/fr\/wp-json\/wp\/v2\/pages\/10496\"><input type=\"hidden\" name=\"url_referer\" value=\"\"><button type=\"submit\" name=\"wpforms[submit]\" id=\"wpforms-submit-10282\" class=\"wpforms-submit\" data-alt-text=\"Wird gesendet\u00a0\u2026\" data-submit-text=\"Absenden\" aria-live=\"assertive\" value=\"wpforms-submit\">Absenden<\/button><img loading=\"lazy\" decoding=\"async\" src=\"https:\/\/www.hopp-la.ch\/wp-content\/plugins\/wpforms\/assets\/images\/submit-spin.svg\" class=\"wpforms-submit-spinner\" style=\"display: none;\" width=\"26\" height=\"26\" alt=\"Chargement en cours\"><\/div><\/form><\/div>  <!-- .wpforms-container -->[\/vc_column][\/vc_row]<\/p>\n<\/div>","protected":false},"excerpt":{"rendered":"<p>[vc_row bg_type=&#8221;bg_color&#8221; bg_override=&#8221;ex-full&#8221; main_heading=&#8221;Stiftung in K\u00fcrze&#8221; main_heading_color=&#8221;&#8221; heading_tag=&#8221;h2&#8243; sub_heading_color=&#8221;&#8221; alignment=&#8221;left&#8221; spacer=&#8221;line_only&#8221; spacer_position=&#8221;middle&#8221; spacer_img_width=&#8221;48&#8243; line_style=&#8221;solid&#8221; line_height=&#8221;4&#8243; line_color=&#8221;&#8221; line_icon_fixer=&#8221;10&#8243; line_width=&#8221;50&#8243; spacer_margin=&#8221;margin-top:15px;margin-bottom:50px;&#8221; main_heading_style=&#8221;font-weight:bold;&#8221; main_heading_font_size=&#8221;desktop:26px;&#8221; main_heading_line_height=&#8221;desktop:36px;&#8221; el_class=&#8221;accent-border-color header_bewegung&#8221; main_heading_typograpy=&#8221;&#8221; main_heading_font_family=&#8221;&#8221; margin_design_tab_text=&#8221;&#8221; main_heading_margin=&#8221;&#8221; sub_heading_typograpy=&#8221;&#8221; sub_heading_font_family=&#8221;&#8221; sub_heading_style=&#8221;&#8221; sub_heading_font_size=&#8221;&#8221; sub_heading_line_height=&#8221;&#8221; sub_heading_margin=&#8221;&#8221; spacer_img=&#8221;&#8221; css=&#8221;.vc_custom_1717062478713{padding-top: 5% !important;padding-bottom: 5% !important;}&#8221; bg_color_value=&#8221;#f4f4f4&#8243;][vc_column css=&#8221;.vc_custom_1535035158746{margin-top: -30px !important;margin-bottom: -40px !important;}&#8221;][\/vc_column][\/vc_row][vc_row bg_type=&#8221;bg_color&#8221; bg_override=&#8221;ex-full&#8221; main_heading=&#8221;Stiftung in K\u00fcrze&#8221; main_heading_color=&#8221;&#8221; heading_tag=&#8221;h2&#8243; sub_heading_color=&#8221;&#8221; alignment=&#8221;left&#8221;&hellip;<\/p>\n","protected":false},"author":5,"featured_media":7490,"parent":9255,"menu_order":0,"comment_status":"closed","ping_status":"closed","template":"","meta":{"_monsterinsights_skip_tracking":false,"_monsterinsights_sitenote_active":false,"_monsterinsights_sitenote_note":"","_monsterinsights_sitenote_category":0,"footnotes":""},"class_list":["post-10496","page","type-page","status-publish","has-post-thumbnail","hentry","description-off"],"_links":{"self":[{"href":"https:\/\/www.hopp-la.ch\/fr\/wp-json\/wp\/v2\/pages\/10496","targetHints":{"allow":["GET"]}}],"collection":[{"href":"https:\/\/www.hopp-la.ch\/fr\/wp-json\/wp\/v2\/pages"}],"about":[{"href":"https:\/\/www.hopp-la.ch\/fr\/wp-json\/wp\/v2\/types\/page"}],"author":[{"embeddable":true,"href":"https:\/\/www.hopp-la.ch\/fr\/wp-json\/wp\/v2\/users\/5"}],"replies":[{"embeddable":true,"href":"https:\/\/www.hopp-la.ch\/fr\/wp-json\/wp\/v2\/comments?post=10496"}],"version-history":[{"count":2,"href":"https:\/\/www.hopp-la.ch\/fr\/wp-json\/wp\/v2\/pages\/10496\/revisions"}],"predecessor-version":[{"id":10498,"href":"https:\/\/www.hopp-la.ch\/fr\/wp-json\/wp\/v2\/pages\/10496\/revisions\/10498"}],"up":[{"embeddable":true,"href":"https:\/\/www.hopp-la.ch\/fr\/wp-json\/wp\/v2\/pages\/9255"}],"wp:featuredmedia":[{"embeddable":true,"href":"https:\/\/www.hopp-la.ch\/fr\/wp-json\/wp\/v2\/media\/7490"}],"wp:attachment":[{"href":"https:\/\/www.hopp-la.ch\/fr\/wp-json\/wp\/v2\/media?parent=10496"}],"curies":[{"name":"wp","href":"https:\/\/api.w.org\/{rel}","templated":true}]}}