{"id":7913,"date":"2017-09-12T13:26:47","date_gmt":"2017-09-12T13:26:47","guid":{"rendered":"https:\/\/www.hopp-la.ch\/une-periode-de-lavent-en-mouvement\/"},"modified":"2023-09-13T05:57:34","modified_gmt":"2023-09-13T05:57:34","slug":"une-periode-de-lavent-en-mouvement","status":"publish","type":"page","link":"https:\/\/www.hopp-la.ch\/fr\/une-periode-de-lavent-en-mouvement\/","title":{"rendered":"Une p\u00e9riode de l&#8217;Avent en mouvement"},"content":{"rendered":"<div class=\"wpb-content-wrapper\"><p>[vc_row bg_type=&#8221;bg_color&#8221; bg_override=&#8221;ex-full&#8221; bg_color_value=&#8221;#f4f4f4&#8243;][vc_column]<div id=\"ultimate-heading-137869e8f11232681\" class=\"uvc-heading ult-adjust-bottom-margin ultimate-heading-137869e8f11232681 uvc-3341 accent-border-color\" data-hspacer=\"line_only\"  data-halign=\"left\" style=\"text-align:left\"><div class=\"uvc-main-heading ult-responsive\"  data-ultimate-target='.uvc-heading.ultimate-heading-137869e8f11232681 h2'  data-responsive-json-new='{\"font-size\":\"desktop:26px;\",\"line-height\":\"desktop:36px;\"}' ><h2 style=\"font-weight:bold;\">Une p\u00e9riode de l'Avent en mouvement<\/h2><\/div><div class=\"uvc-heading-spacer line_only\" style=\"margin-top:15px;margin-bottom:50px;height:4px;\"><span class=\"uvc-headings-line\" style=\"border-style:solid;border-bottom-width:4px;border-color:;width:50px;\"><\/span><\/div><\/div>[vc_row_inner][vc_column_inner width=&#8221;2\/3&#8243;][vc_column_text]Traverser ensemble la froide p\u00e9riode hivernale en bougeant, en jouant et en s&#8217;amusant : le calendrier de l&#8217;Avent de l&#8217;activit\u00e9 physique surprend avec des activit\u00e9s en mouvement et cr\u00e9atives et permet de faire de nouvelles rencontres.[\/vc_column_text][\/vc_column_inner][vc_column_inner width=&#8221;1\/3&#8243;][\/vc_column_inner][\/vc_row_inner][vc_row_inner][vc_column_inner width=&#8221;2\/3&#8243;]<style type=\"text\/css\" data-type=\"the7_shortcodes-inline-css\">.shortcode-single-image-wrap.shortcode-single-image-4748760eba996aa921a9abcb610b67ac.enable-bg-rollover .rollover i,\n.shortcode-single-image-wrap.shortcode-single-image-4748760eba996aa921a9abcb610b67ac.enable-bg-rollover .rollover-video i {\n  background: -webkit-linear-gradient();\n  background: linear-gradient();\n}\n.shortcode-single-image-wrap.shortcode-single-image-4748760eba996aa921a9abcb610b67ac .rollover-icon {\n  font-size: 32px;\n  color: #ffffff;\n  min-width: 44px;\n  min-height: 44px;\n  line-height: 44px;\n  border-radius: 100px;\n  border-style: solid;\n  border-width: 0px;\n}\n.dt-icon-bg-on.shortcode-single-image-wrap.shortcode-single-image-4748760eba996aa921a9abcb610b67ac .rollover-icon {\n  background: rgba(255,255,255,0.3);\n  box-shadow: none;\n}<\/style><div class=\"shortcode-single-image-wrap shortcode-single-image-4748760eba996aa921a9abcb610b67ac alignnone  vc_custom_1602142805126 enable-bg-rollover dt-icon-bg-off\" ><div class=\"shortcode-single-image\"><div class=\"fancy-media-wrap  layzr-bg\" style=\"\"><img fetchpriority=\"high\" decoding=\"async\" class=\"preload-me lazy-load aspect\" src=\"data:image\/svg+xml,%3Csvg%20xmlns%3D&#39;http%3A%2F%2Fwww.w3.org%2F2000%2Fsvg&#39;%20viewBox%3D&#39;0%200%201000%20586&#39;%2F%3E\" data-src=\"https:\/\/www.hopp-la.ch\/wp-content\/uploads\/2020\/10\/Flyer_Bewegungsadventkalender-Hintergrund-transparent_klein.png\" data-srcset=\"https:\/\/www.hopp-la.ch\/wp-content\/uploads\/2020\/10\/Flyer_Bewegungsadventkalender-Hintergrund-transparent_klein.png 1000w\" loading=\"eager\" sizes=\"(max-width: 1000px) 100vw, 1000px\" width=\"1000\" height=\"586\"  data-dt-location=\"https:\/\/www.hopp-la.ch\/fr\/flyer_bewegungsadventkalender-hintergrund-transparent_klein\/\" style=\"--ratio: 1000 \/ 586;\" alt=\"\" \/><\/div><\/div><\/div>[\/vc_column_inner][vc_column_inner width=&#8221;1\/3&#8243;][vc_column_text el_class=&#8221;quote&#8221;]<strong>\u00abEs ist eine wunderbare Gelegenheit um zu zeigen, dass man sich bei jedem Wetter bewegen kann. Die Vitalit\u00e4t und Begeisterung, die das Team von Hopp-la zeigt, ist ansteckend und machen den tristen Winter bunt. Die hohe Zahl von Teilnehmenden ist ein guter Beweis daf\u00fcr, dass die Bewegte Adventszeit ein gutes Projekt ist.\u00bb<\/strong><\/p>\n<p><span lang=\"DE-CH\">Feedback Mitwirkende<\/span>[\/vc_column_text][vc_column_text el_class=&#8221;quote&#8221;]<strong>&#8220;Je ne peux et ne dois que soutenir davantage l&#8217;id\u00e9e d&#8217;un mouvement et d&#8217;une rencontre interg\u00e9n\u00e9rationnels dans un quartier&#8221;.<\/strong><\/p>\n<p><span lang=\"DE-CH\">R\u00e9action des contributeurs\/-trices<\/span>[\/vc_column_text][\/vc_column_inner][\/vc_row_inner][vc_row_inner][vc_column_inner width=&#8221;2\/3&#8243;]<div id=\"ultimate-heading-198569e8f11233205\" class=\"uvc-heading ult-adjust-bottom-margin ultimate-heading-198569e8f11233205 uvc-4489 \" data-hspacer=\"no_spacer\"  data-halign=\"left\" style=\"text-align:left\"><div class=\"uvc-heading-spacer no_spacer\" style=\"top\"><\/div><div class=\"uvc-main-heading ult-responsive\"  data-ultimate-target='.uvc-heading.ultimate-heading-198569e8f11233205 h2'  data-responsive-json-new='{\"font-size\":\"desktop:20px;\",\"line-height\":\"desktop:30px;\"}' ><h2 style=\"font-weight:bold;\">Objectifs<\/h2><\/div><\/div>[vc_column_text]Le projet vise \u00e0 rassembler diff\u00e9rentes g\u00e9n\u00e9rations et cultures par le biais d&#8217;activit\u00e9s physiques et cr\u00e9atives communes. Le quartier doit devenir une zone de rencontre pour les enfants, les familles et les personnes \u00e2g\u00e9es. L&#8217;activit\u00e9 physique et l&#8217;\u00e9change social sont au premier plan. Nous souhaitons en outre motiver la population \u00e0 sortir m\u00eame pendant les mois les plus froids. En outre, les organisations de quartier, les associations et les institutions doivent avoir la possibilit\u00e9 de participer au projet et de contribuer \u00e0 l&#8217;organisation de la p\u00e9riode de l&#8217;Avent en mouvement.[\/vc_column_text][\/vc_column_inner][vc_column_inner width=&#8221;1\/3&#8243;][\/vc_column_inner][\/vc_row_inner][vc_row_inner][vc_column_inner width=&#8221;2\/3&#8243;]<div id=\"ultimate-heading-199069e8f11233252\" class=\"uvc-heading ult-adjust-bottom-margin ultimate-heading-199069e8f11233252 uvc-4660 \" data-hspacer=\"no_spacer\"  data-halign=\"left\" style=\"text-align:left\"><div class=\"uvc-heading-spacer no_spacer\" style=\"top\"><\/div><div class=\"uvc-main-heading ult-responsive\"  data-ultimate-target='.uvc-heading.ultimate-heading-199069e8f11233252 h2'  data-responsive-json-new='{\"font-size\":\"desktop:20px;\",\"line-height\":\"desktop:30px;\"}' ><h2 style=\"font-weight:bold;\">Groupe cible<\/h2><\/div><\/div>[vc_column_text]Gr\u00e2ce au programme vari\u00e9 et interg\u00e9n\u00e9rationnel de la p\u00e9riode de l&#8217;Avent en mouvement, diff\u00e9rents groupes cibles de toutes les classes d&#8217;\u00e2ge devraient \u00eatre touch\u00e9s. Peu importe l&#8217;origine, que l&#8217;on soit jeune ou vieux, \u00e0 pied, en chaise roulante ou en d\u00e9ambulateur, tout le monde est invit\u00e9 \u00e0 participer au Temps de l&#8217;Avent en mouvement. Un objectif important est en outre d&#8217;atteindre en particulier les personnes qui sont plut\u00f4t inactives et qui vivent en retrait. Cela prend encore plus d&#8217;importance pendant les mois d&#8217;hiver.[\/vc_column_text][\/vc_column_inner][vc_column_inner width=&#8221;1\/3&#8243;][\/vc_column_inner][\/vc_row_inner][vc_row_inner][vc_column_inner width=&#8221;2\/3&#8243;]<div id=\"ultimate-heading-382169e8f1123328d\" class=\"uvc-heading ult-adjust-bottom-margin ultimate-heading-382169e8f1123328d uvc-6892 \" data-hspacer=\"no_spacer\"  data-halign=\"left\" style=\"text-align:left\"><div class=\"uvc-heading-spacer no_spacer\" style=\"top\"><\/div><div class=\"uvc-main-heading ult-responsive\"  data-ultimate-target='.uvc-heading.ultimate-heading-382169e8f1123328d h2'  data-responsive-json-new='{\"font-size\":\"desktop:20px;\",\"line-height\":\"desktop:30px;\"}' ><h2 style=\"font-weight:bold;\">Mise en \u0153uvre<\/h2><\/div><\/div>[vc_column_text]Un rituel d&#8217;entr\u00e9e sert de fil conducteur au projet de l&#8217;Avent. Cela comprend la sonnerie de la cloche, l&#8217;accueil et la pr\u00e9sentation du projet, l&#8217;allumage de la bougie de l&#8217;Avent et l&#8217;ouverture de la fen\u00eatre de l&#8217;Avent. Ensuite, les contributeurs externes (associations, institutions, personnes priv\u00e9es) sont pr\u00e9sent\u00e9s pour leur confier ensuite la direction. L&#8217;accent devrait toujours \u00eatre mis sur l&#8217;activit\u00e9 commune, o\u00f9, outre l&#8217;\u00e9change social, il est tout aussi important de bouger ensemble. En ce qui concerne l&#8217;organisation concr\u00e8te de l&#8217;activit\u00e9 d&#8217;une demi-heure, une grande libert\u00e9 est laiss\u00e9e aux contributeurs externes. Il convient, dans la mesure du possible, d&#8217;encourager la coexistence des g\u00e9n\u00e9rations. Apr\u00e8s l&#8217;activit\u00e9, une boisson chaude est offerte aux participants pendant le moment de convivialit\u00e9.[\/vc_column_text][\/vc_column_inner][vc_column_inner width=&#8221;1\/3&#8243;][\/vc_column_inner][\/vc_row_inner][vc_row_inner][vc_column_inner width=&#8221;2\/3&#8243;]<div id=\"ultimate-heading-290569e8f112332c7\" class=\"uvc-heading ult-adjust-bottom-margin ultimate-heading-290569e8f112332c7 uvc-7903 \" data-hspacer=\"no_spacer\"  data-halign=\"left\" style=\"text-align:left\"><div class=\"uvc-heading-spacer no_spacer\" style=\"top\"><\/div><div class=\"uvc-main-heading ult-responsive\"  data-ultimate-target='.uvc-heading.ultimate-heading-290569e8f112332c7 h2'  data-responsive-json-new='{\"font-size\":\"desktop:20px;\",\"line-height\":\"desktop:30px;\"}' ><h2 style=\"font-weight:bold;\">Perspectives<\/h2><\/div><\/div>[vc_column_text]Afin d&#8217;optimiser en permanence la qualit\u00e9 du projet, la planification et la r\u00e9alisation font l&#8217;objet d&#8217;un suivi scientifique en coop\u00e9ration avec le DSBG. En 2016\/2017, un guide a \u00e9t\u00e9 \u00e9labor\u00e9 sur cette base, afin que les exp\u00e9riences puissent \u00eatre transmises \u00e0 l&#8217;ext\u00e9rieur et que le Temps de l&#8217;Avent en mouvement puisse \u00e9galement \u00eatre mis en \u0153uvre dans d&#8217;autres lieux.[\/vc_column_text][\/vc_column_inner][vc_column_inner width=&#8221;1\/3&#8243;][\/vc_column_inner][\/vc_row_inner][\/vc_column][\/vc_row][vc_row][vc_column]<div id=\"ultimate-heading-896169e8f11233304\" class=\"uvc-heading ult-adjust-bottom-margin ultimate-heading-896169e8f11233304 uvc-4255 accent-border-color\" data-hspacer=\"line_only\"  data-halign=\"left\" style=\"text-align:left\"><div class=\"uvc-main-heading ult-responsive\"  data-ultimate-target='.uvc-heading.ultimate-heading-896169e8f11233304 h2'  data-responsive-json-new='{\"font-size\":\"desktop:26px;\",\"line-height\":\"desktop:36px;\"}' ><h2 style=\"font-weight:bold;\">Sites<\/h2><\/div><div class=\"uvc-heading-spacer line_only\" style=\"margin-top:15px;margin-bottom:30px;height:4px;\"><span class=\"uvc-headings-line\" style=\"border-style:solid;border-bottom-width:4px;border-color:;width:50px;\"><\/span><\/div><\/div><div id=\"ultimate-heading-849069e8f1123333d\" class=\"uvc-heading ult-adjust-bottom-margin ultimate-heading-849069e8f1123333d uvc-7029 \" data-hspacer=\"no_spacer\"  data-halign=\"left\" style=\"text-align:left\"><div class=\"uvc-heading-spacer no_spacer\" style=\"top\"><\/div><div class=\"uvc-main-heading ult-responsive\"  data-ultimate-target='.uvc-heading.ultimate-heading-849069e8f1123333d h2'  data-responsive-json-new='{\"font-size\":\"desktop:20px;\",\"line-height\":\"desktop:30px;\"}' ><h2 style=\"font-weight:bold;\">Schorenweg, BS<\/h2><\/div><\/div>[vc_column_text]Le temps de l&#8217;Avent en mouvement Schoren dans le Petit-B\u00e2le BS est planifi\u00e9 et mis en \u0153uvre par Nicole Tsch\u00e4pp\u00e4t de l&#8217;association Fundus Basel :<\/p>\n<p><a href=\"https:\/\/fundus-basel.ch\/\" target=\"_blank\" rel=\"noopener noreferrer\">Programme<\/a>[\/vc_column_text]<div id=\"ultimate-heading-772969e8f11233373\" class=\"uvc-heading ult-adjust-bottom-margin ultimate-heading-772969e8f11233373 uvc-6443 \" data-hspacer=\"no_spacer\"  data-halign=\"left\" style=\"text-align:left\"><div class=\"uvc-heading-spacer no_spacer\" style=\"top\"><\/div><div class=\"uvc-main-heading ult-responsive\"  data-ultimate-target='.uvc-heading.ultimate-heading-772969e8f11233373 h2'  data-responsive-json-new='{\"font-size\":\"desktop:20px;\",\"line-height\":\"desktop:30px;\"}' ><h2 style=\"font-weight:bold;\">Parc de la Sch\u00fctzenmatt, BS<\/h2><\/div><\/div>[vc_column_text]L&#8217;Avent en mouvement Sch\u00fctzenmattpark a \u00e9t\u00e9 planifi\u00e9 et pr\u00e9par\u00e9 en 2020 dans le cadre d&#8217;une coproduction de Hopp-la et du <a href=\"https:\/\/www.rcbaselinternational.ch\/de\/\" target=\"_blank\" rel=\"noopener noreferrer\">Rotary Club International de B\u00e2le<\/a>. En raison de la situation de Corona, il n&#8217;a malheureusement pas \u00e9t\u00e9 possible de le r\u00e9aliser. Il n&#8217;y aura pas de p\u00e9riode de l&#8217;Avent en mouvement en 2021.[\/vc_column_text][\/vc_column][\/vc_row][vc_row][vc_column]<div id=\"ultimate-heading-901769e8f112333ad\" class=\"uvc-heading ult-adjust-bottom-margin ultimate-heading-901769e8f112333ad uvc-7338 accent-border-color\" data-hspacer=\"line_only\"  data-halign=\"left\" style=\"text-align:left\"><div class=\"uvc-main-heading ult-responsive\"  data-ultimate-target='.uvc-heading.ultimate-heading-901769e8f112333ad h2'  data-responsive-json-new='{\"font-size\":\"desktop:26px;\",\"line-height\":\"desktop:36px;\"}' ><h2 style=\"font-weight:bold;\">Participants<\/h2><\/div><div class=\"uvc-heading-spacer line_only\" style=\"margin-top:15px;margin-bottom:15px;height:4px;\"><span class=\"uvc-headings-line\" style=\"border-style:solid;border-bottom-width:4px;border-color:;width:50px;\"><\/span><\/div><\/div>[vc_column_text]Nous profitons de l&#8217;occasion pour remercier chaleureusement toutes les organisations de quartier, associations et institutions qui ont particip\u00e9 ces derni\u00e8res ann\u00e9es.[\/vc_column_text][\/vc_column][\/vc_row]<\/p>\n<\/div>","protected":false},"excerpt":{"rendered":"<p>[vc_row bg_type=&#8221;bg_color&#8221; bg_override=&#8221;ex-full&#8221; bg_color_value=&#8221;#f4f4f4&#8243;][vc_column][vc_row_inner][vc_column_inner width=&#8221;2\/3&#8243;][vc_column_text]Traverser ensemble la froide p\u00e9riode hivernale en bougeant, en jouant et en s&#8217;amusant : le calendrier de l&#8217;Avent de l&#8217;activit\u00e9 physique surprend avec des activit\u00e9s en mouvement et cr\u00e9atives et permet de faire de nouvelles rencontres.[\/vc_column_text][\/vc_column_inner][vc_column_inner width=&#8221;1\/3&#8243;][\/vc_column_inner][\/vc_row_inner][vc_row_inner][vc_column_inner width=&#8221;2\/3&#8243;][\/vc_column_inner][vc_column_inner width=&#8221;1\/3&#8243;][vc_column_text el_class=&#8221;quote&#8221;]\u00abEs ist eine wunderbare Gelegenheit um zu zeigen, dass man sich bei&hellip;<\/p>\n","protected":false},"author":1,"featured_media":7535,"parent":0,"menu_order":0,"comment_status":"closed","ping_status":"closed","template":"","meta":{"_monsterinsights_skip_tracking":false,"_monsterinsights_sitenote_active":false,"_monsterinsights_sitenote_note":"","_monsterinsights_sitenote_category":0,"footnotes":""},"class_list":["post-7913","page","type-page","status-publish","has-post-thumbnail","hentry","description-off"],"_links":{"self":[{"href":"https:\/\/www.hopp-la.ch\/fr\/wp-json\/wp\/v2\/pages\/7913","targetHints":{"allow":["GET"]}}],"collection":[{"href":"https:\/\/www.hopp-la.ch\/fr\/wp-json\/wp\/v2\/pages"}],"about":[{"href":"https:\/\/www.hopp-la.ch\/fr\/wp-json\/wp\/v2\/types\/page"}],"author":[{"embeddable":true,"href":"https:\/\/www.hopp-la.ch\/fr\/wp-json\/wp\/v2\/users\/1"}],"replies":[{"embeddable":true,"href":"https:\/\/www.hopp-la.ch\/fr\/wp-json\/wp\/v2\/comments?post=7913"}],"version-history":[{"count":7,"href":"https:\/\/www.hopp-la.ch\/fr\/wp-json\/wp\/v2\/pages\/7913\/revisions"}],"predecessor-version":[{"id":9024,"href":"https:\/\/www.hopp-la.ch\/fr\/wp-json\/wp\/v2\/pages\/7913\/revisions\/9024"}],"wp:featuredmedia":[{"embeddable":true,"href":"https:\/\/www.hopp-la.ch\/fr\/wp-json\/wp\/v2\/media\/7535"}],"wp:attachment":[{"href":"https:\/\/www.hopp-la.ch\/fr\/wp-json\/wp\/v2\/media?parent=7913"}],"curies":[{"name":"wp","href":"https:\/\/api.w.org\/{rel}","templated":true}]}}