{"id":7941,"date":"2022-04-06T13:09:13","date_gmt":"2022-04-06T13:09:13","guid":{"rendered":"https:\/\/www.hopp-la.ch\/des-espaces-dactivite-physique-pour-toutes-les-generations\/"},"modified":"2023-06-12T09:08:24","modified_gmt":"2023-06-12T09:08:24","slug":"des-espaces-dactivite-physique-pour-toutes-les-generations","status":"publish","type":"page","link":"https:\/\/www.hopp-la.ch\/fr\/des-espaces-dactivite-physique-pour-toutes-les-generations\/","title":{"rendered":"Des espaces d&#8217;activit\u00e9 physique pour toutes les g\u00e9n\u00e9rations"},"content":{"rendered":"<div class=\"wpb-content-wrapper\"><p>[vc_row bg_type=&#8221;bg_color&#8221; bg_override=&#8221;ex-full&#8221; main_heading=&#8221;Stiftung in K\u00fcrze&#8221; main_heading_color=&#8221;&#8221; heading_tag=&#8221;h2&#8243; sub_heading_color=&#8221;&#8221; alignment=&#8221;left&#8221; spacer=&#8221;line_only&#8221; spacer_position=&#8221;middle&#8221; spacer_img_width=&#8221;48&#8243; line_style=&#8221;solid&#8221; line_height=&#8221;4&#8243; line_color=&#8221;&#8221; line_icon_fixer=&#8221;10&#8243; line_width=&#8221;50&#8243; spacer_margin=&#8221;margin-top:15px;margin-bottom:50px;&#8221; main_heading_style=&#8221;font-weight:bold;&#8221; main_heading_font_size=&#8221;desktop:26px;&#8221; main_heading_line_height=&#8221;desktop:36px;&#8221; el_class=&#8221;accent-border-color&#8221; main_heading_typograpy=&#8221;&#8221; main_heading_font_family=&#8221;&#8221; margin_design_tab_text=&#8221;&#8221; main_heading_margin=&#8221;&#8221; sub_heading_typograpy=&#8221;&#8221; sub_heading_font_family=&#8221;&#8221; sub_heading_style=&#8221;&#8221; sub_heading_font_size=&#8221;&#8221; sub_heading_line_height=&#8221;&#8221; sub_heading_margin=&#8221;&#8221; spacer_img=&#8221;&#8221; css=&#8221;.vc_custom_1513853464156{padding-top: 5% !important;padding-bottom: 5% !important;}&#8221; bg_color_value=&#8221;#f4f4f4&#8243;][vc_column css=&#8221;.vc_custom_1535035158746{margin-top: -30px !important;margin-bottom: -40px !important;}&#8221;]<div id=\"ultimate-heading-146569f4e5d29c36f\" class=\"uvc-heading ult-adjust-bottom-margin ultimate-heading-146569f4e5d29c36f uvc-1734 accent-border-color\" data-hspacer=\"line_only\"  data-halign=\"left\" style=\"text-align:left\"><div class=\"uvc-main-heading ult-responsive\"  data-ultimate-target='.uvc-heading.ultimate-heading-146569f4e5d29c36f h2'  data-responsive-json-new='{\"font-size\":\"desktop:26px;\",\"line-height\":\"desktop:36px;\"}' ><h2 style=\"font-weight:bold;\">Des espaces d'activit\u00e9 physique pour toutes les g\u00e9n\u00e9rations<\/h2><\/div><div class=\"uvc-heading-spacer line_only\" style=\"margin-bottom:25px;height:4px;\"><span class=\"uvc-headings-line\" style=\"border-style:solid;border-bottom-width:4px;border-color:;width:50px;\"><\/span><\/div><\/div><div id=\"ultimate-heading-441469f4e5d29c3bd\" class=\"uvc-heading ult-adjust-bottom-margin ultimate-heading-441469f4e5d29c3bd uvc-7266 \" data-hspacer=\"no_spacer\"  data-halign=\"left\" style=\"text-align:left\"><div class=\"uvc-heading-spacer no_spacer\" style=\"top\"><\/div><div class=\"uvc-main-heading ult-responsive\"  data-ultimate-target='.uvc-heading.ultimate-heading-441469f4e5d29c3bd h2'  data-responsive-json-new='{\"font-size\":\"desktop:20px;\",\"line-height\":\"desktop:30px;\"}' ><h2 style=\"font-weight:bold;\">Guide pour la planification, la r\u00e9alisation et l'animation participatives d'espaces ext\u00e9rieurs r\u00e9unissant les g\u00e9n\u00e9rations<\/h2><\/div><\/div>[\/vc_column][\/vc_row][vc_row bg_type=&#8221;bg_color&#8221; bg_override=&#8221;ex-full&#8221; main_heading=&#8221;Stiftung in K\u00fcrze&#8221; main_heading_color=&#8221;&#8221; heading_tag=&#8221;h2&#8243; sub_heading_color=&#8221;&#8221; alignment=&#8221;left&#8221; spacer=&#8221;line_only&#8221; spacer_position=&#8221;middle&#8221; spacer_img_width=&#8221;48&#8243; line_style=&#8221;solid&#8221; line_height=&#8221;4&#8243; line_color=&#8221;&#8221; line_icon_fixer=&#8221;10&#8243; line_width=&#8221;50&#8243; spacer_margin=&#8221;margin-top:15px;margin-bottom:50px;&#8221; main_heading_style=&#8221;font-weight:bold;&#8221; main_heading_font_size=&#8221;desktop:26px;&#8221; main_heading_line_height=&#8221;desktop:36px;&#8221; el_class=&#8221;accent-border-color&#8221; main_heading_typograpy=&#8221;&#8221; main_heading_font_family=&#8221;&#8221; margin_design_tab_text=&#8221;&#8221; main_heading_margin=&#8221;&#8221; sub_heading_typograpy=&#8221;&#8221; sub_heading_font_family=&#8221;&#8221; sub_heading_style=&#8221;&#8221; sub_heading_font_size=&#8221;&#8221; sub_heading_line_height=&#8221;&#8221; sub_heading_margin=&#8221;&#8221; spacer_img=&#8221;&#8221; css=&#8221;.vc_custom_1513853464156{padding-top: 5% !important;padding-bottom: 5% !important;}&#8221; bg_color_value=&#8221;#f4f4f4&#8243;][vc_column width=&#8221;2\/3&#8243; css=&#8221;.vc_custom_1535035158746{margin-top: -30px !important;margin-bottom: -40px !important;}&#8221;]<div class=\"standard-arrow bullet-top\"><ul>\n<li>Comment un espace d&#8217;activit\u00e9 physique doit-il \u00eatre con\u00e7u pour que jeunes et moins jeunes fr\u00e9quentent le lieu de leur propre int\u00e9r\u00eat ?<\/li>\n<li>Comment favoriser une cohabitation en mouvement entre les g\u00e9n\u00e9rations ?<\/li>\n<li>Quels domaines une salle d&#8217;activit\u00e9 physique pour toutes les g\u00e9n\u00e9rations doit-elle couvrir ?<\/li>\n<li>Comment les enfants et les personnes \u00e2g\u00e9es peuvent-ils \u00eatre impliqu\u00e9s dans le processus ?<\/li>\n<li>Comment la participation peut-elle se poursuivre apr\u00e8s l&#8217;ouverture ?<\/li>\n<\/ul>\n<p>Le guide vous aide \u00e0 r\u00e9pondre \u00e0 ces questions et \u00e0 d&#8217;autres, il vous accompagne sur le chemin participatif vers un espace d&#8217;activit\u00e9 physique pour toutes les g\u00e9n\u00e9rations.<\/p>\n<\/div>[vc_empty_space]<div id=\"ultimate-heading-298769f4e5d29c46c\" class=\"uvc-heading ult-adjust-bottom-margin ultimate-heading-298769f4e5d29c46c uvc-5808 \" data-hspacer=\"no_spacer\"  data-halign=\"left\" style=\"text-align:left\"><div class=\"uvc-heading-spacer no_spacer\" style=\"top\"><\/div><div class=\"uvc-main-heading ult-responsive\"  data-ultimate-target='.uvc-heading.ultimate-heading-298769f4e5d29c46c h2'  data-responsive-json-new='{\"font-size\":\"desktop:20px;\",\"line-height\":\"desktop:30px;\"}' ><h2 style=\"font-weight:bold;\">T\u00e9l\u00e9chargement<\/h2><\/div><\/div>[vc_empty_space height=&#8221;16px&#8221;]<div class=\"standard-arrow bullet-top\"><ul>\n<li><a href=\"http:\/\/www.hopp-la.ch\/wp-content\/uploads\/2022\/07\/Leitfaden-Bewegungsraeume-fuer-alle-Generationen_final_2022.pdf\" target=\"_blank\" rel=\"noopener\">Guide des espaces d&#8217;activit\u00e9 physique pour toutes les g\u00e9n\u00e9rations (pdf)<\/a><\/li>\n<li><a href=\"http:\/\/www.hopp-la.ch\/wp-content\/uploads\/2022\/04\/Guide-espaces-proprices-a-lactivite-physique-pour-toutes-les-generations.pdf\" target=\"_blank\" rel=\"noopener\">Guide espaces proprices \u00e0 l&#8217;activit\u00e9 physique pour toutes les g\u00e9n\u00e9rations (pdf)<\/a><\/li>\n<li><a href=\"http:\/\/www.hopp-la.ch\/wp-content\/uploads\/2022\/04\/Guida-spazi-per-lattivita-fisica-per-tutte-le-generazioni.pdf\" target=\"_blank\" rel=\"noopener\">Guida lattivita fisica per tutte le generazioni (pdf)<\/a><\/li>\n<\/ul>\n<\/div>[vc_empty_space][\/vc_column][vc_column width=&#8221;1\/3&#8243;]<style type=\"text\/css\" data-type=\"the7_shortcodes-inline-css\">.shortcode-single-image-wrap.shortcode-single-image-00f2d6fa40739476f45fd347deb66b21.enable-bg-rollover .rollover i,\n.shortcode-single-image-wrap.shortcode-single-image-00f2d6fa40739476f45fd347deb66b21.enable-bg-rollover .rollover-video i {\n  background: -webkit-linear-gradient();\n  background: linear-gradient();\n}\n.shortcode-single-image-wrap.shortcode-single-image-00f2d6fa40739476f45fd347deb66b21 .rollover-icon {\n  font-size: 32px;\n  color: #ffffff;\n  min-width: 44px;\n  min-height: 44px;\n  line-height: 44px;\n  border-radius: 100px;\n  border-style: solid;\n  border-width: 0px;\n}\n.dt-icon-bg-on.shortcode-single-image-wrap.shortcode-single-image-00f2d6fa40739476f45fd347deb66b21 .rollover-icon {\n  background: rgba(255,255,255,0.3);\n  box-shadow: none;\n}<\/style><div class=\"shortcode-single-image-wrap shortcode-single-image-00f2d6fa40739476f45fd347deb66b21 alignnone  enable-bg-rollover dt-icon-bg-off\" style=\"margin-top:0px; margin-bottom:0px; margin-left:0px; margin-right:0px; width:300px;\"><div class=\"shortcode-single-image\"><div class=\"fancy-media-wrap  layzr-bg\" style=\"\"><img fetchpriority=\"high\" decoding=\"async\" class=\"preload-me lazy-load aspect\" src=\"data:image\/svg+xml,%3Csvg%20xmlns%3D&#39;http%3A%2F%2Fwww.w3.org%2F2000%2Fsvg&#39;%20viewBox%3D&#39;0%200%20300%20270&#39;%2F%3E\" data-src=\"https:\/\/www.hopp-la.ch\/wp-content\/uploads\/2022\/04\/Grafik-Raumkonzept-300x270.jpg\" data-srcset=\"https:\/\/www.hopp-la.ch\/wp-content\/uploads\/2022\/04\/Grafik-Raumkonzept-300x270.jpg 300w, https:\/\/www.hopp-la.ch\/wp-content\/uploads\/2022\/04\/Grafik-Raumkonzept-600x540.jpg 600w\" loading=\"eager\" sizes=\"(max-width: 300px) 100vw, 300px\" width=\"300\" height=\"270\"  data-dt-location=\"https:\/\/www.hopp-la.ch\/fr\/umsetzung\/infrastruktur\/grafik-raumkonzept\/\" style=\"--ratio: 300 \/ 270;\" alt=\"\" \/><\/div><\/div><\/div>[vc_column_text]<\/p>\n<p style=\"text-align: center;\">Conception sch\u00e9matique de l&#8217;espace<\/p>\n<p>[\/vc_column_text][\/vc_column][\/vc_row][vc_row bg_type=&#8221;bg_color&#8221; bg_override=&#8221;ex-full&#8221; main_heading=&#8221;Stiftung in K\u00fcrze&#8221; main_heading_color=&#8221;&#8221; heading_tag=&#8221;h2&#8243; sub_heading_color=&#8221;&#8221; alignment=&#8221;left&#8221; spacer=&#8221;line_only&#8221; spacer_position=&#8221;middle&#8221; spacer_img_width=&#8221;48&#8243; line_style=&#8221;solid&#8221; line_height=&#8221;4&#8243; line_color=&#8221;&#8221; line_icon_fixer=&#8221;10&#8243; line_width=&#8221;50&#8243; spacer_margin=&#8221;margin-top:15px;margin-bottom:50px;&#8221; main_heading_style=&#8221;font-weight:bold;&#8221; main_heading_font_size=&#8221;desktop:26px;&#8221; main_heading_line_height=&#8221;desktop:36px;&#8221; el_class=&#8221;accent-border-color&#8221; main_heading_typograpy=&#8221;&#8221; main_heading_font_family=&#8221;&#8221; margin_design_tab_text=&#8221;&#8221; main_heading_margin=&#8221;&#8221; sub_heading_typograpy=&#8221;&#8221; sub_heading_font_family=&#8221;&#8221; sub_heading_style=&#8221;&#8221; sub_heading_font_size=&#8221;&#8221; sub_heading_line_height=&#8221;&#8221; sub_heading_margin=&#8221;&#8221; spacer_img=&#8221;&#8221; css=&#8221;.vc_custom_1590752055536{padding-top: 5% !important;padding-bottom: 5% !important;background-color: #ffffff !important;}&#8221; bg_color_value=&#8221;#ffffff&#8221;][vc_column css=&#8221;.vc_custom_1535035158746{margin-top: -30px !important;margin-bottom: -40px !important;}&#8221;]<div id=\"ultimate-heading-391769f4e5d29de88\" class=\"uvc-heading ult-adjust-bottom-margin ultimate-heading-391769f4e5d29de88 uvc-2935 \" data-hspacer=\"no_spacer\"  data-halign=\"left\" style=\"text-align:left\"><div class=\"uvc-heading-spacer no_spacer\" style=\"top\"><\/div><div class=\"uvc-main-heading ult-responsive\"  data-ultimate-target='.uvc-heading.ultimate-heading-391769f4e5d29de88 h2'  data-responsive-json-new='{\"font-size\":\"desktop:20px;\",\"line-height\":\"desktop:30px;\"}' ><h2 style=\"font-weight:bold;\">Partenaire de coop\u00e9ration<\/h2><\/div><\/div>[\/vc_column][\/vc_row][vc_row bg_type=&#8221;bg_color&#8221; bg_override=&#8221;ex-full&#8221; main_heading=&#8221;Stiftung in K\u00fcrze&#8221; main_heading_color=&#8221;&#8221; heading_tag=&#8221;h2&#8243; sub_heading_color=&#8221;&#8221; alignment=&#8221;left&#8221; spacer=&#8221;line_only&#8221; spacer_position=&#8221;middle&#8221; spacer_img_width=&#8221;48&#8243; line_style=&#8221;solid&#8221; line_height=&#8221;4&#8243; line_color=&#8221;&#8221; line_icon_fixer=&#8221;10&#8243; line_width=&#8221;50&#8243; spacer_margin=&#8221;margin-top:15px;margin-bottom:50px;&#8221; main_heading_style=&#8221;font-weight:bold;&#8221; main_heading_font_size=&#8221;desktop:26px;&#8221; main_heading_line_height=&#8221;desktop:36px;&#8221; el_class=&#8221;accent-border-color&#8221; main_heading_typograpy=&#8221;&#8221; main_heading_font_family=&#8221;&#8221; margin_design_tab_text=&#8221;&#8221; main_heading_margin=&#8221;&#8221; sub_heading_typograpy=&#8221;&#8221; sub_heading_font_family=&#8221;&#8221; sub_heading_style=&#8221;&#8221; sub_heading_font_size=&#8221;&#8221; sub_heading_line_height=&#8221;&#8221; sub_heading_margin=&#8221;&#8221; spacer_img=&#8221;&#8221; css=&#8221;.vc_custom_1590752038554{padding-top: 5% !important;padding-bottom: 5% !important;}&#8221; bg_color_value=&#8221;#ffffff&#8221;][vc_column width=&#8221;1\/4&#8243; css=&#8221;.vc_custom_1535035158746{margin-top: -30px !important;margin-bottom: -40px !important;}&#8221;]<style type=\"text\/css\" data-type=\"the7_shortcodes-inline-css\">.shortcode-single-image-wrap.shortcode-single-image-623adce55826e7e4343a8e5e66c9e291.enable-bg-rollover .rollover i,\n.shortcode-single-image-wrap.shortcode-single-image-623adce55826e7e4343a8e5e66c9e291.enable-bg-rollover .rollover-video i {\n  background: -webkit-linear-gradient();\n  background: linear-gradient();\n}\n.shortcode-single-image-wrap.shortcode-single-image-623adce55826e7e4343a8e5e66c9e291 .rollover-icon {\n  font-size: 32px;\n  color: #ffffff;\n  min-width: 44px;\n  min-height: 44px;\n  line-height: 44px;\n  border-radius: 100px;\n  border-style: solid;\n  border-width: 0px;\n}\n.dt-icon-bg-on.shortcode-single-image-wrap.shortcode-single-image-623adce55826e7e4343a8e5e66c9e291 .rollover-icon {\n  background: rgba(255,255,255,0.3);\n  box-shadow: none;\n}<\/style><div class=\"shortcode-single-image-wrap shortcode-single-image-623adce55826e7e4343a8e5e66c9e291 alignnone  enable-bg-rollover dt-icon-bg-off\" style=\"margin-top:0px; margin-bottom:0px; margin-left:0px; margin-right:0px;\"><div class=\"shortcode-single-image\"><div class=\"fancy-media-wrap\" style=\"\"><a href=\"https:\/\/www.projuventute.ch\/de\" class=\" layzr-bg rollover\" style=\"\" target=\"_blank\" rel=\"noopener\" aria-label=\"Image\"><img decoding=\"async\" class=\"preload-me lazy-load aspect\" src=\"data:image\/svg+xml,%3Csvg%20xmlns%3D&#39;http%3A%2F%2Fwww.w3.org%2F2000%2Fsvg&#39;%20viewBox%3D&#39;0%200%20130%20130&#39;%2F%3E\" data-src=\"https:\/\/www.hopp-la.ch\/wp-content\/uploads\/2020\/03\/PJ_Logo_Sti_ge_CMYK-130x130.jpg\" data-srcset=\"https:\/\/www.hopp-la.ch\/wp-content\/uploads\/2020\/03\/PJ_Logo_Sti_ge_CMYK-130x130.jpg 130w, https:\/\/www.hopp-la.ch\/wp-content\/uploads\/2020\/03\/PJ_Logo_Sti_ge_CMYK-260x260.jpg 260w\" loading=\"eager\" style=\"--ratio: 130 \/ 130\" sizes=\"(max-width: 130px) 100vw, 130px\" width=\"130\" height=\"130\"  data-dt-location=\"https:\/\/www.hopp-la.ch\/fr\/parcours-alt\/einfaches-cmyk-3\/\" alt=\"\" \/><\/a><\/div><\/div><\/div>[\/vc_column][vc_column width=&#8221;1\/4&#8243;][\/vc_column][\/vc_row]<\/p>\n<\/div>","protected":false},"excerpt":{"rendered":"<p>[vc_row bg_type=&#8221;bg_color&#8221; bg_override=&#8221;ex-full&#8221; main_heading=&#8221;Stiftung in K\u00fcrze&#8221; main_heading_color=&#8221;&#8221; heading_tag=&#8221;h2&#8243; sub_heading_color=&#8221;&#8221; alignment=&#8221;left&#8221; spacer=&#8221;line_only&#8221; spacer_position=&#8221;middle&#8221; spacer_img_width=&#8221;48&#8243; line_style=&#8221;solid&#8221; line_height=&#8221;4&#8243; line_color=&#8221;&#8221; line_icon_fixer=&#8221;10&#8243; line_width=&#8221;50&#8243; spacer_margin=&#8221;margin-top:15px;margin-bottom:50px;&#8221; main_heading_style=&#8221;font-weight:bold;&#8221; main_heading_font_size=&#8221;desktop:26px;&#8221; main_heading_line_height=&#8221;desktop:36px;&#8221; el_class=&#8221;accent-border-color&#8221; main_heading_typograpy=&#8221;&#8221; main_heading_font_family=&#8221;&#8221; margin_design_tab_text=&#8221;&#8221; main_heading_margin=&#8221;&#8221; sub_heading_typograpy=&#8221;&#8221; sub_heading_font_family=&#8221;&#8221; sub_heading_style=&#8221;&#8221; sub_heading_font_size=&#8221;&#8221; sub_heading_line_height=&#8221;&#8221; sub_heading_margin=&#8221;&#8221; spacer_img=&#8221;&#8221; css=&#8221;.vc_custom_1513853464156{padding-top: 5% !important;padding-bottom: 5% !important;}&#8221; bg_color_value=&#8221;#f4f4f4&#8243;][vc_column css=&#8221;.vc_custom_1535035158746{margin-top: -30px !important;margin-bottom: -40px !important;}&#8221;][\/vc_column][\/vc_row][vc_row bg_type=&#8221;bg_color&#8221; bg_override=&#8221;ex-full&#8221; main_heading=&#8221;Stiftung in K\u00fcrze&#8221; main_heading_color=&#8221;&#8221; heading_tag=&#8221;h2&#8243; sub_heading_color=&#8221;&#8221; alignment=&#8221;left&#8221; spacer=&#8221;line_only&#8221;&hellip;<\/p>\n","protected":false},"author":3,"featured_media":7490,"parent":0,"menu_order":0,"comment_status":"closed","ping_status":"closed","template":"","meta":{"_monsterinsights_skip_tracking":false,"_monsterinsights_sitenote_active":false,"_monsterinsights_sitenote_note":"","_monsterinsights_sitenote_category":0,"footnotes":""},"class_list":["post-7941","page","type-page","status-publish","has-post-thumbnail","hentry","description-off"],"_links":{"self":[{"href":"https:\/\/www.hopp-la.ch\/fr\/wp-json\/wp\/v2\/pages\/7941","targetHints":{"allow":["GET"]}}],"collection":[{"href":"https:\/\/www.hopp-la.ch\/fr\/wp-json\/wp\/v2\/pages"}],"about":[{"href":"https:\/\/www.hopp-la.ch\/fr\/wp-json\/wp\/v2\/types\/page"}],"author":[{"embeddable":true,"href":"https:\/\/www.hopp-la.ch\/fr\/wp-json\/wp\/v2\/users\/3"}],"replies":[{"embeddable":true,"href":"https:\/\/www.hopp-la.ch\/fr\/wp-json\/wp\/v2\/comments?post=7941"}],"version-history":[{"count":11,"href":"https:\/\/www.hopp-la.ch\/fr\/wp-json\/wp\/v2\/pages\/7941\/revisions"}],"predecessor-version":[{"id":8406,"href":"https:\/\/www.hopp-la.ch\/fr\/wp-json\/wp\/v2\/pages\/7941\/revisions\/8406"}],"wp:featuredmedia":[{"embeddable":true,"href":"https:\/\/www.hopp-la.ch\/fr\/wp-json\/wp\/v2\/media\/7490"}],"wp:attachment":[{"href":"https:\/\/www.hopp-la.ch\/fr\/wp-json\/wp\/v2\/media?parent=7941"}],"curies":[{"name":"wp","href":"https:\/\/api.w.org\/{rel}","templated":true}]}}