{"id":7950,"date":"2021-12-04T13:57:47","date_gmt":"2021-12-04T13:57:47","guid":{"rendered":"https:\/\/www.hopp-la.ch\/nouvelle-page-daccueil\/"},"modified":"2023-06-13T07:06:57","modified_gmt":"2023-06-13T07:06:57","slug":"nouvelle-page-daccueil","status":"publish","type":"page","link":"https:\/\/www.hopp-la.ch\/fr\/nouvelle-page-daccueil\/","title":{"rendered":"Nouvelle page d&#8217;accueil"},"content":{"rendered":"<div class=\"wpb-content-wrapper\"><p>[vc_row][vc_column css=&#8221;.vc_custom_1522749197756{padding-top: 50px !important;}&#8221;]<div id=\"ultimate-heading-163369f5bf35e7b6b\" class=\"uvc-heading ult-adjust-bottom-margin ultimate-heading-163369f5bf35e7b6b uvc-5985 \" data-hspacer=\"line_only\"  data-halign=\"left\" style=\"text-align:left\"><div class=\"uvc-main-heading ult-responsive\"  data-ultimate-target='.uvc-heading.ultimate-heading-163369f5bf35e7b6b h2'  data-responsive-json-new='{\"font-size\":\"desktop:24px;\",\"line-height\":\"\"}' ><h2 style=\"font-family:&#039;Montserrat&#039;;font-weight:700;\">Hopp-la<\/h2><\/div><div class=\"uvc-sub-heading ult-responsive\"  data-ultimate-target='.uvc-heading.ultimate-heading-163369f5bf35e7b6b .uvc-sub-heading '  data-responsive-json-new='{\"font-size\":\"desktop:18px;\",\"line-height\":\"\"}'  style=\"font-family:&#039;Montserrat&#039;;font-weight:normal;\">Les g\u00e9n\u00e9rations en mouvement<\/div><div class=\"uvc-heading-spacer line_only\" style=\"margin-top:15px;margin-bottom:15px;height:4px;\"><span class=\"uvc-headings-line\" style=\"border-style:solid;border-bottom-width:4px;border-color:#95c11f;width:50px;\"><\/span><\/div><\/div>[vc_row_inner][vc_column_inner width=&#8221;2\/3&#8243;][vc_column_text]<strong>L&#8217;inactivit\u00e9<\/strong> chez les jeunes et les personnes \u00e2g\u00e9es, le probl\u00e8me des chutes qui en r\u00e9sulte et qui co\u00fbte des millions chaque ann\u00e9e, les <strong>changements d\u00e9mographiques<\/strong>, les <strong>relations entre les g\u00e9n\u00e9rations<\/strong>, l&#8217;\u00e9volution des conditions de vie<strong>(densification, isolement social<\/strong>, etc.) et l&#8217;utilisation des <strong>espaces libres<\/strong> &#8211; tous ces \u00e9l\u00e9ments sont des d\u00e9fis actuels, soci\u00e9taux et de sant\u00e9 publique, et constituent le contexte de la cr\u00e9ation de la fondation Hopp-la.<\/p>\n<p>En tant que <strong>centre de comp\u00e9tences<\/strong> national, la fondation contribue \u00e0 la diffusion et \u00e0 l&#8217;ancrage dans toute la Suisse <strong>de la promotion de l&#8217;activit\u00e9 physique et de la sant\u00e9 qui lie les g\u00e9n\u00e9rations<\/strong>. Elle sensibilise, habilite et conseille les acteurs de la soci\u00e9t\u00e9 civile, de l&#8217;administration et de la politique et soutient le travail en r\u00e9seau. Dans son engagement, elle mise sur l&#8217;am\u00e9nagement d&#8217;espaces sociaux et de vie adapt\u00e9s aux g\u00e9n\u00e9rations et favorables \u00e0 la sant\u00e9, ainsi que sur l&#8217;activit\u00e9 physique commune permettant l&#8217;\u00e9change entre les g\u00e9n\u00e9rations.[\/vc_column_text][\/vc_column_inner][vc_column_inner width=&#8221;1\/3&#8243;][vc_video link=&#8221;https:\/\/youtu.be\/2w8jL1ujPuQ&#8221;][vc_video link=&#8221;https:\/\/vimeo.com\/153491037&#8243;][\/vc_column_inner][vc_column_inner][\/vc_column_inner][vc_column_inner][\/vc_column_inner][vc_column_inner][\/vc_column_inner][vc_column_inner][\/vc_column_inner][vc_column_inner][\/vc_column_inner][vc_column_inner][\/vc_column_inner][vc_column_inner][\/vc_column_inner][\/vc_row_inner][\/vc_column][\/vc_row][vc_row content_placement=&#8221;middle&#8221; bg_type=&#8221;bg_color&#8221; bg_override=&#8221;ex-full&#8221; css=&#8221;.vc_custom_1558531998420{margin-top: 50px !important;}&#8221; bg_color_value=&#8221;#f4f4f4&#8243;][vc_column width=&#8221;2\/3&#8243; css=&#8221;.vc_custom_1527179397971{margin-bottom: 50px !important;}&#8221;]<div id=\"ultimate-heading-40369f5bf35e7bd5\" class=\"uvc-heading ult-adjust-bottom-margin ultimate-heading-40369f5bf35e7bd5 uvc-6981  uvc-heading-default-font-sizes\" data-hspacer=\"line_only\"  data-halign=\"left\" style=\"text-align:left\"><div class=\"uvc-main-heading ult-responsive\"  data-ultimate-target='.uvc-heading.ultimate-heading-40369f5bf35e7bd5 h2'  data-responsive-json-new='{\"font-size\":\"\",\"line-height\":\"\"}' ><h2 style=\"font-family:&#039;Montserrat&#039;;font-weight:700;\">Mise en \u0153uvre dans toute la Suisse<\/h2><\/div><div class=\"uvc-heading-spacer line_only\" style=\"margin-top:15px;margin-bottom:50px;height:4px;\"><span class=\"uvc-headings-line\" style=\"border-style:solid;border-bottom-width:4px;border-color:#95c11f;width:50px;\"><\/span><\/div><\/div><style type=\"text\/css\" data-type=\"the7_shortcodes-inline-css\">.shortcode-single-image-wrap.shortcode-single-image-d251ac29a4c71cc42d8a1620a2f5ae97.enable-bg-rollover .rollover i,\n.shortcode-single-image-wrap.shortcode-single-image-d251ac29a4c71cc42d8a1620a2f5ae97.enable-bg-rollover .rollover-video i {\n  background: -webkit-linear-gradient();\n  background: linear-gradient();\n}\n.shortcode-single-image-wrap.shortcode-single-image-d251ac29a4c71cc42d8a1620a2f5ae97 .rollover-icon {\n  font-size: 32px;\n  color: #ffffff;\n  min-width: 44px;\n  min-height: 44px;\n  line-height: 44px;\n  border-radius: 100px;\n  border-style: solid;\n  border-width: 0px;\n}\n.dt-icon-bg-on.shortcode-single-image-wrap.shortcode-single-image-d251ac29a4c71cc42d8a1620a2f5ae97 .rollover-icon {\n  background: rgba(255,255,255,0.3);\n  box-shadow: none;\n}<\/style><div class=\"shortcode-single-image-wrap shortcode-single-image-d251ac29a4c71cc42d8a1620a2f5ae97 alignnone  enable-bg-rollover dt-icon-bg-off\" style=\"margin-top:0px; margin-bottom:0px; margin-left:0px; margin-right:0px; width:500px;\"><div class=\"shortcode-single-image\"><div class=\"fancy-media-wrap\" style=\"\"><a class=\"layzr-bg rollover rollover-zoom dt-pswp-item pswp-image\" href=\"https:\/\/www.hopp-la.ch\/wp-content\/uploads\/2021\/07\/Karte-Multiplikationsstandorte-Stand-21_07.png\" title=\"Karte Multiplikationsstandorte Stand 21_07\" data-dt-img-description=\"\" data-large_image_width=\"6000\" data-large_image_height = \"4500\"  style=\"\"><img fetchpriority=\"high\" decoding=\"async\" class=\"preload-me lazy-load aspect\" src=\"data:image\/svg+xml,%3Csvg%20xmlns%3D&#39;http%3A%2F%2Fwww.w3.org%2F2000%2Fsvg&#39;%20viewBox%3D&#39;0%200%20500%20375&#39;%2F%3E\" data-src=\"https:\/\/www.hopp-la.ch\/wp-content\/uploads\/2021\/07\/Karte-Multiplikationsstandorte-Stand-21_07-500x375.png\" data-srcset=\"https:\/\/www.hopp-la.ch\/wp-content\/uploads\/2021\/07\/Karte-Multiplikationsstandorte-Stand-21_07-500x375.png 500w, https:\/\/www.hopp-la.ch\/wp-content\/uploads\/2021\/07\/Karte-Multiplikationsstandorte-Stand-21_07-1000x750.png 1000w\" loading=\"eager\" style=\"--ratio: 500 \/ 375\" sizes=\"(max-width: 500px) 100vw, 500px\" width=\"500\" height=\"375\"  data-dt-location=\"https:\/\/www.hopp-la.ch\/fr\/karte-multiplikationsstandorte-stand-21_07\/\" alt=\"\" \/><\/a><\/div><\/div><\/div>[\/vc_column][vc_column width=&#8221;1\/3&#8243;][vc_column_text]Depuis sa cr\u00e9ation en 2014, Hopp-la multiplie l&#8217;approche pionni\u00e8re dans les communes suisses et utilise pour cela son vaste r\u00e9seau interdisciplinaire. Les processus et les offres de la fondation ont \u00e9t\u00e9 valid\u00e9s scientifiquement par l&#8217;Universit\u00e9 de B\u00e2le. La fondation Hopp-la est financ\u00e9e par la fondation Beisheim, Promotion Sant\u00e9 Suisse, Asuera ainsi que par d&#8217;autres fondations et donateurs priv\u00e9s. Il existe en outre des conventions de prestations avec diff\u00e9rents cantons.[\/vc_column_text][\/vc_column][\/vc_row][vc_row el_id=&#8221;vimeobackend&#8221;][vc_column][vc_raw_html]PGRpdiBpZD0idmltZW8td3JhcHBlciI+PGRpdiBjbGFzcz0idmltZW8td3JhcHBlciI+CjxpZnJhbWUgc3JjPSJodHRwczovL3BsYXllci52aW1lby5jb20vdmlkZW8vNjUyNjI1ODk5P2g9NmY0MmI0YTkyZSZhbXA7YmFja2dyb3VuZD0xJmFtcDthdXRvcGxheT0xJmFtcDtsb29wPTEmYW1wO2J5bGluZT0wJmFtcDttdXRlZD0xJmFtcDt0aXRsZT0wIiB3ZWJraXRhbGxvd2Z1bGxzY3JlZW49IiIgbW96YWxsb3dmdWxsc2NyZWVuPSIiIGFsbG93ZnVsbHNjcmVlbj0iIiBkYXRhLXJlYWR5PSJ0cnVlIiBmcmFtZWJvcmRlcj0iMCI+PC9pZnJhbWU+CjwvZGl2PjwvZGl2PgoKPHNjcmlwdCBzcmM9Imh0dHBzOi8vcGxheWVyLnZpbWVvLmNvbS9hcGkvcGxheWVyLmpzIj48L3NjcmlwdD4=[\/vc_raw_html][vc_raw_js]JTNDc2NyaXB0JTNFJTIwJTIwZG9jdW1lbnQuZ2V0RWxlbWVudEJ5SWQlMjglMjdtYWluLXNsaWRlc2hvdyUyNyUyOS5pbm5lckhUTUwlMjAlM0QlMjBkb2N1bWVudC5nZXRFbGVtZW50QnlJZCUyOCUyN3ZpbWVvLXdyYXBwZXIlMjclMjkuaW5uZXJIVE1MJTNCJTIwJTNDJTJGc2NyaXB0JTNF[\/vc_raw_js][\/vc_column][\/vc_row]<\/p>\n<\/div>","protected":false},"excerpt":{"rendered":"<p>[vc_row][vc_column css=&#8221;.vc_custom_1522749197756{padding-top: 50px !important;}&#8221;][vc_row_inner][vc_column_inner width=&#8221;2\/3&#8243;][vc_column_text]L&#8217;inactivit\u00e9 chez les jeunes et les personnes \u00e2g\u00e9es, le probl\u00e8me des chutes qui en r\u00e9sulte et qui co\u00fbte des millions chaque ann\u00e9e, les changements d\u00e9mographiques, les relations entre les g\u00e9n\u00e9rations, l&#8217;\u00e9volution des conditions de vie(densification, isolement social, etc.) et l&#8217;utilisation des espaces libres &#8211; tous ces \u00e9l\u00e9ments sont des d\u00e9fis actuels,&hellip;<\/p>\n","protected":false},"author":3,"featured_media":7176,"parent":0,"menu_order":0,"comment_status":"closed","ping_status":"closed","template":"","meta":{"_monsterinsights_skip_tracking":false,"_monsterinsights_sitenote_active":false,"_monsterinsights_sitenote_note":"","_monsterinsights_sitenote_category":0,"footnotes":""},"class_list":["post-7950","page","type-page","status-publish","has-post-thumbnail","hentry","description-off"],"_links":{"self":[{"href":"https:\/\/www.hopp-la.ch\/fr\/wp-json\/wp\/v2\/pages\/7950","targetHints":{"allow":["GET"]}}],"collection":[{"href":"https:\/\/www.hopp-la.ch\/fr\/wp-json\/wp\/v2\/pages"}],"about":[{"href":"https:\/\/www.hopp-la.ch\/fr\/wp-json\/wp\/v2\/types\/page"}],"author":[{"embeddable":true,"href":"https:\/\/www.hopp-la.ch\/fr\/wp-json\/wp\/v2\/users\/3"}],"replies":[{"embeddable":true,"href":"https:\/\/www.hopp-la.ch\/fr\/wp-json\/wp\/v2\/comments?post=7950"}],"version-history":[{"count":7,"href":"https:\/\/www.hopp-la.ch\/fr\/wp-json\/wp\/v2\/pages\/7950\/revisions"}],"predecessor-version":[{"id":8484,"href":"https:\/\/www.hopp-la.ch\/fr\/wp-json\/wp\/v2\/pages\/7950\/revisions\/8484"}],"wp:featuredmedia":[{"embeddable":true,"href":"https:\/\/www.hopp-la.ch\/fr\/wp-json\/wp\/v2\/media\/7176"}],"wp:attachment":[{"href":"https:\/\/www.hopp-la.ch\/fr\/wp-json\/wp\/v2\/media?parent=7950"}],"curies":[{"name":"wp","href":"https:\/\/api.w.org\/{rel}","templated":true}]}}