{"id":7975,"date":"2021-12-06T15:29:53","date_gmt":"2021-12-06T15:29:53","guid":{"rendered":"https:\/\/www.hopp-la.ch\/dons\/"},"modified":"2023-06-12T09:21:05","modified_gmt":"2023-06-12T09:21:05","slug":"dons","status":"publish","type":"page","link":"https:\/\/www.hopp-la.ch\/fr\/dons\/","title":{"rendered":"Dons"},"content":{"rendered":"<div class=\"wpb-content-wrapper\"><p>[vc_row bg_type=&#8221;bg_color&#8221; bg_override=&#8221;ex-full&#8221; main_heading=&#8221;Stiftung in K\u00fcrze&#8221; main_heading_color=&#8221;&#8221; heading_tag=&#8221;h2&#8243; sub_heading_color=&#8221;&#8221; alignment=&#8221;left&#8221; spacer=&#8221;line_only&#8221; spacer_position=&#8221;middle&#8221; spacer_img_width=&#8221;48&#8243; line_style=&#8221;solid&#8221; line_height=&#8221;4&#8243; line_color=&#8221;&#8221; line_icon_fixer=&#8221;10&#8243; line_width=&#8221;50&#8243; spacer_margin=&#8221;margin-top:15px;margin-bottom:50px;&#8221; main_heading_style=&#8221;font-weight:bold;&#8221; main_heading_font_size=&#8221;desktop:26px;&#8221; main_heading_line_height=&#8221;desktop:36px;&#8221; el_class=&#8221;accent-border-color&#8221; main_heading_typograpy=&#8221;&#8221; main_heading_font_family=&#8221;&#8221; margin_design_tab_text=&#8221;&#8221; main_heading_margin=&#8221;&#8221; sub_heading_typograpy=&#8221;&#8221; sub_heading_font_family=&#8221;&#8221; sub_heading_style=&#8221;&#8221; sub_heading_font_size=&#8221;&#8221; sub_heading_line_height=&#8221;&#8221; sub_heading_margin=&#8221;&#8221; spacer_img=&#8221;&#8221; css=&#8221;.vc_custom_1513853464156{padding-top: 5% !important;padding-bottom: 5% !important;}&#8221; bg_color_value=&#8221;#f4f4f4&#8243;][vc_column css=&#8221;.vc_custom_1535035158746{margin-top: -30px !important;margin-bottom: -40px !important;}&#8221;]<div id=\"ultimate-heading-957569f7fe3fed138\" class=\"uvc-heading ult-adjust-bottom-margin ultimate-heading-957569f7fe3fed138 uvc-9290 accent-border-color\" data-hspacer=\"line_only\"  data-halign=\"left\" style=\"text-align:left\"><div class=\"uvc-main-heading ult-responsive\"  data-ultimate-target='.uvc-heading.ultimate-heading-957569f7fe3fed138 h2'  data-responsive-json-new='{\"font-size\":\"desktop:26px;\",\"line-height\":\"desktop:36px;\"}' ><h2 style=\"font-weight:bold;\">Dons<\/h2><\/div><div class=\"uvc-heading-spacer line_only\" style=\"margin-bottom:25px;height:4px;\"><span class=\"uvc-headings-line\" style=\"border-style:solid;border-bottom-width:4px;border-color:;width:50px;\"><\/span><\/div><\/div>[vc_empty_space height=&#8221;16px&#8221;]<div id=\"ultimate-heading-598269f7fe3fed1b2\" class=\"uvc-heading ult-adjust-bottom-margin ultimate-heading-598269f7fe3fed1b2 uvc-8912 \" data-hspacer=\"no_spacer\"  data-halign=\"left\" style=\"text-align:left\"><div class=\"uvc-heading-spacer no_spacer\" style=\"top\"><\/div><div class=\"uvc-main-heading ult-responsive\"  data-ultimate-target='.uvc-heading.ultimate-heading-598269f7fe3fed1b2 h6'  data-responsive-json-new='{\"font-size\":\"desktop:20px;\",\"line-height\":\"desktop:30px;\"}' ><h6 style=\"font-weight:bold;color:#95c11f;\">FAITES BOUGER LES CHOSES AVEC NOUS - Soutenez notre engagement pour une promotion de l'activit\u00e9 physique et de la sant\u00e9 interg\u00e9n\u00e9rationnelle<\/h6><\/div><\/div>[vc_empty_space height=&#8221;16px&#8221;][vc_column_text]Avec votre don, vous contribuez \u00e0 ce que le plus grand nombre possible de locaux dans les villes et communes suisses deviennent des lieux de rencontre et de mouvement joyeux et vivants pour toutes les g\u00e9n\u00e9rations. Ils permettent, avec Hopp-la Fit et Hopp-la Tandem, de proposer des cours d&#8217;activit\u00e9 physique qui r\u00e9unissent les g\u00e9n\u00e9rations et pour lesquels nous formons des personnes motiv\u00e9es dans toute la Suisse. En outre, la fondation effectue le travail scientifique de base n\u00e9cessaire et investit dans la recherche.[\/vc_column_text][vc_empty_space][\/vc_column][\/vc_row][vc_row bg_type=&#8221;bg_color&#8221; bg_override=&#8221;ex-full&#8221; main_heading=&#8221;Stiftung in K\u00fcrze&#8221; main_heading_color=&#8221;&#8221; heading_tag=&#8221;h2&#8243; sub_heading_color=&#8221;&#8221; alignment=&#8221;left&#8221; spacer=&#8221;line_only&#8221; spacer_position=&#8221;middle&#8221; spacer_img_width=&#8221;48&#8243; line_style=&#8221;solid&#8221; line_height=&#8221;4&#8243; line_color=&#8221;&#8221; line_icon_fixer=&#8221;10&#8243; line_width=&#8221;50&#8243; spacer_margin=&#8221;margin-top:15px;margin-bottom:50px;&#8221; main_heading_style=&#8221;font-weight:bold;&#8221; main_heading_font_size=&#8221;desktop:26px;&#8221; main_heading_line_height=&#8221;desktop:36px;&#8221; el_class=&#8221;accent-border-color&#8221; main_heading_typograpy=&#8221;&#8221; main_heading_font_family=&#8221;&#8221; margin_design_tab_text=&#8221;&#8221; main_heading_margin=&#8221;&#8221; sub_heading_typograpy=&#8221;&#8221; sub_heading_font_family=&#8221;&#8221; sub_heading_style=&#8221;&#8221; sub_heading_font_size=&#8221;&#8221; sub_heading_line_height=&#8221;&#8221; sub_heading_margin=&#8221;&#8221; spacer_img=&#8221;&#8221; css=&#8221;.vc_custom_1590752055536{padding-top: 5% !important;padding-bottom: 5% !important;background-color: #ffffff !important;}&#8221; bg_color_value=&#8221;#ffffff&#8221;][vc_column css=&#8221;.vc_custom_1535035158746{margin-top: -30px !important;margin-bottom: -40px !important;}&#8221;][vc_raw_js]JTNDZGl2JTIwY2xhc3MlM0QlMjJybnctd2lkZ2V0LWNvbnRhaW5lciUyMiUzRSUzQyUyRmRpdiUzRSUwQSUzQ3NjcmlwdCUyMHNyYyUzRCUyMmh0dHBzJTNBJTJGJTJGdGFtYXJvLnJhaXNlbm93LmNvbSUyRnN0aWZ0LWM5ZDclMkZsYXRlc3QlMkZ3aWRnZXQuanMlMjIlM0UlM0MlMkZzY3JpcHQlM0UlMjAlMjAlMEElM0NzY3JpcHQlM0UlMEElMEElMjB3aW5kb3cucm53LnRhbWFyby5ydW5XaWRnZXQlMjglMjcucm53LXdpZGdldC1jb250YWluZXIlMjclMkMlMjAlN0IlMEFhbW91bnRzJTNBJTIwJTVCJTBBJTIwJTIwJTIwJTIwJTdCJTBBJTIwJTIwJTIwJTIwJTIwJTIwJTIyaWYlMjIlM0ElMjAlMjJwYXltZW50VHlwZSUyOCUyOSUyMCUzRCUzRCUyMG9uZXRpbWUlMjIlMkMlMEElMjAlMjAlMjAlMjAlMjAlMjAlMjJ0aGVuJTIyJTNBJTIwJTVCMzAlMkM1MCUyQzEwMCUyQzIwMCU1RCUyQyUwQSUyMCUyMCUyMCUyMCU3RCUyQyUwQSUyMCUyMCU1RCUyQyUwQSUyMCUyMHNsb3RzJTNBJTIwJTdCJTBBJTIwJTIwJTIwJTIwJTIwJTIwcHJvZmlsZV9mb3JtXzMlM0ElMjAlNUIlN0IlMEElMjAlMjAlMjAlMjAlMjAlMjAlMjAlMjBjb21wb25lbnQlM0ElMjAlMjJmaWVsZCUyMiUyQyUwQSUyMCUyMCUyMCUyMCUyMCUyMCUyMCUyMHR5cGUlM0ElMjAlMjJ0ZXh0JTIyJTJDJTBBJTIwJTIwJTIwJTIwJTIwJTIwJTIwJTIwbmFtZSUzQSUyMCUyMnN0b3JlZF9jdXN0b21lcl9jb21wYW55X25hbWUlMjIlMkMlMEElMjAlMjAlMjAlMjAlMjAlMjAlMjAlMjBsYWJlbCUzQSUyMCUyMnBheW1lbnRfZm9ybS5zdG9yZWRfY3VzdG9tZXJfY29tcGFueV9uYW1lJTIyJTJDJTBBJTIwJTIwJTIwJTIwJTIwJTIwJTIwJTIwcGxhY2Vob2xkZXIlM0ElMjAlMjJwYXltZW50X2Zvcm0uc3RvcmVkX2N1c3RvbWVyX2NvbXBhbnlfbmFtZSUyMiUwQSUyMCUyMCUyMCUyMCUyMCUyMCU3RCUyQyU3QiUwQSUyMCUyMCUyMCUyMCUyMCUyMCUyMCUyMGNvbXBvbmVudCUzQSUyMCUyMmZpZWxkJTIyJTJDJTBBJTIwJTIwJTIwJTIwJTIwJTIwJTIwJTIwdHlwZSUzQSUyMCUyMnRleHQlMjIlMkMlMEElMjAlMjAlMjAlMjAlMjAlMjAlMjAlMjBuYW1lJTNBJTIwJTIyc3RvcmVkX2N1c3RvbWVyX2FkcmVzc2UlMjIlMkMlMEElMjAlMjAlMjAlMjAlMjAlMjAlMjAlMjBsYWJlbCUzQSUyMCUyMnBheW1lbnRfZm9ybS5zdG9yZWRfY3VzdG9tZXJfYWRyZXNzZSUyMiUyQyUwQSUyMCUyMCUyMCUyMCUyMCUyMCUyMCUyMHBsYWNlaG9sZGVyJTNBJTIwJTIycGF5bWVudF9mb3JtLnN0b3JlZF9jdXN0b21lcl9hZHJlc3NlJTIyJTBBJTIwJTIwJTIwJTIwJTIwJTIwJTdEJTJDJTdCJTBBJTIwJTIwJTIwJTIwJTIwJTIwJTIwJTIwY29tcG9uZW50JTNBJTIwJTIyZmllbGQlMjIlMkMlMEElMjAlMjAlMjAlMjAlMjAlMjAlMjAlMjB0eXBlJTNBJTIwJTIydGV4dCUyMiUyQyUwQSUyMCUyMCUyMCUyMCUyMCUyMCUyMCUyMG5hbWUlM0ElMjAlMjJzdG9yZWRfY3VzdG9tZXJfcGx6JTIyJTJDJTBBJTIwJTIwJTIwJTIwJTIwJTIwJTIwJTIwbGFiZWwlM0ElMjAlMjJwYXltZW50X2Zvcm0uc3RvcmVkX2N1c3RvbWVyX3BseiUyMiUyQyUwQSUyMCUyMCUyMCUyMCUyMCUyMCUyMCUyMHBsYWNlaG9sZGVyJTNBJTIwJTIycGF5bWVudF9mb3JtLnN0b3JlZF9jdXN0b21lcl9wbHolMjIlMEElMjAlMjAlMjAlMjAlMjAlMjAlN0QlMkMlN0IlMEElMjAlMjAlMjAlMjAlMjAlMjAlMjAlMjBjb21wb25lbnQlM0ElMjAlMjJmaWVsZCUyMiUyQyUwQSUyMCUyMCUyMCUyMCUyMCUyMCUyMCUyMHR5cGUlM0ElMjAlMjJ0ZXh0JTIyJTJDJTBBJTIwJTIwJTIwJTIwJTIwJTIwJTIwJTIwbmFtZSUzQSUyMCUyMnN0b3JlZF9jdXN0b21lcl9vcnQlMjIlMkMlMEElMjAlMjAlMjAlMjAlMjAlMjAlMjAlMjBsYWJlbCUzQSUyMCUyMnBheW1lbnRfZm9ybS5zdG9yZWRfY3VzdG9tZXJfb3J0JTIyJTJDJTBBJTIwJTIwJTIwJTIwJTIwJTIwJTIwJTIwcGxhY2Vob2xkZXIlM0ElMjAlMjJwYXltZW50X2Zvcm0uc3RvcmVkX2N1c3RvbWVyX29ydCUyMiUwQSUyMCUyMCUyMCUyMCUyMCUyMCU3RCU1RCUwQSUyMCUyMCUyMCUyMCU3RCUyQyUwQSUyMCUyMCUyMCUyMHBheW1lbnRGb3JtUHJlZmlsbCUzQSUyMCU3QiUwQSUyMCUyMCUyMCUyMCUyMCUyMCUyMCUyMHN0b3JlZF9jdXN0b21lcl9jb21wYW55X25hbWUlM0ElMjBudWxsJTJDJTBBJTIwJTIwJTIwJTIwJTIwJTIwJTIwJTIwJTIwJTIwc3RvcmVkX2N1c3RvbWVyX2FkcmVzc2UlM0ElMjBudWxsJTJDJTBBJTIwJTIwJTIwJTIwJTIwJTIwJTIwJTIwJTIwJTIwc3RvcmVkX2N1c3RvbWVyX3BseiUzQSUyMG51bGwlMkMlMEElMjAlMjAlMjAlMjAlMjAlMjAlMjAlMjAlMjAlMjBzdG9yZWRfY3VzdG9tZXJfb3J0JTNBJTIwbnVsbCUyQyUwQSUyMCUyMCU3RCUyMCUyQyUwQSUyMCUyMHRyYW5zbGF0aW9ucyUzQSUyMCU3QiUwQSUyMCUyMCUyMCUyMCUyMCUyMGRlJTNBJTIwJTdCJTBBJTIwJTIwJTIwJTIwJTIwJTIwJTIwJTIwcGF5bWVudF9mb3JtJTNBJTIwJTdCJTBBJTIwJTIwJTIwJTIwJTIwJTIwJTIwJTIwJTIwJTIwc3RvcmVkX2N1c3RvbWVyX2NvbXBhbnlfbmFtZSUzQSUyMCUyN09yZ2FuaXNhdGlvbiUyNyUyQyUwQSUyMCUyMCUyMCUyMCUyMCUyMCUyMCUyMCUyMCUyMHN0b3JlZF9jdXN0b21lcl9hZHJlc3NlJTNBJTIwJTI3U3RyYXNzZSUyQyUyME5yLiUyNyUyQyUwQSUyMCUyMCUyMCUyMCUyMCUyMCUyMCUyMCUyMCUyMHN0b3JlZF9jdXN0b21lcl9wbHolM0ElMjAlMjdQbHolMjclMkMlMEElMjAlMjAlMjAlMjAlMjAlMjAlMjAlMjAlMjAlMjBzdG9yZWRfY3VzdG9tZXJfb3J0JTNBJTIwJTI3T3J0JTI3JTJDJTBBJTBBJTIwJTIwJTIwJTIwJTIwJTIwJTIwJTIwJTdEJTJDJTBBJTIwJTIwJTIwJTIwJTIwJTIwJTdEJTJDJTBBJTIwJTIwJTIwJTIwJTdEJTJDJTBBbGFuZ3VhZ2UlM0ElMjAlMjdkZSUyNyUyQyUwQSU3RCUyOSUzQyUyRnNjcmlwdCUzRQ==[\/vc_raw_js][\/vc_column][\/vc_row][vc_row bg_type=&#8221;bg_color&#8221; bg_override=&#8221;ex-full&#8221; main_heading=&#8221;Stiftung in K\u00fcrze&#8221; main_heading_color=&#8221;&#8221; heading_tag=&#8221;h2&#8243; sub_heading_color=&#8221;&#8221; alignment=&#8221;left&#8221; spacer=&#8221;line_only&#8221; spacer_position=&#8221;middle&#8221; spacer_img_width=&#8221;48&#8243; line_style=&#8221;solid&#8221; line_height=&#8221;4&#8243; line_color=&#8221;&#8221; line_icon_fixer=&#8221;10&#8243; line_width=&#8221;50&#8243; spacer_margin=&#8221;margin-top:15px;margin-bottom:50px;&#8221; main_heading_style=&#8221;font-weight:bold;&#8221; main_heading_font_size=&#8221;desktop:26px;&#8221; main_heading_line_height=&#8221;desktop:36px;&#8221; el_class=&#8221;accent-border-color&#8221; main_heading_typograpy=&#8221;&#8221; main_heading_font_family=&#8221;&#8221; margin_design_tab_text=&#8221;&#8221; main_heading_margin=&#8221;&#8221; sub_heading_typograpy=&#8221;&#8221; sub_heading_font_family=&#8221;&#8221; sub_heading_style=&#8221;&#8221; sub_heading_font_size=&#8221;&#8221; sub_heading_line_height=&#8221;&#8221; sub_heading_margin=&#8221;&#8221; spacer_img=&#8221;&#8221; css=&#8221;.vc_custom_1590752055536{padding-top: 5% !important;padding-bottom: 5% !important;background-color: #ffffff !important;}&#8221; bg_color_value=&#8221;#ffffff&#8221;][vc_column css=&#8221;.vc_custom_1535035158746{margin-top: -30px !important;margin-bottom: -40px !important;}&#8221;]<div id=\"ultimate-heading-685269f7fe3fed211\" class=\"uvc-heading ult-adjust-bottom-margin ultimate-heading-685269f7fe3fed211 uvc-6003 \" data-hspacer=\"no_spacer\"  data-halign=\"left\" style=\"text-align:left\"><div class=\"uvc-heading-spacer no_spacer\" style=\"top\"><\/div><div class=\"uvc-main-heading ult-responsive\"  data-ultimate-target='.uvc-heading.ultimate-heading-685269f7fe3fed211 h2'  data-responsive-json-new='{\"font-size\":\"desktop:20px;\",\"line-height\":\"desktop:30px;\"}' ><h2 style=\"font-weight:bold;\">Coordonn\u00e9es bancaires<\/h2><\/div><\/div>[vc_empty_space height=&#8221;16px&#8221;][vc_column_text]Credit Suisse AG<br \/>\nFondation Hopp-la, Zurich<\/p>\n<p><strong>Num\u00e9ro de compte :<\/strong> 2530376-71<br \/>\n<strong>IBAN :<\/strong> CH91 0483 5253 0376 7100 2<br \/>\n<strong>BC :<\/strong> 4835<br \/>\n<strong>BIC\/SWIFT :<\/strong> CRESCHZZ80A[\/vc_column_text][\/vc_column][\/vc_row]<\/p>\n<\/div>","protected":false},"excerpt":{"rendered":"<p>[vc_row bg_type=&#8221;bg_color&#8221; bg_override=&#8221;ex-full&#8221; main_heading=&#8221;Stiftung in K\u00fcrze&#8221; main_heading_color=&#8221;&#8221; heading_tag=&#8221;h2&#8243; sub_heading_color=&#8221;&#8221; alignment=&#8221;left&#8221; spacer=&#8221;line_only&#8221; spacer_position=&#8221;middle&#8221; spacer_img_width=&#8221;48&#8243; line_style=&#8221;solid&#8221; line_height=&#8221;4&#8243; line_color=&#8221;&#8221; line_icon_fixer=&#8221;10&#8243; line_width=&#8221;50&#8243; spacer_margin=&#8221;margin-top:15px;margin-bottom:50px;&#8221; main_heading_style=&#8221;font-weight:bold;&#8221; main_heading_font_size=&#8221;desktop:26px;&#8221; main_heading_line_height=&#8221;desktop:36px;&#8221; el_class=&#8221;accent-border-color&#8221; main_heading_typograpy=&#8221;&#8221; main_heading_font_family=&#8221;&#8221; margin_design_tab_text=&#8221;&#8221; main_heading_margin=&#8221;&#8221; sub_heading_typograpy=&#8221;&#8221; sub_heading_font_family=&#8221;&#8221; sub_heading_style=&#8221;&#8221; sub_heading_font_size=&#8221;&#8221; sub_heading_line_height=&#8221;&#8221; sub_heading_margin=&#8221;&#8221; spacer_img=&#8221;&#8221; css=&#8221;.vc_custom_1513853464156{padding-top: 5% !important;padding-bottom: 5% !important;}&#8221; bg_color_value=&#8221;#f4f4f4&#8243;][vc_column css=&#8221;.vc_custom_1535035158746{margin-top: -30px !important;margin-bottom: -40px !important;}&#8221;][vc_empty_space height=&#8221;16px&#8221;][vc_empty_space height=&#8221;16px&#8221;][vc_column_text]Avec votre don, vous contribuez \u00e0 ce que le&hellip;<\/p>\n","protected":false},"author":3,"featured_media":7490,"parent":0,"menu_order":0,"comment_status":"closed","ping_status":"closed","template":"","meta":{"_monsterinsights_skip_tracking":false,"_monsterinsights_sitenote_active":false,"_monsterinsights_sitenote_note":"","_monsterinsights_sitenote_category":0,"footnotes":""},"class_list":["post-7975","page","type-page","status-publish","has-post-thumbnail","hentry","description-off"],"_links":{"self":[{"href":"https:\/\/www.hopp-la.ch\/fr\/wp-json\/wp\/v2\/pages\/7975","targetHints":{"allow":["GET"]}}],"collection":[{"href":"https:\/\/www.hopp-la.ch\/fr\/wp-json\/wp\/v2\/pages"}],"about":[{"href":"https:\/\/www.hopp-la.ch\/fr\/wp-json\/wp\/v2\/types\/page"}],"author":[{"embeddable":true,"href":"https:\/\/www.hopp-la.ch\/fr\/wp-json\/wp\/v2\/users\/3"}],"replies":[{"embeddable":true,"href":"https:\/\/www.hopp-la.ch\/fr\/wp-json\/wp\/v2\/comments?post=7975"}],"version-history":[{"count":4,"href":"https:\/\/www.hopp-la.ch\/fr\/wp-json\/wp\/v2\/pages\/7975\/revisions"}],"predecessor-version":[{"id":8412,"href":"https:\/\/www.hopp-la.ch\/fr\/wp-json\/wp\/v2\/pages\/7975\/revisions\/8412"}],"wp:featuredmedia":[{"embeddable":true,"href":"https:\/\/www.hopp-la.ch\/fr\/wp-json\/wp\/v2\/media\/7490"}],"wp:attachment":[{"href":"https:\/\/www.hopp-la.ch\/fr\/wp-json\/wp\/v2\/media?parent=7975"}],"curies":[{"name":"wp","href":"https:\/\/api.w.org\/{rel}","templated":true}]}}