{"id":8321,"date":"2018-03-02T16:20:55","date_gmt":"2018-03-02T16:20:55","guid":{"rendered":"https:\/\/www.hopp-la.ch\/concept\/"},"modified":"2023-06-12T14:34:36","modified_gmt":"2023-06-12T14:34:36","slug":"concept","status":"publish","type":"page","link":"https:\/\/www.hopp-la.ch\/fr\/concept\/","title":{"rendered":"Concept"},"content":{"rendered":"<div class=\"wpb-content-wrapper\"><p>[vc_row bg_type=&#8221;bg_color&#8221; bg_override=&#8221;ex-full&#8221; bg_color_value=&#8221;#f4f4f4&#8243; css=&#8221;.vc_custom_1520348413323{padding-top: 50px !important;padding-bottom: 50px !important;}&#8221;][vc_column]<div id=\"ultimate-heading-179069f6c859be55f\" class=\"uvc-heading ult-adjust-bottom-margin ultimate-heading-179069f6c859be55f uvc-6829 accent-border-color\" data-hspacer=\"line_only\"  data-halign=\"left\" style=\"text-align:left\"><div class=\"uvc-main-heading ult-responsive\"  data-ultimate-target='.uvc-heading.ultimate-heading-179069f6c859be55f h2'  data-responsive-json-new='{\"font-size\":\"desktop:26px;\",\"line-height\":\"desktop:36px;\"}' ><h2 style=\"font-weight:bold;\">Concept<\/h2><\/div><div class=\"uvc-heading-spacer line_only\" style=\"margin-top:15px;margin-bottom:50px;height:4px;\"><span class=\"uvc-headings-line\" style=\"border-style:solid;border-bottom-width:4px;border-color:;width:50px;\"><\/span><\/div><\/div>[vc_row_inner][vc_column_inner width=&#8221;2\/3&#8243;][vc_column_text]L&#8217;approche interg\u00e9n\u00e9rationnelle d\u00e9velopp\u00e9e par la fondation Hopp-la en coop\u00e9ration avec le D\u00e9partement du sport, de l&#8217;activit\u00e9 physique et de la sant\u00e9 de l&#8217;Universit\u00e9 de B\u00e2le cr\u00e9e de nouvelles dimensions d&#8217;impact dans le domaine de la promotion de l&#8217;activit\u00e9 physique et de la sant\u00e9 chez les personnes \u00e2g\u00e9es et chez les enfants :[\/vc_column_text]<div class=\"standard-arrow list-divider bullet-top\"><p><strong>Am\u00e9lioration de la sant\u00e9 physique et mentale et du bien-\u00eatre social<\/strong><\/p>\n<ul>\n<li>Am\u00e9lioration de la qualit\u00e9 de vie<\/li>\n<\/ul>\n<p>&nbsp;<\/p>\n<p><strong>Am\u00e9lioration des performances physiques<\/strong><\/p>\n<ul>\n<li>R\u00e9duction du risque de chute chez les enfants et les personnes \u00e2g\u00e9es<\/li>\n<li>Augmentation de la mobilit\u00e9 et de l&#8217;autonomie des personnes \u00e2g\u00e9es<\/li>\n<li>D\u00e9veloppement positif de l&#8217;enfant<\/li>\n<\/ul>\n<p>&nbsp;<\/p>\n<p><strong>Influence positive sur les relations interg\u00e9n\u00e9rationnelles<\/strong><\/p>\n<ul>\n<li>Cr\u00e9er une valeur ajout\u00e9e sociale<\/li>\n<\/ul>\n<\/div>[\/vc_column_inner][vc_column_inner width=&#8221;1\/3&#8243;][vc_column_text el_class=&#8221;quote&#8221;]&#8221;<strong>J&#8217;ai pu faire quelque chose pour ma sant\u00e9 et me faire de nouveaux amis<\/strong>&#8220;<strong>.<br \/>\n<\/strong>Maria, participante au cours Hopp-la Fit<\/p>\n<p>&nbsp;<\/p>\n<p><strong>&#8220;Hopp-la Fit a aussi un effet positif sur mon bien-\u00eatre en dehors des cours&#8221;.<\/strong><br \/>\nBruno, participant au cours Hopp-la Fit<\/p>\n<p>&nbsp;<\/p>\n<p><strong>&#8220;Je me sens en forme apr\u00e8s le cours&#8221;.<\/strong><br \/>\nHans, participant au cours Hopp-la Fit<\/p>\n<p>&nbsp;<\/p>\n<p><strong>&#8220;L&#8217;interaction avec les enfants est une \u00e9norme valeur ajout\u00e9e pour les r\u00e9sidents&#8221;.<\/strong><br \/>\nAssistante de maison de retraite et de soins \u00e0 Hopp-la Tandem<\/p>\n<p>&nbsp;<\/p>\n<p><strong>&#8220;Le projet tandem a sensibilis\u00e9 mon enfant et lui a montr\u00e9 l&#8217;importance de la cohabitation&#8221;.<\/strong><br \/>\nR\u00e9action des parents des enfants[\/vc_column_text][\/vc_column_inner][\/vc_row_inner][\/vc_column][\/vc_row][vc_row css=&#8221;.vc_custom_1520348420783{padding-top: 50px !important;padding-bottom: 50px !important;}&#8221;][vc_column]<div id=\"ultimate-heading-222969f6c859be709\" class=\"uvc-heading ult-adjust-bottom-margin ultimate-heading-222969f6c859be709 uvc-7354 accent-border-color\" data-hspacer=\"line_only\"  data-halign=\"left\" style=\"text-align:left\"><div class=\"uvc-main-heading ult-responsive\"  data-ultimate-target='.uvc-heading.ultimate-heading-222969f6c859be709 h2'  data-responsive-json-new='{\"font-size\":\"desktop:26px;\",\"line-height\":\"desktop:36px;\"}' ><h2 style=\"font-weight:bold;\"> Pr\u00e9vention comportementale et relationnelle<\/h2><\/div><div class=\"uvc-heading-spacer line_only\" style=\"margin-top:15px;margin-bottom:50px;height:4px;\"><span class=\"uvc-headings-line\" style=\"border-style:solid;border-bottom-width:4px;border-color:;width:50px;\"><\/span><\/div><\/div>[vc_row_inner][vc_column_inner width=&#8221;2\/3&#8243;][vc_column_text]Dans le domaine de la pr\u00e9vention situationnelle, la fondation s&#8217;engage pour la cr\u00e9ation d&#8217;espaces d&#8217;activit\u00e9 physique et de rencontre adapt\u00e9s aux diff\u00e9rentes g\u00e9n\u00e9rations. Au niveau de la pr\u00e9vention comportementale, il s&#8217;agit de sensibiliser la population et les acteurs des diff\u00e9rents settings \u00e0 une culture interg\u00e9n\u00e9rationnelle de l&#8217;activit\u00e9 physique. Pour ce faire, diff\u00e9rentes offres interg\u00e9n\u00e9rationnelles d&#8217;activit\u00e9 physique et de rencontre ont \u00e9t\u00e9 d\u00e9velopp\u00e9es \u00e0 titre d&#8217;exemple, qui encouragent l&#8217;activit\u00e9 physique commune et l&#8217;\u00e9change entre les g\u00e9n\u00e9rations. La combinaison de mesures relationnelles et comportementales (infrastructure et activit\u00e9s d&#8217;accompagnement) est d&#8217;une grande importance pour une promotion interg\u00e9n\u00e9rationnelle durable de l&#8217;activit\u00e9 physique et de la sant\u00e9.[\/vc_column_text][\/vc_column_inner][vc_column_inner width=&#8221;1\/3&#8243;]<style type=\"text\/css\" data-type=\"the7_shortcodes-inline-css\">.shortcode-single-image-wrap.shortcode-single-image-c76a2ef424687296deece88a53198828.enable-bg-rollover .rollover i,\n.shortcode-single-image-wrap.shortcode-single-image-c76a2ef424687296deece88a53198828.enable-bg-rollover .rollover-video i {\n  background: -webkit-linear-gradient();\n  background: linear-gradient();\n}\n.shortcode-single-image-wrap.shortcode-single-image-c76a2ef424687296deece88a53198828 .rollover-icon {\n  font-size: 32px;\n  color: #ffffff;\n  min-width: 44px;\n  min-height: 44px;\n  line-height: 44px;\n  border-radius: 100px;\n  border-style: solid;\n  border-width: 0px;\n}\n.dt-icon-bg-on.shortcode-single-image-wrap.shortcode-single-image-c76a2ef424687296deece88a53198828 .rollover-icon {\n  background: rgba(255,255,255,0.3);\n  box-shadow: none;\n}<\/style><div class=\"shortcode-single-image-wrap shortcode-single-image-c76a2ef424687296deece88a53198828 alignnone  enable-bg-rollover dt-icon-bg-off\" style=\"margin-top:0px; margin-bottom:0px; margin-left:0px; margin-right:0px; width:500px;\"><div class=\"shortcode-single-image\"><div class=\"fancy-media-wrap\" style=\"\"><a class=\"layzr-bg rollover rollover-zoom dt-pswp-item pswp-image\" href=\"https:\/\/www.hopp-la.ch\/wp-content\/uploads\/2018\/02\/Hopp-la_intergenerativ_Phil-01.png\" title=\"Hopp-la_intergenerativ_Phil-01\" data-dt-img-description=\"\" data-large_image_width=\"1080\" data-large_image_height = \"349\"  style=\"\"><img fetchpriority=\"high\" decoding=\"async\" class=\"preload-me lazy-load aspect\" src=\"data:image\/svg+xml,%3Csvg%20xmlns%3D&#39;http%3A%2F%2Fwww.w3.org%2F2000%2Fsvg&#39;%20viewBox%3D&#39;0%200%20500%20161&#39;%2F%3E\" data-src=\"https:\/\/www.hopp-la.ch\/wp-content\/uploads\/2018\/02\/Hopp-la_intergenerativ_Phil-01-500x161.png\" data-srcset=\"https:\/\/www.hopp-la.ch\/wp-content\/uploads\/2018\/02\/Hopp-la_intergenerativ_Phil-01-500x161.png 500w, https:\/\/www.hopp-la.ch\/wp-content\/uploads\/2018\/02\/Hopp-la_intergenerativ_Phil-01-1000x322.png 1000w\" loading=\"eager\" style=\"--ratio: 500 \/ 161\" sizes=\"(max-width: 500px) 100vw, 500px\" width=\"500\" height=\"161\"  data-dt-location=\"https:\/\/www.hopp-la.ch\/fr\/stiftung\/hopp-la_intergenerativ_phil-01\/\" alt=\"\" \/><\/a><\/div><\/div><\/div>[vc_column_text css=&#8221;.vc_custom_1520592063289{margin-bottom: 25px !important;}&#8221;]<\/p>\n<p style=\"text-align: center;\"><em>Cliquer sur le graphique pour l&#8217;agrandir<\/em><\/p>\n<p>[\/vc_column_text][\/vc_column_inner][\/vc_row_inner][\/vc_column][\/vc_row]<\/p>\n<\/div>","protected":false},"excerpt":{"rendered":"<p>[vc_row bg_type=&#8221;bg_color&#8221; bg_override=&#8221;ex-full&#8221; bg_color_value=&#8221;#f4f4f4&#8243; css=&#8221;.vc_custom_1520348413323{padding-top: 50px !important;padding-bottom: 50px !important;}&#8221;][vc_column][vc_row_inner][vc_column_inner width=&#8221;2\/3&#8243;][vc_column_text]L&#8217;approche interg\u00e9n\u00e9rationnelle d\u00e9velopp\u00e9e par la fondation Hopp-la en coop\u00e9ration avec le D\u00e9partement du sport, de l&#8217;activit\u00e9 physique et de la sant\u00e9 de l&#8217;Universit\u00e9 de B\u00e2le cr\u00e9e de nouvelles dimensions d&#8217;impact dans le domaine de la promotion de l&#8217;activit\u00e9 physique et de la sant\u00e9 chez les personnes&hellip;<\/p>\n","protected":false},"author":1,"featured_media":0,"parent":0,"menu_order":0,"comment_status":"closed","ping_status":"closed","template":"","meta":{"_monsterinsights_skip_tracking":false,"_monsterinsights_sitenote_active":false,"_monsterinsights_sitenote_note":"","_monsterinsights_sitenote_category":0,"footnotes":""},"class_list":["post-8321","page","type-page","status-publish","hentry","description-off"],"_links":{"self":[{"href":"https:\/\/www.hopp-la.ch\/fr\/wp-json\/wp\/v2\/pages\/8321","targetHints":{"allow":["GET"]}}],"collection":[{"href":"https:\/\/www.hopp-la.ch\/fr\/wp-json\/wp\/v2\/pages"}],"about":[{"href":"https:\/\/www.hopp-la.ch\/fr\/wp-json\/wp\/v2\/types\/page"}],"author":[{"embeddable":true,"href":"https:\/\/www.hopp-la.ch\/fr\/wp-json\/wp\/v2\/users\/1"}],"replies":[{"embeddable":true,"href":"https:\/\/www.hopp-la.ch\/fr\/wp-json\/wp\/v2\/comments?post=8321"}],"version-history":[{"count":4,"href":"https:\/\/www.hopp-la.ch\/fr\/wp-json\/wp\/v2\/pages\/8321\/revisions"}],"predecessor-version":[{"id":8461,"href":"https:\/\/www.hopp-la.ch\/fr\/wp-json\/wp\/v2\/pages\/8321\/revisions\/8461"}],"wp:attachment":[{"href":"https:\/\/www.hopp-la.ch\/fr\/wp-json\/wp\/v2\/media?parent=8321"}],"curies":[{"name":"wp","href":"https:\/\/api.w.org\/{rel}","templated":true}]}}