{"id":9058,"date":"2023-08-14T06:04:57","date_gmt":"2023-08-14T06:04:57","guid":{"rendered":"https:\/\/www.hopp-la.ch\/offres-nouveau-202308\/"},"modified":"2023-09-18T06:55:05","modified_gmt":"2023-09-18T06:55:05","slug":"offres","status":"publish","type":"page","link":"https:\/\/www.hopp-la.ch\/fr\/offres\/","title":{"rendered":"Offres"},"content":{"rendered":"<div class=\"wpb-content-wrapper\"><p>[vc_row][vc_column][vc_column_text]Cette page n&#8217;est qu&#8217;un espace r\u00e9serv\u00e9 pour l&#8217;\u00e9l\u00e9ment de menu sup\u00e9rieur plus tard. Aucun contenu n&#8217;est requis[\/vc_column_text][\/vc_column][\/vc_row][vc_row][vc_column][\/vc_column][\/vc_row]<\/p>\n<\/div>","protected":false},"excerpt":{"rendered":"<p>[vc_row][vc_column][vc_column_text]Cette page n&#8217;est qu&#8217;un espace r\u00e9serv\u00e9 pour l&#8217;\u00e9l\u00e9ment de menu sup\u00e9rieur plus tard. Aucun contenu n&#8217;est requis[\/vc_column_text][\/vc_column][\/vc_row][vc_row][vc_column][\/vc_column][\/vc_row]<\/p>\n","protected":false},"author":5,"featured_media":0,"parent":0,"menu_order":0,"comment_status":"closed","ping_status":"closed","template":"","meta":{"_monsterinsights_skip_tracking":false,"_monsterinsights_sitenote_active":false,"_monsterinsights_sitenote_note":"","_monsterinsights_sitenote_category":0,"footnotes":""},"class_list":["post-9058","page","type-page","status-publish","hentry","description-off"],"_links":{"self":[{"href":"https:\/\/www.hopp-la.ch\/fr\/wp-json\/wp\/v2\/pages\/9058","targetHints":{"allow":["GET"]}}],"collection":[{"href":"https:\/\/www.hopp-la.ch\/fr\/wp-json\/wp\/v2\/pages"}],"about":[{"href":"https:\/\/www.hopp-la.ch\/fr\/wp-json\/wp\/v2\/types\/page"}],"author":[{"embeddable":true,"href":"https:\/\/www.hopp-la.ch\/fr\/wp-json\/wp\/v2\/users\/5"}],"replies":[{"embeddable":true,"href":"https:\/\/www.hopp-la.ch\/fr\/wp-json\/wp\/v2\/comments?post=9058"}],"version-history":[{"count":8,"href":"https:\/\/www.hopp-la.ch\/fr\/wp-json\/wp\/v2\/pages\/9058\/revisions"}],"predecessor-version":[{"id":9245,"href":"https:\/\/www.hopp-la.ch\/fr\/wp-json\/wp\/v2\/pages\/9058\/revisions\/9245"}],"wp:attachment":[{"href":"https:\/\/www.hopp-la.ch\/fr\/wp-json\/wp\/v2\/media?parent=9058"}],"curies":[{"name":"wp","href":"https:\/\/api.w.org\/{rel}","templated":true}]}}