{"id":9070,"date":"2023-08-14T06:21:42","date_gmt":"2023-08-14T06:21:42","guid":{"rendered":"https:\/\/www.hopp-la.ch\/offres-nouveau-202308\/suivi-de-projet\/"},"modified":"2025-07-24T10:56:16","modified_gmt":"2025-07-24T10:56:16","slug":"suivi-de-projet","status":"publish","type":"page","link":"https:\/\/www.hopp-la.ch\/fr\/offres-2\/suivi-de-projet\/","title":{"rendered":"Suivi de projet"},"content":{"rendered":"<div class=\"wpb-content-wrapper\"><p>[vc_row bg_type=&#8221;bg_color&#8221; bg_override=&#8221;ex-full&#8221; bg_color_value=&#8221;#f4f4f4&#8243; css=&#8221;.vc_custom_1520348413323{padding-top: 50px !important;padding-bottom: 50px !important;}&#8221;][vc_column]<div id=\"ultimate-heading-455569e026938d498\" class=\"uvc-heading ult-adjust-bottom-margin ultimate-heading-455569e026938d498 uvc-4116 accent-border-color\" data-hspacer=\"line_only\"  data-halign=\"left\" style=\"text-align:left\"><div class=\"uvc-main-heading ult-responsive\"  data-ultimate-target='.uvc-heading.ultimate-heading-455569e026938d498 h2'  data-responsive-json-new='{\"font-size\":\"desktop:26px;\",\"line-height\":\"desktop:36px;\"}' ><h2 style=\"font-weight:bold;\">Suivi de projet<\/h2><\/div><div class=\"uvc-heading-spacer line_only\" style=\"margin-top:15px;margin-bottom:50px;height:4px;\"><span class=\"uvc-headings-line\" style=\"border-style:solid;border-bottom-width:4px;border-color:;width:50px;\"><\/span><\/div><\/div>[vc_row_inner][vc_column_inner width=&#8221;2\/3&#8243;][vc_column_text css=&#8221;&#8221;]<img loading=\"lazy\" decoding=\"async\" class=\"alignnone wp-image-8676\" src=\"http:\/\/www.hopp-la.ch\/wp-content\/uploads\/2023\/08\/Foto_Projektbegleitung_IMG_5041-300x225.jpg\" alt=\"\" width=\"373\" height=\"280\" srcset=\"https:\/\/www.hopp-la.ch\/wp-content\/uploads\/2023\/08\/Foto_Projektbegleitung_IMG_5041-300x225.jpg 300w, https:\/\/www.hopp-la.ch\/wp-content\/uploads\/2023\/08\/Foto_Projektbegleitung_IMG_5041-1024x768.jpg 1024w, https:\/\/www.hopp-la.ch\/wp-content\/uploads\/2023\/08\/Foto_Projektbegleitung_IMG_5041-768x576.jpg 768w, https:\/\/www.hopp-la.ch\/wp-content\/uploads\/2023\/08\/Foto_Projektbegleitung_IMG_5041-1536x1152.jpg 1536w, https:\/\/www.hopp-la.ch\/wp-content\/uploads\/2023\/08\/Foto_Projektbegleitung_IMG_5041-2048x1536.jpg 2048w\" sizes=\"auto, (max-width: 373px) 100vw, 373px\" \/><br \/>\nForts de dix ans d&#8217;exp\u00e9rience et d&#8217;une quarantaine de projets d&#8217;espaces libres que nous avons accompagn\u00e9s, nous avons acquis au sein de la fondation Hopp-la des comp\u00e9tences \u00e9tendues en mati\u00e8re de promotion de l&#8217;activit\u00e9 physique interg\u00e9n\u00e9rationnelle. Nous conseillons, accompagnons et donnons les moyens aux communes, aux villes et aux organisations de la soci\u00e9t\u00e9 civile d&#8217;am\u00e9nager des espaces libres de mani\u00e8re \u00e0 cr\u00e9er des liens entre les g\u00e9n\u00e9rations et \u00e0 favoriser le mouvement. De la planification \u00e0 l&#8217;animation de ces espaces de rencontre. En outre, nous misons sur l&#8217;activit\u00e9 physique (activit\u00e9s) commune permettant l&#8217;\u00e9change entre les g\u00e9n\u00e9rations. Pour ce faire, nous avons d\u00e9velopp\u00e9 et test\u00e9 des offres d&#8217;activit\u00e9 physique et de rencontre pour toutes les g\u00e9n\u00e9rations en tant qu&#8221;exemples de bonnes pratiques&#8217;. <span style=\"color: #99cc00;\"><a style=\"color: #99cc00;\" href=\"https:\/\/www.hopp-la.ch\/fr\/mise-en-oeuvre-2\/activites\/\" target=\"_blank\" rel=\"noopener\"><strong>En savoir plus ici<\/strong><\/a><\/span><\/p>\n<p>Nous avons \u00e9labor\u00e9 des bases et des documents utiles qui permettent aux porteurs de projets de planifier et de mettre en \u0153uvre des espaces et des activit\u00e9s physiques interg\u00e9n\u00e9rationnels &#8211; adapt\u00e9s aux conditions locales &#8211; dans le cadre d&#8217;un processus participatif. Ce recueil de documents est mis \u00e0 la disposition des groupes de projet impliqu\u00e9s sous la forme d&#8217;une bo\u00eete \u00e0 outils :\u00a0 <a href=\"https:\/\/www.hopp-la.ch\/wp-content\/uploads\/2023\/09\/Hopp-la_en_bref_2307.pdf\" target=\"_blank\" rel=\"noopener\"><span style=\"color: #339966;\"><span style=\"color: #99cc00;\"><strong>&#8220;Hopp-la en bref&#8221; <\/strong><\/span><\/span><\/a>d\u00e9crit l&#8217;engagement de la fondation en bref.[\/vc_column_text]<div class=\"standard-arrow list-divider bullet-top\"><\/div>[\/vc_column_inner][vc_column_inner width=&#8221;1\/3&#8243;][vc_column_text el_class=&#8221;quote&#8221;]<strong>&#8220;Je trouve la collaboration avec Hopp-la tr\u00e8s positive, enrichissante et inspirante. Car ils apportent des connaissances sp\u00e9cialis\u00e9es, un savoir-faire ainsi qu&#8217;un accompagnement ; sans ces essences, il n&#8217;y aurait pas de projet Hopp-la \u00e0 Rapperswil<\/strong>&#8220;. <strong><br \/>\n<\/strong>Undine de Cambio, Alter &amp; Gesundheit Stadt Rapperswil-Jona<\/p>\n<p><strong><br \/>\n&#8220;Plus il y a de personnes impliqu\u00e9es dans un tel projet, plus il est accept\u00e9. Le processus dynamique de groupe est l&#8217;une des choses les plus enrichissantes que l&#8217;on puisse faire. Seul, on ne pourrait jamais atteindre une telle polyvalence&#8221;.<\/strong><br \/>\nMike Lauper, pr\u00e9sident du conseil d&#8217;administration d&#8217;Obere M\u00fchle Villmergen<\/p>\n<p><strong><br \/>\n&#8220;Pour un groupe d&#8217;exploitation qui doit animer une salle de sport, il est important de trouver des personnes qui sont bien ancr\u00e9es dans la commune et qui ont un bon r\u00e9seau. Et il devrait y avoir un bon m\u00e9lange de jeunes, de vieux, de femmes, d&#8217;hommes, de personnes issues de l&#8217;immigration, d&#8217;anciens habitants et de nouveaux arrivants&#8221;.<\/strong><br \/>\nMarkus B\u00fcchel, groupe d&#8217;exploitation &#8216;Kappeli&#8217; Buchs, SG<\/p>\n<p><strong><br \/>\n&#8220;D\u00e8s le d\u00e9but, notre Hopp-la Park a suscit\u00e9 un grand enthousiasme et nous constatons que jeunes et vieux se rencontrent vraiment&#8221;.<\/strong><br \/>\nWalter Lipp, pr\u00e9sident de la commune de Baar[\/vc_column_text][\/vc_column_inner][\/vc_row_inner][\/vc_column][\/vc_row]<\/p>\n<\/div>","protected":false},"excerpt":{"rendered":"<p>[vc_row bg_type=&#8221;bg_color&#8221; bg_override=&#8221;ex-full&#8221; bg_color_value=&#8221;#f4f4f4&#8243; css=&#8221;.vc_custom_1520348413323{padding-top: 50px !important;padding-bottom: 50px !important;}&#8221;][vc_column][vc_row_inner][vc_column_inner width=&#8221;2\/3&#8243;][vc_column_text css=&#8221;&#8221;] Forts de dix ans d&#8217;exp\u00e9rience et d&#8217;une quarantaine de projets d&#8217;espaces libres que nous avons accompagn\u00e9s, nous avons acquis au sein de la fondation Hopp-la des comp\u00e9tences \u00e9tendues en mati\u00e8re de promotion de l&#8217;activit\u00e9 physique interg\u00e9n\u00e9rationnelle. Nous conseillons, accompagnons et donnons les moyens aux&hellip;<\/p>\n","protected":false},"author":5,"featured_media":8677,"parent":9255,"menu_order":0,"comment_status":"closed","ping_status":"closed","template":"","meta":{"_monsterinsights_skip_tracking":false,"_monsterinsights_sitenote_active":false,"_monsterinsights_sitenote_note":"","_monsterinsights_sitenote_category":0,"footnotes":""},"class_list":["post-9070","page","type-page","status-publish","has-post-thumbnail","hentry","description-off"],"_links":{"self":[{"href":"https:\/\/www.hopp-la.ch\/fr\/wp-json\/wp\/v2\/pages\/9070","targetHints":{"allow":["GET"]}}],"collection":[{"href":"https:\/\/www.hopp-la.ch\/fr\/wp-json\/wp\/v2\/pages"}],"about":[{"href":"https:\/\/www.hopp-la.ch\/fr\/wp-json\/wp\/v2\/types\/page"}],"author":[{"embeddable":true,"href":"https:\/\/www.hopp-la.ch\/fr\/wp-json\/wp\/v2\/users\/5"}],"replies":[{"embeddable":true,"href":"https:\/\/www.hopp-la.ch\/fr\/wp-json\/wp\/v2\/comments?post=9070"}],"version-history":[{"count":12,"href":"https:\/\/www.hopp-la.ch\/fr\/wp-json\/wp\/v2\/pages\/9070\/revisions"}],"predecessor-version":[{"id":10084,"href":"https:\/\/www.hopp-la.ch\/fr\/wp-json\/wp\/v2\/pages\/9070\/revisions\/10084"}],"up":[{"embeddable":true,"href":"https:\/\/www.hopp-la.ch\/fr\/wp-json\/wp\/v2\/pages\/9255"}],"wp:featuredmedia":[{"embeddable":true,"href":"https:\/\/www.hopp-la.ch\/fr\/wp-json\/wp\/v2\/media\/8677"}],"wp:attachment":[{"href":"https:\/\/www.hopp-la.ch\/fr\/wp-json\/wp\/v2\/media?parent=9070"}],"curies":[{"name":"wp","href":"https:\/\/api.w.org\/{rel}","templated":true}]}}