{"id":9093,"date":"2023-08-21T04:34:48","date_gmt":"2023-08-21T04:34:48","guid":{"rendered":"https:\/\/www.hopp-la.ch\/mise-en-oeuvre-2\/activites\/une-periode-de-lavent-en-mouvement\/"},"modified":"2023-09-13T06:57:00","modified_gmt":"2023-09-13T06:57:00","slug":"une-periode-de-lavent-en-mouvement","status":"publish","type":"page","link":"https:\/\/www.hopp-la.ch\/fr\/mise-en-oeuvre-2\/activites\/une-periode-de-lavent-en-mouvement\/","title":{"rendered":"Une p\u00e9riode de l&#8217;Avent en mouvement"},"content":{"rendered":"<div class=\"wpb-content-wrapper\"><p>[vc_row bg_type=&#8221;bg_color&#8221; bg_override=&#8221;ex-full&#8221; bg_color_value=&#8221;#f4f4f4&#8243;][vc_column]<div id=\"ultimate-heading-27369f6dd73dab35\" class=\"uvc-heading ult-adjust-bottom-margin ultimate-heading-27369f6dd73dab35 uvc-322 accent-border-color\" data-hspacer=\"line_only\"  data-halign=\"left\" style=\"text-align:left\"><div class=\"uvc-main-heading ult-responsive\"  data-ultimate-target='.uvc-heading.ultimate-heading-27369f6dd73dab35 h2'  data-responsive-json-new='{\"font-size\":\"desktop:26px;\",\"line-height\":\"desktop:36px;\"}' ><h2 style=\"font-weight:bold;\">Une p\u00e9riode de l'Avent en mouvement<\/h2><\/div><div class=\"uvc-heading-spacer line_only\" style=\"margin-top:15px;margin-bottom:50px;height:4px;\"><span class=\"uvc-headings-line\" style=\"border-style:solid;border-bottom-width:4px;border-color:;width:50px;\"><\/span><\/div><\/div>[vc_row_inner][vc_column_inner width=&#8221;2\/3&#8243;][vc_column_text]Traverser ensemble la froide p\u00e9riode hivernale en bougeant, en jouant et en s&#8217;amusant : le calendrier de l&#8217;Avent de l&#8217;activit\u00e9 physique surprend avec des activit\u00e9s en mouvement et cr\u00e9atives et permet de faire de nouvelles rencontres. Pour en savoir plus <a href=\"https:\/\/www.hopp-la.ch\/advent\/\" target=\"_blank\" rel=\"noopener\">: https:\/\/www.hopp-la.ch\/advent\/<\/a>[\/vc_column_text][\/vc_column_inner][vc_column_inner width=&#8221;1\/3&#8243;][\/vc_column_inner][\/vc_row_inner][vc_row_inner][vc_column_inner width=&#8221;2\/3&#8243;]<style type=\"text\/css\" data-type=\"the7_shortcodes-inline-css\">.shortcode-single-image-wrap.shortcode-single-image-4748760eba996aa921a9abcb610b67ac.enable-bg-rollover .rollover i,\n.shortcode-single-image-wrap.shortcode-single-image-4748760eba996aa921a9abcb610b67ac.enable-bg-rollover .rollover-video i {\n  background: -webkit-linear-gradient();\n  background: linear-gradient();\n}\n.shortcode-single-image-wrap.shortcode-single-image-4748760eba996aa921a9abcb610b67ac .rollover-icon {\n  font-size: 32px;\n  color: #ffffff;\n  min-width: 44px;\n  min-height: 44px;\n  line-height: 44px;\n  border-radius: 100px;\n  border-style: solid;\n  border-width: 0px;\n}\n.dt-icon-bg-on.shortcode-single-image-wrap.shortcode-single-image-4748760eba996aa921a9abcb610b67ac .rollover-icon {\n  background: rgba(255,255,255,0.3);\n  box-shadow: none;\n}<\/style><div class=\"shortcode-single-image-wrap shortcode-single-image-4748760eba996aa921a9abcb610b67ac alignnone  vc_custom_1602142805126 enable-bg-rollover dt-icon-bg-off\" ><div class=\"shortcode-single-image\"><div class=\"fancy-media-wrap  layzr-bg\" style=\"\"><img fetchpriority=\"high\" decoding=\"async\" class=\"preload-me lazy-load aspect\" src=\"data:image\/svg+xml,%3Csvg%20xmlns%3D&#39;http%3A%2F%2Fwww.w3.org%2F2000%2Fsvg&#39;%20viewBox%3D&#39;0%200%201000%20586&#39;%2F%3E\" data-src=\"https:\/\/www.hopp-la.ch\/wp-content\/uploads\/2020\/10\/Flyer_Bewegungsadventkalender-Hintergrund-transparent_klein.png\" data-srcset=\"https:\/\/www.hopp-la.ch\/wp-content\/uploads\/2020\/10\/Flyer_Bewegungsadventkalender-Hintergrund-transparent_klein.png 1000w\" loading=\"eager\" sizes=\"(max-width: 1000px) 100vw, 1000px\" width=\"1000\" height=\"586\"  data-dt-location=\"https:\/\/www.hopp-la.ch\/fr\/flyer_bewegungsadventkalender-hintergrund-transparent_klein\/\" style=\"--ratio: 1000 \/ 586;\" alt=\"\" \/><\/div><\/div><\/div>[\/vc_column_inner][vc_column_inner width=&#8221;1\/3&#8243;][vc_column_text el_class=&#8221;quote&#8221;]<strong>&#8220;C&#8217;est une merveilleuse occasion de montrer que l&#8217;on peut faire de l&#8217;exercice par tous les temps. La vitalit\u00e9 et l&#8217;enthousiasme dont fait preuve l&#8217;\u00e9quipe de Hopp-la sont contagieux et donnent des couleurs au triste hiver. Le nombre \u00e9lev\u00e9 de participants est une bonne preuve que la p\u00e9riode de l&#8217;Avent en mouvement est un projet prometteur&#8221;.<\/strong><\/p>\n<p><span lang=\"DE-CH\">R\u00e9action des contributeurs\/-trices<\/span>[\/vc_column_text][vc_column_text el_class=&#8221;quote&#8221;]<strong>&#8220;L&#8217;id\u00e9e d&#8217;un mouvement et d&#8217;une rencontre interg\u00e9n\u00e9rationnels dans un quartier est extr\u00eamement efficace et am\u00e9liore la qualit\u00e9 de vie pendant les mois d&#8217;hiver plus frais&#8221;.<\/strong><\/p>\n<p><span lang=\"DE-CH\">R\u00e9action des contributeurs\/-trices<\/span>[\/vc_column_text][\/vc_column_inner][\/vc_row_inner][vc_row_inner][vc_column_inner width=&#8221;2\/3&#8243;]<div id=\"ultimate-heading-962869f6dd73db8a7\" class=\"uvc-heading ult-adjust-bottom-margin ultimate-heading-962869f6dd73db8a7 uvc-7841 \" data-hspacer=\"no_spacer\"  data-halign=\"left\" style=\"text-align:left\"><div class=\"uvc-heading-spacer no_spacer\" style=\"top\"><\/div><div class=\"uvc-main-heading ult-responsive\"  data-ultimate-target='.uvc-heading.ultimate-heading-962869f6dd73db8a7 h2'  data-responsive-json-new='{\"font-size\":\"desktop:20px;\",\"line-height\":\"desktop:30px;\"}' ><h2 style=\"font-weight:bold;\">Objectifs<\/h2><\/div><\/div>[vc_column_text]Le projet rassemble diff\u00e9rentes g\u00e9n\u00e9rations et cultures par le biais d&#8217;activit\u00e9s physiques et cr\u00e9atives communes. Le quartier devient une zone de rencontre pour les enfants, les familles, les seniors et les migrants. L&#8217;accent est mis \u00e0 la fois sur l&#8217;activit\u00e9 physique et sur l&#8217;\u00e9change social. Le projet a \u00e9galement pour but d&#8217;inciter la population \u00e0 sortir m\u00eame pendant les mois les plus froids. Les organisations de quartier, les associations et les institutions peuvent participer au projet ou prendre en main l&#8217;organisation.[\/vc_column_text][\/vc_column_inner][vc_column_inner width=&#8221;1\/3&#8243;][\/vc_column_inner][\/vc_row_inner][vc_row_inner][vc_column_inner width=&#8221;2\/3&#8243;]<div id=\"ultimate-heading-352369f6dd73db901\" class=\"uvc-heading ult-adjust-bottom-margin ultimate-heading-352369f6dd73db901 uvc-959 \" data-hspacer=\"no_spacer\"  data-halign=\"left\" style=\"text-align:left\"><div class=\"uvc-heading-spacer no_spacer\" style=\"top\"><\/div><div class=\"uvc-main-heading ult-responsive\"  data-ultimate-target='.uvc-heading.ultimate-heading-352369f6dd73db901 h2'  data-responsive-json-new='{\"font-size\":\"desktop:20px;\",\"line-height\":\"desktop:30px;\"}' ><h2 style=\"font-weight:bold;\">Groupe cible<\/h2><\/div><\/div>[vc_column_text]Gr\u00e2ce au programme vari\u00e9 et interg\u00e9n\u00e9rationnel du &#8216;Temps de l&#8217;Avent en mouvement&#8217;, diff\u00e9rents groupes cibles de toutes les classes d&#8217;\u00e2ge devraient \u00eatre touch\u00e9s. Peu importe l&#8217;origine, que l&#8217;on soit jeune ou vieux, \u00e0 pied, en chaise roulante ou en d\u00e9ambulateur, tout le monde est invit\u00e9 \u00e0 participer au Temps de l&#8217;Avent en mouvement. Un objectif important est en outre d&#8217;atteindre en particulier les personnes qui sont plut\u00f4t inactives et qui vivent en retrait. Pour cela, il faut que les habitants du quartier soient sensibles \u00e0 l&#8217;id\u00e9e de sortir ces personnes de leur isolement et de les accompagner \u00e0 de telles manifestations. C&#8217;est encore plus important pendant les mois d&#8217;hiver, o\u00f9 de nombreuses personnes se replient encore plus sur elles-m\u00eames.[\/vc_column_text][\/vc_column_inner][vc_column_inner width=&#8221;1\/3&#8243;][\/vc_column_inner][\/vc_row_inner][vc_row_inner][vc_column_inner width=&#8221;2\/3&#8243;]<div id=\"ultimate-heading-683069f6dd73db93c\" class=\"uvc-heading ult-adjust-bottom-margin ultimate-heading-683069f6dd73db93c uvc-5707 \" data-hspacer=\"no_spacer\"  data-halign=\"left\" style=\"text-align:left\"><div class=\"uvc-heading-spacer no_spacer\" style=\"top\"><\/div><div class=\"uvc-main-heading ult-responsive\"  data-ultimate-target='.uvc-heading.ultimate-heading-683069f6dd73db93c h2'  data-responsive-json-new='{\"font-size\":\"desktop:20px;\",\"line-height\":\"desktop:30px;\"}' ><h2 style=\"font-weight:bold;\">Mise en \u0153uvre<\/h2><\/div><\/div>[vc_column_text]Un rituel d&#8217;entr\u00e9e sert de fil conducteur au projet de l&#8217;Avent. Cela comprend la sonnerie de la cloche, l&#8217;accueil et la pr\u00e9sentation du projet, l&#8217;allumage de la bougie de l&#8217;Avent et l&#8217;ouverture de la fen\u00eatre de l&#8217;Avent. Ensuite, les contributeurs externes (associations, institutions, personnes priv\u00e9es) sont pr\u00e9sent\u00e9s pour leur confier ensuite la direction. L&#8217;accent devrait toujours \u00eatre mis sur l&#8217;activit\u00e9 commune, o\u00f9, outre l&#8217;\u00e9change social, il est tout aussi important de bouger ensemble. En ce qui concerne l&#8217;organisation concr\u00e8te de l&#8217;activit\u00e9 d&#8217;une demi-heure, les participants externes jouissent d&#8217;une grande libert\u00e9. Il convient, dans la mesure du possible, d&#8217;encourager la coexistence des g\u00e9n\u00e9rations. A l&#8217;issue de l&#8217;activit\u00e9, une boisson chaude est offerte aux participants lors d&#8217;un moment de convivialit\u00e9.[\/vc_column_text][\/vc_column_inner][vc_column_inner width=&#8221;1\/3&#8243;][\/vc_column_inner][\/vc_row_inner][vc_row_inner][vc_column_inner width=&#8221;2\/3&#8243;]<div id=\"ultimate-heading-100269f6dd73db987\" class=\"uvc-heading ult-adjust-bottom-margin ultimate-heading-100269f6dd73db987 uvc-2901 \" data-hspacer=\"no_spacer\"  data-halign=\"left\" style=\"text-align:left\"><div class=\"uvc-heading-spacer no_spacer\" style=\"top\"><\/div><div class=\"uvc-main-heading ult-responsive\"  data-ultimate-target='.uvc-heading.ultimate-heading-100269f6dd73db987 h2'  data-responsive-json-new='{\"font-size\":\"desktop:20px;\",\"line-height\":\"desktop:30px;\"}' ><h2 style=\"font-weight:bold;\">Perspectives<\/h2><\/div><\/div>[vc_column_text]La coutume des fen\u00eatres de l&#8217;Avent n&#8217;existe que depuis une trentaine d&#8217;ann\u00e9es. Depuis le Mittelland argovien, cette coutume de l&#8217;Avent a conquis presque toute la Suisse, presque toute l&#8217;Allemagne ainsi que certaines r\u00e9gions d&#8217;Autriche et de France. Les fen\u00eatres de l&#8217;Avent permettent aux gens de se rencontrer et de partager ensemble des moments de r\u00e9flexion. Compl\u00e9t\u00e9e par l&#8217;id\u00e9e Hopp-la de solidarit\u00e9 interg\u00e9n\u00e9rationnelle et de mouvement, elle cr\u00e9e un espace de rencontre avant No\u00ebl pour tous les \u00e2ges et toutes les couches de la population. Les communes, quartiers et villages qui organisent r\u00e9guli\u00e8rement la fen\u00eatre de l&#8217;Avent peuvent nous en informer \u00e0 l&#8217;adresse suivante : <strong><br \/>\n  <span style=\"color: #333399;\"><br \/>\n    <a href=\"mailto:info@hopp-la.ch\">info@hopp-la.ch<\/a><\/p>\n<p>  <\/span><br \/>\n<\/strong>Nous les publierons alors sur notre carte synoptique et pourrons, si n\u00e9cessaire, mettre en r\u00e9seau les organisateurs.[\/vc_column_text][\/vc_column_inner][vc_column_inner width=&#8221;1\/3&#8243;][\/vc_column_inner][\/vc_row_inner][\/vc_column][\/vc_row][vc_row][vc_column]<div id=\"ultimate-heading-725969f6dd73db9d1\" class=\"uvc-heading ult-adjust-bottom-margin ultimate-heading-725969f6dd73db9d1 uvc-7505 accent-border-color\" data-hspacer=\"line_only\"  data-halign=\"left\" style=\"text-align:left\"><div class=\"uvc-heading-spacer line_only\" style=\"margin-top:15px;margin-bottom:30px;height:4px;\"><span class=\"uvc-headings-line\" style=\"border-style:solid;border-bottom-width:4px;border-color:;width:50px;\"><\/span><\/div><\/div><div id=\"ultimate-heading-349369f6dd73dba16\" class=\"uvc-heading ult-adjust-bottom-margin ultimate-heading-349369f6dd73dba16 uvc-3077 \" data-hspacer=\"no_spacer\"  data-halign=\"left\" style=\"text-align:left\"><div class=\"uvc-heading-spacer no_spacer\" style=\"top\"><\/div><\/div>[vc_column_text][\/vc_column_text]<div id=\"ultimate-heading-741569f6dd73dba56\" class=\"uvc-heading ult-adjust-bottom-margin ultimate-heading-741569f6dd73dba56 uvc-3557 \" data-hspacer=\"no_spacer\"  data-halign=\"left\" style=\"text-align:left\"><div class=\"uvc-heading-spacer no_spacer\" style=\"top\"><\/div><\/div>[vc_column_text][\/vc_column_text][\/vc_column][\/vc_row][vc_row][vc_column]<div id=\"ultimate-heading-620169f6dd73dbab8\" class=\"uvc-heading ult-adjust-bottom-margin ultimate-heading-620169f6dd73dbab8 uvc-1003 accent-border-color\" data-hspacer=\"line_only\"  data-halign=\"left\" style=\"text-align:left\"><div class=\"uvc-heading-spacer line_only\" style=\"margin-top:15px;margin-bottom:15px;height:4px;\"><span class=\"uvc-headings-line\" style=\"border-style:solid;border-bottom-width:4px;border-color:;width:50px;\"><\/span><\/div><\/div>[vc_column_text][\/vc_column_text][\/vc_column][\/vc_row]<\/p>\n<\/div>","protected":false},"excerpt":{"rendered":"<p>[vc_row bg_type=&#8221;bg_color&#8221; bg_override=&#8221;ex-full&#8221; bg_color_value=&#8221;#f4f4f4&#8243;][vc_column][vc_row_inner][vc_column_inner width=&#8221;2\/3&#8243;][vc_column_text]Traverser ensemble la froide p\u00e9riode hivernale en bougeant, en jouant et en s&#8217;amusant : le calendrier de l&#8217;Avent de l&#8217;activit\u00e9 physique surprend avec des activit\u00e9s en mouvement et cr\u00e9atives et permet de faire de nouvelles rencontres. Pour en savoir plus : https:\/\/www.hopp-la.ch\/advent\/[\/vc_column_text][\/vc_column_inner][vc_column_inner width=&#8221;1\/3&#8243;][\/vc_column_inner][\/vc_row_inner][vc_row_inner][vc_column_inner width=&#8221;2\/3&#8243;][\/vc_column_inner][vc_column_inner width=&#8221;1\/3&#8243;][vc_column_text el_class=&#8221;quote&#8221;]&#8220;C&#8217;est une merveilleuse occasion de montrer&hellip;<\/p>\n","protected":false},"author":5,"featured_media":7535,"parent":9087,"menu_order":0,"comment_status":"closed","ping_status":"closed","template":"","meta":{"_monsterinsights_skip_tracking":false,"_monsterinsights_sitenote_active":false,"_monsterinsights_sitenote_note":"","_monsterinsights_sitenote_category":0,"footnotes":""},"class_list":["post-9093","page","type-page","status-publish","has-post-thumbnail","hentry","description-off"],"_links":{"self":[{"href":"https:\/\/www.hopp-la.ch\/fr\/wp-json\/wp\/v2\/pages\/9093","targetHints":{"allow":["GET"]}}],"collection":[{"href":"https:\/\/www.hopp-la.ch\/fr\/wp-json\/wp\/v2\/pages"}],"about":[{"href":"https:\/\/www.hopp-la.ch\/fr\/wp-json\/wp\/v2\/types\/page"}],"author":[{"embeddable":true,"href":"https:\/\/www.hopp-la.ch\/fr\/wp-json\/wp\/v2\/users\/5"}],"replies":[{"embeddable":true,"href":"https:\/\/www.hopp-la.ch\/fr\/wp-json\/wp\/v2\/comments?post=9093"}],"version-history":[{"count":5,"href":"https:\/\/www.hopp-la.ch\/fr\/wp-json\/wp\/v2\/pages\/9093\/revisions"}],"predecessor-version":[{"id":9098,"href":"https:\/\/www.hopp-la.ch\/fr\/wp-json\/wp\/v2\/pages\/9093\/revisions\/9098"}],"up":[{"embeddable":true,"href":"https:\/\/www.hopp-la.ch\/fr\/wp-json\/wp\/v2\/pages\/9087"}],"wp:featuredmedia":[{"embeddable":true,"href":"https:\/\/www.hopp-la.ch\/fr\/wp-json\/wp\/v2\/media\/7535"}],"wp:attachment":[{"href":"https:\/\/www.hopp-la.ch\/fr\/wp-json\/wp\/v2\/media?parent=9093"}],"curies":[{"name":"wp","href":"https:\/\/api.w.org\/{rel}","templated":true}]}}