{"id":9099,"date":"2023-09-11T06:37:38","date_gmt":"2023-09-11T06:37:38","guid":{"rendered":"https:\/\/www.hopp-la.ch\/mise-en-oeuvre-2\/activites\/fete-des-generations\/"},"modified":"2023-09-13T06:57:32","modified_gmt":"2023-09-13T06:57:32","slug":"fete-des-generations","status":"publish","type":"page","link":"https:\/\/www.hopp-la.ch\/fr\/mise-en-oeuvre-2\/activites\/fete-des-generations\/","title":{"rendered":"F\u00eate des g\u00e9n\u00e9rations"},"content":{"rendered":"<div class=\"wpb-content-wrapper\"><p>[vc_row bg_type=&#8221;bg_color&#8221; bg_override=&#8221;ex-full&#8221; bg_color_value=&#8221;#f4f4f4&#8243; css=&#8221;.vc_custom_1519722298393{padding-top: 50px !important;}&#8221;][vc_column]<div id=\"ultimate-heading-975669f6c966df33f\" class=\"uvc-heading ult-adjust-bottom-margin ultimate-heading-975669f6c966df33f uvc-1395 accent-border-color\" data-hspacer=\"line_only\"  data-halign=\"left\" style=\"text-align:left\"><div class=\"uvc-main-heading ult-responsive\"  data-ultimate-target='.uvc-heading.ultimate-heading-975669f6c966df33f h2'  data-responsive-json-new='{\"font-size\":\"desktop:26px;\",\"line-height\":\"desktop:36px;\"}' ><h2 style=\"font-weight:bold;\">F\u00eates interg\u00e9n\u00e9rationnelles<\/h2><\/div><div class=\"uvc-heading-spacer line_only\" style=\"margin-top:15px;margin-bottom:50px;height:4px;\"><span class=\"uvc-headings-line\" style=\"border-style:solid;border-bottom-width:4px;border-color:;width:50px;\"><\/span><\/div><div class=\"uvc-sub-heading ult-responsive\"  data-ultimate-target='.uvc-heading.ultimate-heading-975669f6c966df33f .uvc-sub-heading '  data-responsive-json-new='{\"font-size\":\"\",\"line-height\":\"\"}'  style=\"font-weight:normal;\">Le groupe d&#8217;exploitation de l&#8217;aire de jeux interg\u00e9n\u00e9rationnelle &#8216;Kappeli in Buchs&#8217; organise, en collaboration avec des associations, des organisations et des personnes priv\u00e9es, des manifestations (appel\u00e9es f\u00eates interg\u00e9n\u00e9rationnelles) pour les enfants, les jeunes, les familles et les seniors. L&#8217;objectif est de proposer un programme vari\u00e9 et interg\u00e9n\u00e9rationnel pour tous \u00e0 Buchs SG. Il s&#8217;agit notamment de f\u00eates interg\u00e9n\u00e9rationnelles autour des quatre \u00e9l\u00e9ments que sont l&#8217;air, l&#8217;eau, la terre et le feu, qui permettent \u00e0 tous les groupes d&#8217;\u00e2ge de vivre le kappeli comme un espace de rencontre en toutes saisons. Les apr\u00e8s-midi de contes font \u00e9galement partie des activit\u00e9s, tout comme les ateliers de bricolage\/construction.<br \/>\nLe concept peut \u00eatre transpos\u00e9 ou adapt\u00e9 \u00e0 tout espace de loisirs interg\u00e9n\u00e9rationnel dans d&#8217;autres lieux.<\/div><\/div>[vc_row_inner][vc_column_inner width=&#8221;2\/3&#8243;]<style type=\"text\/css\" data-type=\"the7_shortcodes-inline-css\">.shortcode-single-image-wrap.shortcode-single-image-0503e351b80bcfae1c619ab4ccd2a70d.enable-bg-rollover .rollover i,\n.shortcode-single-image-wrap.shortcode-single-image-0503e351b80bcfae1c619ab4ccd2a70d.enable-bg-rollover .rollover-video i {\n  background: -webkit-linear-gradient();\n  background: linear-gradient();\n}\n.shortcode-single-image-wrap.shortcode-single-image-0503e351b80bcfae1c619ab4ccd2a70d .rollover-icon {\n  font-size: 32px;\n  color: #ffffff;\n  min-width: 44px;\n  min-height: 44px;\n  line-height: 44px;\n  border-radius: 100px;\n  border-style: solid;\n  border-width: 0px;\n}\n.dt-icon-bg-on.shortcode-single-image-wrap.shortcode-single-image-0503e351b80bcfae1c619ab4ccd2a70d .rollover-icon {\n  background: rgba(255,255,255,0.3);\n  box-shadow: none;\n}<\/style><div class=\"shortcode-single-image-wrap shortcode-single-image-0503e351b80bcfae1c619ab4ccd2a70d alignnone  vc_custom_1694421380860 enable-bg-rollover dt-icon-bg-off\" ><div class=\"shortcode-single-image\"><div class=\"fancy-media-wrap  layzr-bg\" style=\"\"><img fetchpriority=\"high\" decoding=\"async\" class=\"preload-me lazy-load aspect\" src=\"data:image\/svg+xml,%3Csvg%20xmlns%3D&#39;http%3A%2F%2Fwww.w3.org%2F2000%2Fsvg&#39;%20viewBox%3D&#39;0%200%201476%201107&#39;%2F%3E\" data-src=\"https:\/\/www.hopp-la.ch\/wp-content\/uploads\/2019\/09\/IMG_20190525_130722.jpg\" data-srcset=\"https:\/\/www.hopp-la.ch\/wp-content\/uploads\/2019\/09\/IMG_20190525_130722.jpg 1476w\" loading=\"eager\" sizes=\"(max-width: 1476px) 100vw, 1476px\" width=\"1476\" height=\"1107\"  data-dt-location=\"https:\/\/www.hopp-la.ch\/fr\/umsetzung-2-2-alt\/rhdr-4\/\" style=\"--ratio: 1476 \/ 1107;\" alt=\"\" \/><\/div><\/div><\/div>[\/vc_column_inner][vc_column_inner width=&#8221;1\/3&#8243;][vc_column_text el_class=&#8221;quote&#8221;][\/vc_column_text][vc_column_text el_class=&#8221;quote&#8221;][\/vc_column_text][vc_column_text el_class=&#8221;quote&#8221;][\/vc_column_text][vc_column_text el_class=&#8221;quote&#8221;][\/vc_column_text][\/vc_column_inner][\/vc_row_inner][\/vc_column][\/vc_row]<\/p>\n<\/div>","protected":false},"excerpt":{"rendered":"<p>[vc_row bg_type=&#8221;bg_color&#8221; bg_override=&#8221;ex-full&#8221; bg_color_value=&#8221;#f4f4f4&#8243; css=&#8221;.vc_custom_1519722298393{padding-top: 50px !important;}&#8221;][vc_column][vc_row_inner][vc_column_inner width=&#8221;2\/3&#8243;][\/vc_column_inner][vc_column_inner width=&#8221;1\/3&#8243;][vc_column_text el_class=&#8221;quote&#8221;][\/vc_column_text][vc_column_text el_class=&#8221;quote&#8221;][\/vc_column_text][vc_column_text el_class=&#8221;quote&#8221;][\/vc_column_text][vc_column_text el_class=&#8221;quote&#8221;][\/vc_column_text][\/vc_column_inner][\/vc_row_inner][\/vc_column][\/vc_row]<\/p>\n","protected":false},"author":5,"featured_media":7334,"parent":9087,"menu_order":0,"comment_status":"closed","ping_status":"closed","template":"","meta":{"_monsterinsights_skip_tracking":false,"_monsterinsights_sitenote_active":false,"_monsterinsights_sitenote_note":"","_monsterinsights_sitenote_category":0,"footnotes":""},"class_list":["post-9099","page","type-page","status-publish","has-post-thumbnail","hentry","description-off"],"_links":{"self":[{"href":"https:\/\/www.hopp-la.ch\/fr\/wp-json\/wp\/v2\/pages\/9099","targetHints":{"allow":["GET"]}}],"collection":[{"href":"https:\/\/www.hopp-la.ch\/fr\/wp-json\/wp\/v2\/pages"}],"about":[{"href":"https:\/\/www.hopp-la.ch\/fr\/wp-json\/wp\/v2\/types\/page"}],"author":[{"embeddable":true,"href":"https:\/\/www.hopp-la.ch\/fr\/wp-json\/wp\/v2\/users\/5"}],"replies":[{"embeddable":true,"href":"https:\/\/www.hopp-la.ch\/fr\/wp-json\/wp\/v2\/comments?post=9099"}],"version-history":[{"count":5,"href":"https:\/\/www.hopp-la.ch\/fr\/wp-json\/wp\/v2\/pages\/9099\/revisions"}],"predecessor-version":[{"id":9104,"href":"https:\/\/www.hopp-la.ch\/fr\/wp-json\/wp\/v2\/pages\/9099\/revisions\/9104"}],"up":[{"embeddable":true,"href":"https:\/\/www.hopp-la.ch\/fr\/wp-json\/wp\/v2\/pages\/9087"}],"wp:featuredmedia":[{"embeddable":true,"href":"https:\/\/www.hopp-la.ch\/fr\/wp-json\/wp\/v2\/media\/7334"}],"wp:attachment":[{"href":"https:\/\/www.hopp-la.ch\/fr\/wp-json\/wp\/v2\/media?parent=9099"}],"curies":[{"name":"wp","href":"https:\/\/api.w.org\/{rel}","templated":true}]}}