{"id":9255,"date":"2023-09-14T08:11:29","date_gmt":"2023-09-14T08:11:29","guid":{"rendered":"https:\/\/www.hopp-la.ch\/offres-2\/"},"modified":"2024-06-12T09:53:12","modified_gmt":"2024-06-12T09:53:12","slug":"offres-2","status":"publish","type":"page","link":"https:\/\/www.hopp-la.ch\/fr\/offres-2\/","title":{"rendered":"Offres"},"content":{"rendered":"<div class=\"wpb-content-wrapper\"><p>[vc_row bg_type=&#8221;bg_color&#8221; bg_override=&#8221;ex-full&#8221; css=&#8221;.vc_custom_1673425849173{padding-top: 5% !important;padding-bottom: 5% !important;}&#8221; bg_color_value=&#8221;#ffffff&#8221;][vc_column width=&#8221;1\/2&#8243;]<div id=\"ultimate-heading-745569f6f25e2c231\" class=\"uvc-heading ult-adjust-bottom-margin ultimate-heading-745569f6f25e2c231 uvc-4273 accent-border-color\" data-hspacer=\"line_only\"  data-halign=\"left\" style=\"text-align:left\"><div class=\"uvc-main-heading ult-responsive\"  data-ultimate-target='.uvc-heading.ultimate-heading-745569f6f25e2c231 h2'  data-responsive-json-new='{\"font-size\":\"desktop:26px;\",\"line-height\":\"desktop:36px;\"}' ><h2 style=\"font-weight:bold;\">Suivi de projet<\/h2><\/div><div class=\"uvc-heading-spacer line_only\" style=\"margin-top:15px;margin-bottom:50px;height:4px;\"><span class=\"uvc-headings-line\" style=\"border-style:solid;border-bottom-width:4px;border-color:;width:50px;\"><\/span><\/div><\/div>[vc_column_text]La fondation Hopp-la conseille, accompagne et donne les moyens d&#8217;agir aux porteurs de projets locaux qui souhaitent cr\u00e9er de nouveaux espaces de libert\u00e9 et mettre en place des activit\u00e9s interg\u00e9n\u00e9rationnelles. Nous mettons \u00e0 profit notre savoir-faire acquis au cours de plus de 40 projets accompagn\u00e9s.[\/vc_column_text]<span id=\"creative-link-wrap-1039\" class=\"ult_main_cl ult-adjust-bottom-margin  \" >\n\t \t\t\t<span class=\"  ult_crlink\" >\n\t\t\t\t\t<a  data-ultimate-target='#creative-link-wrap-1039 .ult_colorlink'  data-responsive-json-new='{\"font-size\":\"\",\"line-height\":\"\"}'  href=\"https:\/\/www.hopp-la.ch\/fr\/offres-2\/suivi-de-projet\/\"  class=\"ult_colorlink ult-responsive \" style=\"float:left;font-weight:normal; \"  data-textcolor=\"#95c11f\" data-texthover=\"#333333\"data-style=\"\">\n\t\t\t\t\t\t\n\t\t\t\t\t\t<span data-hover=\"\u2192 Lire la suite\" style=\"color:#95c11f;;;\" class=\"ult_btn10_span   \">\u2192 Lire la suite<\/span>\n\t\t\t\t\t\t\n\t\t\t\t\t<\/a>\n\t\t\t\t<\/span>\n\t\t\t<\/span>[\/vc_column][vc_column width=&#8221;1\/2&#8243;]<style type=\"text\/css\" data-type=\"the7_shortcodes-inline-css\">.shortcode-single-image-wrap.shortcode-single-image-3125d3a49156137990ca54bf37a698db.enable-bg-rollover .rollover i,\n.shortcode-single-image-wrap.shortcode-single-image-3125d3a49156137990ca54bf37a698db.enable-bg-rollover .rollover-video i {\n  background: -webkit-linear-gradient();\n  background: linear-gradient();\n}\n.shortcode-single-image-wrap.shortcode-single-image-3125d3a49156137990ca54bf37a698db .rollover-icon {\n  font-size: 32px;\n  color: #ffffff;\n  min-width: 44px;\n  min-height: 44px;\n  line-height: 44px;\n  border-radius: 100px;\n  border-style: solid;\n  border-width: 0px;\n}\n.dt-icon-bg-on.shortcode-single-image-wrap.shortcode-single-image-3125d3a49156137990ca54bf37a698db .rollover-icon {\n  background: rgba(255,255,255,0.3);\n  box-shadow: none;\n}<\/style><div class=\"shortcode-single-image-wrap shortcode-single-image-3125d3a49156137990ca54bf37a698db alignnone  enable-bg-rollover dt-icon-bg-off\" style=\"margin-top:0px; margin-bottom:0px; margin-left:0px; margin-right:0px; width:500px;\"><div class=\"shortcode-single-image\"><div class=\"fancy-media-wrap  layzr-bg\" style=\"\"><img fetchpriority=\"high\" decoding=\"async\" class=\"preload-me lazy-load aspect\" src=\"data:image\/svg+xml,%3Csvg%20xmlns%3D&#39;http%3A%2F%2Fwww.w3.org%2F2000%2Fsvg&#39;%20viewBox%3D&#39;0%200%20500%20281&#39;%2F%3E\" data-src=\"https:\/\/www.hopp-la.ch\/wp-content\/uploads\/2022\/10\/CC7-2-500x281.jpg\" data-srcset=\"https:\/\/www.hopp-la.ch\/wp-content\/uploads\/2022\/10\/CC7-2-500x281.jpg 500w, https:\/\/www.hopp-la.ch\/wp-content\/uploads\/2022\/10\/CC7-2-1000x562.jpg 1000w\" loading=\"eager\" sizes=\"(max-width: 500px) 100vw, 500px\" width=\"500\" height=\"281\"  data-dt-location=\"https:\/\/www.hopp-la.ch\/fr\/umsetzung-2-2-alt\/cc7-3\/\" style=\"--ratio: 500 \/ 281;\" alt=\"\" \/><\/div><\/div><\/div>[\/vc_column][\/vc_row][vc_row bg_type=&#8221;bg_color&#8221; bg_override=&#8221;ex-full&#8221; css=&#8221;.vc_custom_1515493207749{padding-top: 5% !important;padding-bottom: 5% !important;}&#8221; bg_color_value=&#8221;#f4f4f4&#8243;][vc_column width=&#8221;1\/2&#8243;]<div id=\"ultimate-heading-209869f6f25e2e637\" class=\"uvc-heading ult-adjust-bottom-margin ultimate-heading-209869f6f25e2e637 uvc-5669 accent-border-color\" data-hspacer=\"line_only\"  data-halign=\"left\" style=\"text-align:left\"><div class=\"uvc-main-heading ult-responsive\"  data-ultimate-target='.uvc-heading.ultimate-heading-209869f6f25e2e637 h2'  data-responsive-json-new='{\"font-size\":\"desktop:26px;\",\"line-height\":\"desktop:36px;\"}' ><h2 style=\"font-weight:bold;\">Formation<\/h2><\/div><div class=\"uvc-heading-spacer line_only\" style=\"margin-top:15px;margin-bottom:50px;height:4px;\"><span class=\"uvc-headings-line\" style=\"border-style:solid;border-bottom-width:4px;border-color:;width:50px;\"><\/span><\/div><\/div>[vc_column_text]Depuis plusieurs ann\u00e9es, nous formons des coachs en activit\u00e9 physique afin qu&#8217;ils puissent planifier et organiser des le\u00e7ons pour les jeunes et les moins jeunes. La formation contribue \u00e0 la multiplication des offres d&#8217;activit\u00e9 physique et de sant\u00e9 interg\u00e9n\u00e9rationnelles en Suisse. C&#8217;est un \u00e9l\u00e9ment tr\u00e8s important pour que les multiplicateurs locaux fassent bouger toutes les g\u00e9n\u00e9rations ensemble.[\/vc_column_text]<span id=\"creative-link-wrap-3699\" class=\"ult_main_cl ult-adjust-bottom-margin  \" >\n\t \t\t\t<span class=\"  ult_crlink\" >\n\t\t\t\t\t<a  data-ultimate-target='#creative-link-wrap-3699 .ult_colorlink'  data-responsive-json-new='{\"font-size\":\"\",\"line-height\":\"\"}'  href=\"https:\/\/www.hopp-la.ch\/fr\/offres-2\/formation\/\"  class=\"ult_colorlink ult-responsive \" style=\"float:left;font-weight:normal; \"  data-textcolor=\"#95c11f\" data-texthover=\"#333333\"data-style=\"\">\n\t\t\t\t\t\t\n\t\t\t\t\t\t<span data-hover=\"\u2192 Lire la suite\" style=\"color:#95c11f;;;\" class=\"ult_btn10_span   \">\u2192 Lire la suite<\/span>\n\t\t\t\t\t\t\n\t\t\t\t\t<\/a>\n\t\t\t\t<\/span>\n\t\t\t<\/span>[\/vc_column][vc_column width=&#8221;1\/2&#8243;]<style type=\"text\/css\" data-type=\"the7_shortcodes-inline-css\">.shortcode-single-image-wrap.shortcode-single-image-2a146a88bafa69772752166c93b2efc9.enable-bg-rollover .rollover i,\n.shortcode-single-image-wrap.shortcode-single-image-2a146a88bafa69772752166c93b2efc9.enable-bg-rollover .rollover-video i {\n  background: -webkit-linear-gradient();\n  background: linear-gradient();\n}\n.shortcode-single-image-wrap.shortcode-single-image-2a146a88bafa69772752166c93b2efc9 .rollover-icon {\n  font-size: 32px;\n  color: #ffffff;\n  min-width: 44px;\n  min-height: 44px;\n  line-height: 44px;\n  border-radius: 100px;\n  border-style: solid;\n  border-width: 0px;\n}\n.dt-icon-bg-on.shortcode-single-image-wrap.shortcode-single-image-2a146a88bafa69772752166c93b2efc9 .rollover-icon {\n  background: rgba(255,255,255,0.3);\n  box-shadow: none;\n}<\/style><div class=\"shortcode-single-image-wrap shortcode-single-image-2a146a88bafa69772752166c93b2efc9 alignnone  enable-bg-rollover dt-icon-bg-off\" style=\"margin-top:0px; margin-bottom:0px; margin-left:0px; margin-right:0px; width:500px;\"><div class=\"shortcode-single-image\"><div class=\"fancy-media-wrap  layzr-bg\" style=\"\"><img decoding=\"async\" class=\"preload-me lazy-load aspect\" src=\"data:image\/svg+xml,%3Csvg%20xmlns%3D&#39;http%3A%2F%2Fwww.w3.org%2F2000%2Fsvg&#39;%20viewBox%3D&#39;0%200%20500%20333&#39;%2F%3E\" data-src=\"https:\/\/www.hopp-la.ch\/wp-content\/uploads\/2023\/09\/foto-werk_20220522_0024-500x333.jpg\" data-srcset=\"https:\/\/www.hopp-la.ch\/wp-content\/uploads\/2023\/09\/foto-werk_20220522_0024-500x333.jpg 500w, https:\/\/www.hopp-la.ch\/wp-content\/uploads\/2023\/09\/foto-werk_20220522_0024-1000x666.jpg 1000w\" loading=\"eager\" sizes=\"(max-width: 500px) 100vw, 500px\" width=\"500\" height=\"333\"  data-dt-location=\"https:\/\/www.hopp-la.ch\/fr\/angebote\/foto-werk_20220522_0024\/\" style=\"--ratio: 500 \/ 333;\" alt=\"\" \/><\/div><\/div><\/div>[\/vc_column][\/vc_row][vc_row css=&#8221;.vc_custom_1636124762725{padding-top: 5% !important;padding-bottom: 5% !important;}&#8221;][vc_column width=&#8221;1\/2&#8243;]<div id=\"ultimate-heading-598869f6f25e318d8\" class=\"uvc-heading ult-adjust-bottom-margin ultimate-heading-598869f6f25e318d8 uvc-3182 accent-border-color\" data-hspacer=\"line_only\"  data-halign=\"left\" style=\"text-align:left\"><div class=\"uvc-main-heading ult-responsive\"  data-ultimate-target='.uvc-heading.ultimate-heading-598869f6f25e318d8 h2'  data-responsive-json-new='{\"font-size\":\"desktop:26px;\",\"line-height\":\"desktop:36px;\"}' ><h2 style=\"font-weight:bold;\">Guide des espaces d'activit\u00e9 physique pour toutes les g\u00e9n\u00e9rations<\/h2><\/div><div class=\"uvc-heading-spacer line_only\" style=\"margin-top:15px;margin-bottom:50px;height:4px;\"><span class=\"uvc-headings-line\" style=\"border-style:solid;border-bottom-width:4px;border-color:;width:50px;\"><\/span><\/div><\/div>[vc_column_text]Le guide &#8220;Des espaces de mouvement pour toutes les g\u00e9n\u00e9rations&#8221; pr\u00e9sente en d\u00e9tail les points auxquels les porteurs de projet doivent \u00eatre attentifs lors de la planification de nouveaux espaces libres. Bien entendu, la fondation Hopp-la se tient \u00e0 vos c\u00f4t\u00e9s et accompagne vos projets de A \u00e0 Z.[\/vc_column_text]<span id=\"creative-link-wrap-4435\" class=\"ult_main_cl ult-adjust-bottom-margin  \" >\n\t \t\t\t<span class=\"  ult_crlink\" >\n\t\t\t\t\t<a  data-ultimate-target='#creative-link-wrap-4435 .ult_colorlink'  data-responsive-json-new='{\"font-size\":\"\",\"line-height\":\"\"}'  href=\"https:\/\/www.hopp-la.ch\/fr\/offres-2\/guide\/\"  class=\"ult_colorlink ult-responsive \" style=\"float:left;font-weight:normal; \"  data-textcolor=\"#95c11f\" data-texthover=\"#333333\"data-style=\"\">\n\t\t\t\t\t\t\n\t\t\t\t\t\t<span data-hover=\"\u2192 Lire la suite\" style=\"color:#95c11f;;;\" class=\"ult_btn10_span   \">\u2192 Lire la suite<\/span>\n\t\t\t\t\t\t\n\t\t\t\t\t<\/a>\n\t\t\t\t<\/span>\n\t\t\t<\/span>[\/vc_column][vc_column width=&#8221;1\/2&#8243;]<style type=\"text\/css\" data-type=\"the7_shortcodes-inline-css\">.shortcode-single-image-wrap.shortcode-single-image-7813f2f0c6b816f7c5be37e5cfdb7773.enable-bg-rollover .rollover i,\n.shortcode-single-image-wrap.shortcode-single-image-7813f2f0c6b816f7c5be37e5cfdb7773.enable-bg-rollover .rollover-video i {\n  background: -webkit-linear-gradient();\n  background: linear-gradient();\n}\n.shortcode-single-image-wrap.shortcode-single-image-7813f2f0c6b816f7c5be37e5cfdb7773 .rollover-icon {\n  font-size: 32px;\n  color: #ffffff;\n  min-width: 44px;\n  min-height: 44px;\n  line-height: 44px;\n  border-radius: 100px;\n  border-style: solid;\n  border-width: 0px;\n}\n.dt-icon-bg-on.shortcode-single-image-wrap.shortcode-single-image-7813f2f0c6b816f7c5be37e5cfdb7773 .rollover-icon {\n  background: rgba(255,255,255,0.3);\n  box-shadow: none;\n}<\/style><div class=\"shortcode-single-image-wrap shortcode-single-image-7813f2f0c6b816f7c5be37e5cfdb7773 alignnone  enable-bg-rollover dt-icon-bg-off\" style=\"margin-top:0px; margin-bottom:0px; margin-left:0px; margin-right:0px; width:500px;\"><div class=\"shortcode-single-image\"><div class=\"fancy-media-wrap  layzr-bg\" style=\"\"><img decoding=\"async\" class=\"preload-me lazy-load aspect\" src=\"data:image\/svg+xml,%3Csvg%20xmlns%3D&#39;http%3A%2F%2Fwww.w3.org%2F2000%2Fsvg&#39;%20viewBox%3D&#39;0%200%20500%20281&#39;%2F%3E\" data-src=\"https:\/\/www.hopp-la.ch\/wp-content\/uploads\/2023\/08\/PXL_20230718_155739854-scaled-500x281.jpg\" data-srcset=\"https:\/\/www.hopp-la.ch\/wp-content\/uploads\/2023\/08\/PXL_20230718_155739854-scaled-500x281.jpg 500w, https:\/\/www.hopp-la.ch\/wp-content\/uploads\/2023\/08\/PXL_20230718_155739854-scaled-1000x562.jpg 1000w\" loading=\"eager\" sizes=\"(max-width: 500px) 100vw, 500px\" width=\"500\" height=\"281\"  data-dt-location=\"https:\/\/www.hopp-la.ch\/fr\/umsetzung-2-2-alt\/pxl_20230718_155739854\/\" style=\"--ratio: 500 \/ 281;\" alt=\"\" \/><\/div><\/div><\/div>[\/vc_column][\/vc_row][vc_row css=&#8221;.vc_custom_1636124762725{padding-top: 5% !important;padding-bottom: 5% !important;}&#8221;][vc_column width=&#8221;1\/2&#8243;]<div id=\"ultimate-heading-929769f6f25e35969\" class=\"uvc-heading ult-adjust-bottom-margin ultimate-heading-929769f6f25e35969 uvc-6754 accent-border-color\" data-hspacer=\"line_only\"  data-halign=\"left\" style=\"text-align:left\"><div class=\"uvc-main-heading ult-responsive\"  data-ultimate-target='.uvc-heading.ultimate-heading-929769f6f25e35969 h2'  data-responsive-json-new='{\"font-size\":\"desktop:26px;\",\"line-height\":\"desktop:36px;\"}' ><h2 style=\"font-weight:bold;\">Aventure motrice \u00e0 deux<\/h2><\/div><div class=\"uvc-heading-spacer line_only\" style=\"margin-top:15px;margin-bottom:50px;height:4px;\"><span class=\"uvc-headings-line\" style=\"border-style:solid;border-bottom-width:4px;border-color:;width:50px;\"><\/span><\/div><\/div>[vc_column_text]Hopp-la a lanc\u00e9 une nouvelle aventure de l&#8217;activit\u00e9 physique en collaboration avec le BPA : gr\u00e2ce \u00e0 des id\u00e9es cr\u00e9atives et des vid\u00e9os, vous &#8211; par exemple les grands-parents &#8211; pouvez entra\u00eener votre \u00e9quilibre avec vos petits-enfants \u00e0 la maison, de mani\u00e8re ludique et amusante.[\/vc_column_text]<span id=\"creative-link-wrap-5982\" class=\"ult_main_cl ult-adjust-bottom-margin  \" >\n\t \t\t\t<span class=\"  ult_crlink\" >\n\t\t\t\t\t<a  data-ultimate-target='#creative-link-wrap-5982 .ult_colorlink'  data-responsive-json-new='{\"font-size\":\"\",\"line-height\":\"\"}'  href=\"https:\/\/www.hopp-la.ch\/fr\/offres-2\/aventure-de-mouvement-pour-deux\/\"  class=\"ult_colorlink ult-responsive \" style=\"float:left;font-weight:normal; \"  data-textcolor=\"#95c11f\" data-texthover=\"#333333\"data-style=\"\">\n\t\t\t\t\t\t\n\t\t\t\t\t\t<span data-hover=\"\u2192 Lire la suite\" style=\"color:#95c11f;;;\" class=\"ult_btn10_span   \">\u2192 Lire la suite<\/span>\n\t\t\t\t\t\t\n\t\t\t\t\t<\/a>\n\t\t\t\t<\/span>\n\t\t\t<\/span>[\/vc_column][vc_column width=&#8221;1\/2&#8243;]<style type=\"text\/css\" data-type=\"the7_shortcodes-inline-css\">.shortcode-single-image-wrap.shortcode-single-image-b751ff2b6dc7e9fa7b2c91349498140f.enable-bg-rollover .rollover i,\n.shortcode-single-image-wrap.shortcode-single-image-b751ff2b6dc7e9fa7b2c91349498140f.enable-bg-rollover .rollover-video i {\n  background: -webkit-linear-gradient();\n  background: linear-gradient();\n}\n.shortcode-single-image-wrap.shortcode-single-image-b751ff2b6dc7e9fa7b2c91349498140f .rollover-icon {\n  font-size: 32px;\n  color: #ffffff;\n  min-width: 44px;\n  min-height: 44px;\n  line-height: 44px;\n  border-radius: 100px;\n  border-style: solid;\n  border-width: 0px;\n}\n.dt-icon-bg-on.shortcode-single-image-wrap.shortcode-single-image-b751ff2b6dc7e9fa7b2c91349498140f .rollover-icon {\n  background: rgba(255,255,255,0.3);\n  box-shadow: none;\n}<\/style><div class=\"shortcode-single-image-wrap shortcode-single-image-b751ff2b6dc7e9fa7b2c91349498140f alignnone  enable-bg-rollover dt-icon-bg-off\" style=\"margin-top:0px; margin-bottom:0px; margin-left:0px; margin-right:0px; width:500px;\"><div class=\"shortcode-single-image\"><div class=\"fancy-media-wrap  layzr-bg\" style=\"\"><img decoding=\"async\" class=\"preload-me lazy-load aspect\" src=\"data:image\/svg+xml,%3Csvg%20xmlns%3D&#39;http%3A%2F%2Fwww.w3.org%2F2000%2Fsvg&#39;%20viewBox%3D&#39;0%200%20500%20375&#39;%2F%3E\" data-src=\"https:\/\/www.hopp-la.ch\/wp-content\/uploads\/2024\/05\/Bewegungsabenteuer_003_20221213_161245560_iOS-1-scaled-500x375.jpg\" data-srcset=\"https:\/\/www.hopp-la.ch\/wp-content\/uploads\/2024\/05\/Bewegungsabenteuer_003_20221213_161245560_iOS-1-scaled-500x375.jpg 500w, https:\/\/www.hopp-la.ch\/wp-content\/uploads\/2024\/05\/Bewegungsabenteuer_003_20221213_161245560_iOS-1-scaled-1000x750.jpg 1000w\" loading=\"eager\" sizes=\"(max-width: 500px) 100vw, 500px\" width=\"500\" height=\"375\"  data-dt-location=\"https:\/\/www.hopp-la.ch\/fr\/bewegungsabenteuer_003_20221213_161245560_ios-2-2\/\" style=\"--ratio: 500 \/ 375;\" alt=\"\" \/><\/div><\/div><\/div>[\/vc_column][\/vc_row]<\/p>\n<\/div>","protected":false},"excerpt":{"rendered":"<p>[vc_row bg_type=&#8221;bg_color&#8221; bg_override=&#8221;ex-full&#8221; css=&#8221;.vc_custom_1673425849173{padding-top: 5% !important;padding-bottom: 5% !important;}&#8221; bg_color_value=&#8221;#ffffff&#8221;][vc_column width=&#8221;1\/2&#8243;][vc_column_text]La fondation Hopp-la conseille, accompagne et donne les moyens d&#8217;agir aux porteurs de projets locaux qui souhaitent cr\u00e9er de nouveaux espaces de libert\u00e9 et mettre en place des activit\u00e9s interg\u00e9n\u00e9rationnelles. Nous mettons \u00e0 profit notre savoir-faire acquis au cours de plus de 40 projets accompagn\u00e9s.[\/vc_column_text][\/vc_column][vc_column width=&#8221;1\/2&#8243;][\/vc_column][\/vc_row][vc_row&hellip;<\/p>\n","protected":false},"author":5,"featured_media":7333,"parent":0,"menu_order":0,"comment_status":"closed","ping_status":"closed","template":"","meta":{"_monsterinsights_skip_tracking":false,"_monsterinsights_sitenote_active":false,"_monsterinsights_sitenote_note":"","_monsterinsights_sitenote_category":0,"footnotes":""},"class_list":["post-9255","page","type-page","status-publish","has-post-thumbnail","hentry","description-off"],"_links":{"self":[{"href":"https:\/\/www.hopp-la.ch\/fr\/wp-json\/wp\/v2\/pages\/9255","targetHints":{"allow":["GET"]}}],"collection":[{"href":"https:\/\/www.hopp-la.ch\/fr\/wp-json\/wp\/v2\/pages"}],"about":[{"href":"https:\/\/www.hopp-la.ch\/fr\/wp-json\/wp\/v2\/types\/page"}],"author":[{"embeddable":true,"href":"https:\/\/www.hopp-la.ch\/fr\/wp-json\/wp\/v2\/users\/5"}],"replies":[{"embeddable":true,"href":"https:\/\/www.hopp-la.ch\/fr\/wp-json\/wp\/v2\/comments?post=9255"}],"version-history":[{"count":21,"href":"https:\/\/www.hopp-la.ch\/fr\/wp-json\/wp\/v2\/pages\/9255\/revisions"}],"predecessor-version":[{"id":9761,"href":"https:\/\/www.hopp-la.ch\/fr\/wp-json\/wp\/v2\/pages\/9255\/revisions\/9761"}],"wp:featuredmedia":[{"embeddable":true,"href":"https:\/\/www.hopp-la.ch\/fr\/wp-json\/wp\/v2\/media\/7333"}],"wp:attachment":[{"href":"https:\/\/www.hopp-la.ch\/fr\/wp-json\/wp\/v2\/media?parent=9255"}],"curies":[{"name":"wp","href":"https:\/\/api.w.org\/{rel}","templated":true}]}}