{"id":9261,"date":"2023-09-14T08:12:29","date_gmt":"2023-09-14T08:12:29","guid":{"rendered":"https:\/\/www.hopp-la.ch\/mise-en-oeuvre-2\/"},"modified":"2023-09-19T14:42:33","modified_gmt":"2023-09-19T14:42:33","slug":"mise-en-oeuvre-2","status":"publish","type":"page","link":"https:\/\/www.hopp-la.ch\/fr\/mise-en-oeuvre-2\/","title":{"rendered":"Mise en \u0153uvre"},"content":{"rendered":"<div class=\"wpb-content-wrapper\"><p>[vc_row bg_type=&#8221;bg_color&#8221; bg_override=&#8221;ex-full&#8221; css=&#8221;.vc_custom_1673425849173{padding-top: 5% !important;padding-bottom: 5% !important;}&#8221; bg_color_value=&#8221;#ffffff&#8221;][vc_column width=&#8221;1\/2&#8243;]<div id=\"ultimate-heading-584569d033888f241\" class=\"uvc-heading ult-adjust-bottom-margin ultimate-heading-584569d033888f241 uvc-6493 accent-border-color\" data-hspacer=\"line_only\"  data-halign=\"left\" style=\"text-align:left\"><div class=\"uvc-main-heading ult-responsive\"  data-ultimate-target='.uvc-heading.ultimate-heading-584569d033888f241 h2'  data-responsive-json-new='{\"font-size\":\"desktop:26px;\",\"line-height\":\"desktop:36px;\"}' ><h2 style=\"font-weight:bold;\">Infrastructure<\/h2><\/div><div class=\"uvc-heading-spacer line_only\" style=\"margin-top:15px;margin-bottom:50px;height:4px;\"><span class=\"uvc-headings-line\" style=\"border-style:solid;border-bottom-width:4px;border-color:;width:50px;\"><\/span><\/div><\/div>[vc_column_text]Tous les grands projets d&#8217;infrastructure commencent par l&#8217;\u00e9change d&#8217;informations, la participation et la mise en r\u00e9seau. La fondation Hopp-la conna\u00eet les facteurs de r\u00e9ussite n\u00e9cessaires \u00e0 la cr\u00e9ation d&#8217;espaces de mouvement et de rencontre interg\u00e9n\u00e9rationnels.[\/vc_column_text]<span id=\"creative-link-wrap-7502\" class=\"ult_main_cl ult-adjust-bottom-margin  \" >\n\t \t\t\t<span class=\"  ult_crlink\" >\n\t\t\t\t\t<a  data-ultimate-target='#creative-link-wrap-7502 .ult_colorlink'  data-responsive-json-new='{\"font-size\":\"\",\"line-height\":\"\"}'  href=\"https:\/\/www.hopp-la.ch\/fr\/mise-en-oeuvre-2\/infrastructure\/\"  class=\"ult_colorlink ult-responsive \" style=\"float:left;font-weight:normal; \"  data-textcolor=\"#95c11f\" data-texthover=\"#333333\"data-style=\"\">\n\t\t\t\t\t\t\n\t\t\t\t\t\t<span data-hover=\"\u2192 Lire la suite\" style=\"color:#95c11f;;;\" class=\"ult_btn10_span   \">\u2192 Lire la suite<\/span>\n\t\t\t\t\t\t\n\t\t\t\t\t<\/a>\n\t\t\t\t<\/span>\n\t\t\t<\/span>[\/vc_column][vc_column width=&#8221;1\/2&#8243;]<style type=\"text\/css\" data-type=\"the7_shortcodes-inline-css\">.shortcode-single-image-wrap.shortcode-single-image-9f197f590710288f9bf9abe79654fd7d.enable-bg-rollover .rollover i,\n.shortcode-single-image-wrap.shortcode-single-image-9f197f590710288f9bf9abe79654fd7d.enable-bg-rollover .rollover-video i {\n  background: -webkit-linear-gradient();\n  background: linear-gradient();\n}\n.shortcode-single-image-wrap.shortcode-single-image-9f197f590710288f9bf9abe79654fd7d .rollover-icon {\n  font-size: 32px;\n  color: #ffffff;\n  min-width: 44px;\n  min-height: 44px;\n  line-height: 44px;\n  border-radius: 100px;\n  border-style: solid;\n  border-width: 0px;\n}\n.dt-icon-bg-on.shortcode-single-image-wrap.shortcode-single-image-9f197f590710288f9bf9abe79654fd7d .rollover-icon {\n  background: rgba(255,255,255,0.3);\n  box-shadow: none;\n}<\/style><div class=\"shortcode-single-image-wrap shortcode-single-image-9f197f590710288f9bf9abe79654fd7d alignnone  enable-bg-rollover dt-icon-bg-off\" style=\"margin-top:0px; margin-bottom:0px; margin-left:0px; margin-right:0px; width:500px;\"><div class=\"shortcode-single-image\"><div class=\"fancy-media-wrap  layzr-bg\" style=\"\"><img fetchpriority=\"high\" decoding=\"async\" class=\"preload-me lazy-load aspect\" src=\"data:image\/svg+xml,%3Csvg%20xmlns%3D&#39;http%3A%2F%2Fwww.w3.org%2F2000%2Fsvg&#39;%20viewBox%3D&#39;0%200%20500%20375&#39;%2F%3E\" data-src=\"https:\/\/www.hopp-la.ch\/wp-content\/uploads\/2023\/09\/IMG_9247-scaled-500x375.jpg\" data-srcset=\"https:\/\/www.hopp-la.ch\/wp-content\/uploads\/2023\/09\/IMG_9247-scaled-500x375.jpg 500w, https:\/\/www.hopp-la.ch\/wp-content\/uploads\/2023\/09\/IMG_9247-scaled-1000x750.jpg 1000w\" loading=\"eager\" sizes=\"(max-width: 500px) 100vw, 500px\" width=\"500\" height=\"375\"  data-dt-location=\"https:\/\/www.hopp-la.ch\/fr\/umsetzung\/img_9247\/\" style=\"--ratio: 500 \/ 375;\" alt=\"\" \/><\/div><\/div><\/div>[\/vc_column][\/vc_row][vc_row bg_type=&#8221;bg_color&#8221; bg_override=&#8221;ex-full&#8221; css=&#8221;.vc_custom_1515493207749{padding-top: 5% !important;padding-bottom: 5% !important;}&#8221; bg_color_value=&#8221;#f4f4f4&#8243;][vc_column width=&#8221;1\/2&#8243;]<div id=\"ultimate-heading-19569d0338894c42\" class=\"uvc-heading ult-adjust-bottom-margin ultimate-heading-19569d0338894c42 uvc-4753 accent-border-color\" data-hspacer=\"line_only\"  data-halign=\"left\" style=\"text-align:left\"><div class=\"uvc-main-heading ult-responsive\"  data-ultimate-target='.uvc-heading.ultimate-heading-19569d0338894c42 h2'  data-responsive-json-new='{\"font-size\":\"desktop:26px;\",\"line-height\":\"desktop:36px;\"}' ><h2 style=\"font-weight:bold;\">Activit\u00e9s<\/h2><\/div><div class=\"uvc-heading-spacer line_only\" style=\"margin-top:15px;margin-bottom:50px;height:4px;\"><span class=\"uvc-headings-line\" style=\"border-style:solid;border-bottom-width:4px;border-color:;width:50px;\"><\/span><\/div><\/div>[vc_column_text]L&#8217;infrastructure seule ne suffit pas. Pour qu&#8217;une culture locale interg\u00e9n\u00e9rationnelle de l&#8217;activit\u00e9 physique se d\u00e9veloppe, il faut aussi des activit\u00e9s r\u00e9guli\u00e8res qui invitent \u00e0 bouger ensemble et qui permettent de nouvelles rencontres.[\/vc_column_text]<span id=\"creative-link-wrap-1811\" class=\"ult_main_cl ult-adjust-bottom-margin  \" >\n\t \t\t\t<span class=\"  ult_crlink\" >\n\t\t\t\t\t<a  data-ultimate-target='#creative-link-wrap-1811 .ult_colorlink'  data-responsive-json-new='{\"font-size\":\"\",\"line-height\":\"\"}'  href=\"https:\/\/www.hopp-la.ch\/fr\/mise-en-oeuvre-2\/activites\/\" target=\"_blank\" rel=\"noopener\"  class=\"ult_colorlink ult-responsive \" style=\"float:left;font-weight:normal; \"  data-textcolor=\"#95c11f\" data-texthover=\"#333333\"data-style=\"\">\n\t\t\t\t\t\t\n\t\t\t\t\t\t<span data-hover=\"\u2192 Vous trouverez ici des exemples de bonnes pratiques.\" style=\"color:#95c11f;;;\" class=\"ult_btn10_span   \">\u2192 Vous trouverez ici des exemples de bonnes pratiques.<\/span>\n\t\t\t\t\t\t\n\t\t\t\t\t<\/a>\n\t\t\t\t<\/span>\n\t\t\t<\/span>[\/vc_column][vc_column width=&#8221;1\/2&#8243;]<style type=\"text\/css\" data-type=\"the7_shortcodes-inline-css\">.shortcode-single-image-wrap.shortcode-single-image-6a759afbbe01d2c6ae44598fd39e5b0e.enable-bg-rollover .rollover i,\n.shortcode-single-image-wrap.shortcode-single-image-6a759afbbe01d2c6ae44598fd39e5b0e.enable-bg-rollover .rollover-video i {\n  background: -webkit-linear-gradient();\n  background: linear-gradient();\n}\n.shortcode-single-image-wrap.shortcode-single-image-6a759afbbe01d2c6ae44598fd39e5b0e .rollover-icon {\n  font-size: 32px;\n  color: #ffffff;\n  min-width: 44px;\n  min-height: 44px;\n  line-height: 44px;\n  border-radius: 100px;\n  border-style: solid;\n  border-width: 0px;\n}\n.dt-icon-bg-on.shortcode-single-image-wrap.shortcode-single-image-6a759afbbe01d2c6ae44598fd39e5b0e .rollover-icon {\n  background: rgba(255,255,255,0.3);\n  box-shadow: none;\n}<\/style><div class=\"shortcode-single-image-wrap shortcode-single-image-6a759afbbe01d2c6ae44598fd39e5b0e alignnone  enable-bg-rollover dt-icon-bg-off\" style=\"margin-top:0px; margin-bottom:0px; margin-left:0px; margin-right:0px; width:500px;\"><div class=\"shortcode-single-image\"><div class=\"fancy-media-wrap  layzr-bg\" style=\"\"><img decoding=\"async\" class=\"preload-me lazy-load aspect\" src=\"data:image\/svg+xml,%3Csvg%20xmlns%3D&#39;http%3A%2F%2Fwww.w3.org%2F2000%2Fsvg&#39;%20viewBox%3D&#39;0%200%20500%20333&#39;%2F%3E\" data-src=\"https:\/\/www.hopp-la.ch\/wp-content\/uploads\/2023\/09\/L1070681-scaled-500x333.jpg\" data-srcset=\"https:\/\/www.hopp-la.ch\/wp-content\/uploads\/2023\/09\/L1070681-scaled-500x333.jpg 500w, https:\/\/www.hopp-la.ch\/wp-content\/uploads\/2023\/09\/L1070681-scaled-1000x666.jpg 1000w\" loading=\"eager\" sizes=\"(max-width: 500px) 100vw, 500px\" width=\"500\" height=\"333\"  data-dt-location=\"https:\/\/www.hopp-la.ch\/fr\/umsetzung\/l1070681\/\" style=\"--ratio: 500 \/ 333;\" alt=\"\" \/><\/div><\/div><\/div>[\/vc_column][\/vc_row][vc_row bg_type=&#8221;bg_color&#8221; bg_override=&#8221;ex-full&#8221; css=&#8221;.vc_custom_1515493207749{padding-top: 5% !important;padding-bottom: 5% !important;}&#8221; bg_color_value=&#8221;#f4f4f4&#8243;][vc_column width=&#8221;1\/2&#8243;]<div id=\"ultimate-heading-830969d033889679b\" class=\"uvc-heading ult-adjust-bottom-margin ultimate-heading-830969d033889679b uvc-5880 accent-border-color\" data-hspacer=\"line_only\"  data-halign=\"left\" style=\"text-align:left\"><div class=\"uvc-main-heading ult-responsive\"  data-ultimate-target='.uvc-heading.ultimate-heading-830969d033889679b h2'  data-responsive-json-new='{\"font-size\":\"desktop:26px;\",\"line-height\":\"desktop:36px;\"}' ><h2 style=\"font-weight:bold;\">Sites<\/h2><\/div><div class=\"uvc-heading-spacer line_only\" style=\"margin-top:15px;margin-bottom:50px;height:4px;\"><span class=\"uvc-headings-line\" style=\"border-style:solid;border-bottom-width:4px;border-color:;width:50px;\"><\/span><\/div><\/div>[vc_column_text]Jusqu&#8217;\u00e0 pr\u00e9sent, Hopp-la a mis en \u0153uvre plus de projets d&#8217;espaces et d&#8217;activit\u00e9s interg\u00e9n\u00e9rationnels. Sur la page Sites, vous trouverez quelques exemples de mise en \u0153uvre bien r\u00e9ussis. Quel que soit le budget ou l&#8217;emplacement, il existe des possibilit\u00e9s d&#8217;utiliser les espaces de mani\u00e8re \u00e0 ce qu&#8217;ils offrent quelque chose \u00e0 toutes les g\u00e9n\u00e9rations.[\/vc_column_text]<span id=\"creative-link-wrap-3880\" class=\"ult_main_cl ult-adjust-bottom-margin  \" >\n\t \t\t\t<span class=\"  ult_crlink\" >\n\t\t\t\t\t<a  data-ultimate-target='#creative-link-wrap-3880 .ult_colorlink'  data-responsive-json-new='{\"font-size\":\"\",\"line-height\":\"\"}'  href=\"https:\/\/www.hopp-la.ch\/fr\/mise-en-oeuvre-2\/sites\/\" target=\"_blank\" rel=\"noopener\"  class=\"ult_colorlink ult-responsive \" style=\"float:left;font-weight:normal; \"  data-textcolor=\"#95c11f\" data-texthover=\"#333333\"data-style=\"\">\n\t\t\t\t\t\t\n\t\t\t\t\t\t<span data-hover=\"\u2192 Vous trouverez ici un bouquet d&#039;exemples de bonnes pratiques.\" style=\"color:#95c11f;;;\" class=\"ult_btn10_span   \">\u2192 Vous trouverez ici un bouquet d'exemples de bonnes pratiques.<\/span>\n\t\t\t\t\t\t\n\t\t\t\t\t<\/a>\n\t\t\t\t<\/span>\n\t\t\t<\/span>[\/vc_column][vc_column width=&#8221;1\/2&#8243;]<style type=\"text\/css\" data-type=\"the7_shortcodes-inline-css\">.shortcode-single-image-wrap.shortcode-single-image-3125d3a49156137990ca54bf37a698db.enable-bg-rollover .rollover i,\n.shortcode-single-image-wrap.shortcode-single-image-3125d3a49156137990ca54bf37a698db.enable-bg-rollover .rollover-video i {\n  background: -webkit-linear-gradient();\n  background: linear-gradient();\n}\n.shortcode-single-image-wrap.shortcode-single-image-3125d3a49156137990ca54bf37a698db .rollover-icon {\n  font-size: 32px;\n  color: #ffffff;\n  min-width: 44px;\n  min-height: 44px;\n  line-height: 44px;\n  border-radius: 100px;\n  border-style: solid;\n  border-width: 0px;\n}\n.dt-icon-bg-on.shortcode-single-image-wrap.shortcode-single-image-3125d3a49156137990ca54bf37a698db .rollover-icon {\n  background: rgba(255,255,255,0.3);\n  box-shadow: none;\n}<\/style><div class=\"shortcode-single-image-wrap shortcode-single-image-3125d3a49156137990ca54bf37a698db alignnone  enable-bg-rollover dt-icon-bg-off\" style=\"margin-top:0px; margin-bottom:0px; margin-left:0px; margin-right:0px; width:500px;\"><div class=\"shortcode-single-image\"><div class=\"fancy-media-wrap  layzr-bg\" style=\"\"><img decoding=\"async\" class=\"preload-me lazy-load aspect\" src=\"data:image\/svg+xml,%3Csvg%20xmlns%3D&#39;http%3A%2F%2Fwww.w3.org%2F2000%2Fsvg&#39;%20viewBox%3D&#39;0%200%20500%20281&#39;%2F%3E\" data-src=\"https:\/\/www.hopp-la.ch\/wp-content\/uploads\/2022\/10\/CC7-2-500x281.jpg\" data-srcset=\"https:\/\/www.hopp-la.ch\/wp-content\/uploads\/2022\/10\/CC7-2-500x281.jpg 500w, https:\/\/www.hopp-la.ch\/wp-content\/uploads\/2022\/10\/CC7-2-1000x562.jpg 1000w\" loading=\"eager\" sizes=\"(max-width: 500px) 100vw, 500px\" width=\"500\" height=\"281\"  data-dt-location=\"https:\/\/www.hopp-la.ch\/fr\/umsetzung-2-2-alt\/cc7-3\/\" style=\"--ratio: 500 \/ 281;\" alt=\"\" \/><\/div><\/div><\/div>[\/vc_column][\/vc_row][vc_row bg_type=&#8221;bg_color&#8221; bg_override=&#8221;ex-full&#8221; css=&#8221;.vc_custom_1515493207749{padding-top: 5% !important;padding-bottom: 5% !important;}&#8221; bg_color_value=&#8221;#f4f4f4&#8243;][vc_column width=&#8221;1\/2&#8243;]<div id=\"ultimate-heading-995769d03388a13f6\" class=\"uvc-heading ult-adjust-bottom-margin ultimate-heading-995769d03388a13f6 uvc-5915 accent-border-color\" data-hspacer=\"line_only\"  data-halign=\"left\" style=\"text-align:left\"><div class=\"uvc-main-heading ult-responsive\"  data-ultimate-target='.uvc-heading.ultimate-heading-995769d03388a13f6 h2'  data-responsive-json-new='{\"font-size\":\"desktop:26px;\",\"line-height\":\"desktop:36px;\"}' ><h2 style=\"font-weight:bold;\">Projet Hopp-la dans le canton d'Argovie<\/h2><\/div><div class=\"uvc-heading-spacer line_only\" style=\"margin-top:15px;margin-bottom:50px;height:4px;\"><span class=\"uvc-headings-line\" style=\"border-style:solid;border-bottom-width:4px;border-color:;width:50px;\"><\/span><\/div><\/div>[vc_column_text]Dans le canton d&#8217;Argovie, les activit\u00e9s interg\u00e9n\u00e9rationnelles se r\u00e9pandent de mani\u00e8re r\u00e9jouissante, car le canton d&#8217;Argovie a entam\u00e9 une collaboration avec la fondation Hopp-la \u00e0 ce sujet. Les deux offres d&#8217;activit\u00e9 physique interg\u00e9n\u00e9rationnelle Hopp-la Fit et Hopp-la Tandem doivent \u00eatre encourag\u00e9es.[\/vc_column_text]<span id=\"creative-link-wrap-4262\" class=\"ult_main_cl ult-adjust-bottom-margin  \" >\n\t \t\t\t<span class=\"  ult_crlink\" >\n\t\t\t\t\t<a  data-ultimate-target='#creative-link-wrap-4262 .ult_colorlink'  data-responsive-json-new='{\"font-size\":\"\",\"line-height\":\"\"}'  href=\"https:\/\/www.hopp-la.ch\/fr\/mise-en-oeuvre-2\/projet-hopp-la-dans-le-canton-dag\/\"  class=\"ult_colorlink ult-responsive \" style=\"float:left;font-weight:normal; \"  data-textcolor=\"#95c11f\" data-texthover=\"#333333\"data-style=\"\">\n\t\t\t\t\t\t\n\t\t\t\t\t\t<span data-hover=\"\u2192 Lire la suite\" style=\"color:#95c11f;;;\" class=\"ult_btn10_span   \">\u2192 Lire la suite<\/span>\n\t\t\t\t\t\t\n\t\t\t\t\t<\/a>\n\t\t\t\t<\/span>\n\t\t\t<\/span>[\/vc_column][vc_column width=&#8221;1\/2&#8243;]<style type=\"text\/css\" data-type=\"the7_shortcodes-inline-css\">.shortcode-single-image-wrap.shortcode-single-image-e8266f595c06224b0d4a48696bd66870.enable-bg-rollover .rollover i,\n.shortcode-single-image-wrap.shortcode-single-image-e8266f595c06224b0d4a48696bd66870.enable-bg-rollover .rollover-video i {\n  background: -webkit-linear-gradient();\n  background: linear-gradient();\n}\n.shortcode-single-image-wrap.shortcode-single-image-e8266f595c06224b0d4a48696bd66870 .rollover-icon {\n  font-size: 32px;\n  color: #ffffff;\n  min-width: 44px;\n  min-height: 44px;\n  line-height: 44px;\n  border-radius: 100px;\n  border-style: solid;\n  border-width: 0px;\n}\n.dt-icon-bg-on.shortcode-single-image-wrap.shortcode-single-image-e8266f595c06224b0d4a48696bd66870 .rollover-icon {\n  background: rgba(255,255,255,0.3);\n  box-shadow: none;\n}<\/style><div class=\"shortcode-single-image-wrap shortcode-single-image-e8266f595c06224b0d4a48696bd66870 alignnone  enable-bg-rollover dt-icon-bg-off\" style=\"margin-top:0px; margin-bottom:0px; margin-left:0px; margin-right:0px; width:500px;\"><div class=\"shortcode-single-image\"><div class=\"fancy-media-wrap  layzr-bg\" style=\"\"><img decoding=\"async\" class=\"preload-me lazy-load aspect\" src=\"data:image\/svg+xml,%3Csvg%20xmlns%3D&#39;http%3A%2F%2Fwww.w3.org%2F2000%2Fsvg&#39;%20viewBox%3D&#39;0%200%20500%20666&#39;%2F%3E\" data-src=\"https:\/\/www.hopp-la.ch\/wp-content\/uploads\/2023\/09\/20180827_153435-scaled-500x666.jpg\" data-srcset=\"https:\/\/www.hopp-la.ch\/wp-content\/uploads\/2023\/09\/20180827_153435-scaled-500x666.jpg 500w, https:\/\/www.hopp-la.ch\/wp-content\/uploads\/2023\/09\/20180827_153435-scaled-1000x1332.jpg 1000w\" loading=\"eager\" sizes=\"(max-width: 500px) 100vw, 500px\" width=\"500\" height=\"666\"  data-dt-location=\"https:\/\/www.hopp-la.ch\/fr\/umsetzung\/20180827_153435\/\" style=\"--ratio: 500 \/ 666;\" alt=\"\" \/><\/div><\/div><\/div>[\/vc_column][\/vc_row][vc_row css=&#8221;.vc_custom_1636124762725{padding-top: 5% !important;padding-bottom: 5% !important;}&#8221;][vc_column width=&#8221;1\/2&#8243;]<div id=\"ultimate-heading-42169d03388a3339\" class=\"uvc-heading ult-adjust-bottom-margin ultimate-heading-42169d03388a3339 uvc-8287 accent-border-color\" data-hspacer=\"line_only\"  data-halign=\"left\" style=\"text-align:left\"><div class=\"uvc-main-heading ult-responsive\"  data-ultimate-target='.uvc-heading.ultimate-heading-42169d03388a3339 h2'  data-responsive-json-new='{\"font-size\":\"desktop:26px;\",\"line-height\":\"desktop:36px;\"}' ><h2 style=\"font-weight:bold;\">Sites<\/h2><\/div><div class=\"uvc-heading-spacer line_only\" style=\"margin-top:15px;margin-bottom:50px;height:4px;\"><span class=\"uvc-headings-line\" style=\"border-style:solid;border-bottom-width:4px;border-color:;width:50px;\"><\/span><\/div><\/div>[vc_column_text]Les images en disent souvent plus long que mille mots. Dans les exemples de r\u00e9alisation, vous trouverez une s\u00e9lection de projets d&#8217;espaces libres r\u00e9alis\u00e9s et vous pourrez vous en faire une id\u00e9e en images en cliquant sur les galeries d&#8217;images.[\/vc_column_text]<span id=\"creative-link-wrap-3288\" class=\"ult_main_cl ult-adjust-bottom-margin  \" >\n\t \t\t\t<span class=\"  ult_crlink\" >\n\t\t\t\t\t<a  data-ultimate-target='#creative-link-wrap-3288 .ult_colorlink'  data-responsive-json-new='{\"font-size\":\"\",\"line-height\":\"\"}'  href=\"https:\/\/www.hopp-la.ch\/fr\/mise-en-oeuvre-2\/sites\/\"  class=\"ult_colorlink ult-responsive \" style=\"float:left;font-weight:normal; \"  data-textcolor=\"#95c11f\" data-texthover=\"#333333\"data-style=\"\">\n\t\t\t\t\t\t\n\t\t\t\t\t\t<span data-hover=\"\u2192 Vers les galeries de photos\" style=\"color:#95c11f;;;\" class=\"ult_btn10_span   \">\u2192 Vers les galeries de photos<\/span>\n\t\t\t\t\t\t\n\t\t\t\t\t<\/a>\n\t\t\t\t<\/span>\n\t\t\t<\/span>[\/vc_column][vc_column width=&#8221;1\/2&#8243;]<style type=\"text\/css\" data-type=\"the7_shortcodes-inline-css\">.shortcode-single-image-wrap.shortcode-single-image-7533e77d18c6fe24111b1ba27aae497d.enable-bg-rollover .rollover i,\n.shortcode-single-image-wrap.shortcode-single-image-7533e77d18c6fe24111b1ba27aae497d.enable-bg-rollover .rollover-video i {\n  background: -webkit-linear-gradient();\n  background: linear-gradient();\n}\n.shortcode-single-image-wrap.shortcode-single-image-7533e77d18c6fe24111b1ba27aae497d .rollover-icon {\n  font-size: 32px;\n  color: #ffffff;\n  min-width: 44px;\n  min-height: 44px;\n  line-height: 44px;\n  border-radius: 100px;\n  border-style: solid;\n  border-width: 0px;\n}\n.dt-icon-bg-on.shortcode-single-image-wrap.shortcode-single-image-7533e77d18c6fe24111b1ba27aae497d .rollover-icon {\n  background: rgba(255,255,255,0.3);\n  box-shadow: none;\n}<\/style><div class=\"shortcode-single-image-wrap shortcode-single-image-7533e77d18c6fe24111b1ba27aae497d alignnone  enable-bg-rollover dt-icon-bg-off\" style=\"margin-top:0px; margin-bottom:0px; margin-left:0px; margin-right:0px; width:500px;\"><div class=\"shortcode-single-image\"><div class=\"fancy-media-wrap  layzr-bg\" style=\"\"><img decoding=\"async\" class=\"preload-me lazy-load aspect\" src=\"data:image\/svg+xml,%3Csvg%20xmlns%3D&#39;http%3A%2F%2Fwww.w3.org%2F2000%2Fsvg&#39;%20viewBox%3D&#39;0%200%20500%20281&#39;%2F%3E\" data-src=\"https:\/\/www.hopp-la.ch\/wp-content\/uploads\/2023\/09\/PXL_20230718_160106143-scaled-500x281.jpg\" data-srcset=\"https:\/\/www.hopp-la.ch\/wp-content\/uploads\/2023\/09\/PXL_20230718_160106143-scaled-500x281.jpg 500w, https:\/\/www.hopp-la.ch\/wp-content\/uploads\/2023\/09\/PXL_20230718_160106143-scaled-1000x562.jpg 1000w\" loading=\"eager\" sizes=\"(max-width: 500px) 100vw, 500px\" width=\"500\" height=\"281\"  data-dt-location=\"https:\/\/www.hopp-la.ch\/fr\/umsetzung-2-2-alt\/pxl_20230718_160106143-3\/\" style=\"--ratio: 500 \/ 281;\" alt=\"\" \/><\/div><\/div><\/div>[\/vc_column][\/vc_row]<\/p>\n<\/div>","protected":false},"excerpt":{"rendered":"<p>[vc_row bg_type=&#8221;bg_color&#8221; bg_override=&#8221;ex-full&#8221; css=&#8221;.vc_custom_1673425849173{padding-top: 5% !important;padding-bottom: 5% !important;}&#8221; bg_color_value=&#8221;#ffffff&#8221;][vc_column width=&#8221;1\/2&#8243;][vc_column_text]Tous les grands projets d&#8217;infrastructure commencent par l&#8217;\u00e9change d&#8217;informations, la participation et la mise en r\u00e9seau. La fondation Hopp-la conna\u00eet les facteurs de r\u00e9ussite n\u00e9cessaires \u00e0 la cr\u00e9ation d&#8217;espaces de mouvement et de rencontre interg\u00e9n\u00e9rationnels.[\/vc_column_text][\/vc_column][vc_column width=&#8221;1\/2&#8243;][\/vc_column][\/vc_row][vc_row bg_type=&#8221;bg_color&#8221; bg_override=&#8221;ex-full&#8221; css=&#8221;.vc_custom_1515493207749{padding-top: 5% !important;padding-bottom: 5% !important;}&#8221; bg_color_value=&#8221;#f4f4f4&#8243;][vc_column width=&#8221;1\/2&#8243;][vc_column_text]L&#8217;infrastructure seule&hellip;<\/p>\n","protected":false},"author":5,"featured_media":7333,"parent":0,"menu_order":0,"comment_status":"closed","ping_status":"closed","template":"","meta":{"_monsterinsights_skip_tracking":false,"_monsterinsights_sitenote_active":false,"_monsterinsights_sitenote_note":"","_monsterinsights_sitenote_category":0,"footnotes":""},"class_list":["post-9261","page","type-page","status-publish","has-post-thumbnail","hentry","description-off"],"_links":{"self":[{"href":"https:\/\/www.hopp-la.ch\/fr\/wp-json\/wp\/v2\/pages\/9261","targetHints":{"allow":["GET"]}}],"collection":[{"href":"https:\/\/www.hopp-la.ch\/fr\/wp-json\/wp\/v2\/pages"}],"about":[{"href":"https:\/\/www.hopp-la.ch\/fr\/wp-json\/wp\/v2\/types\/page"}],"author":[{"embeddable":true,"href":"https:\/\/www.hopp-la.ch\/fr\/wp-json\/wp\/v2\/users\/5"}],"replies":[{"embeddable":true,"href":"https:\/\/www.hopp-la.ch\/fr\/wp-json\/wp\/v2\/comments?post=9261"}],"version-history":[{"count":12,"href":"https:\/\/www.hopp-la.ch\/fr\/wp-json\/wp\/v2\/pages\/9261\/revisions"}],"predecessor-version":[{"id":9322,"href":"https:\/\/www.hopp-la.ch\/fr\/wp-json\/wp\/v2\/pages\/9261\/revisions\/9322"}],"wp:featuredmedia":[{"embeddable":true,"href":"https:\/\/www.hopp-la.ch\/fr\/wp-json\/wp\/v2\/media\/7333"}],"wp:attachment":[{"href":"https:\/\/www.hopp-la.ch\/fr\/wp-json\/wp\/v2\/media?parent=9261"}],"curies":[{"name":"wp","href":"https:\/\/api.w.org\/{rel}","templated":true}]}}