{"id":9884,"date":"2024-09-10T10:29:05","date_gmt":"2024-09-10T10:29:05","guid":{"rendered":"https:\/\/www.hopp-la.ch\/actualites-developpement\/"},"modified":"2025-04-08T12:14:26","modified_gmt":"2025-04-08T12:14:26","slug":"actualites","status":"publish","type":"page","link":"https:\/\/www.hopp-la.ch\/fr\/actualites\/","title":{"rendered":"Actualit\u00e9s"},"content":{"rendered":"<div class=\"wpb-content-wrapper\"><p>[vc_row bg_type=&#8221;bg_color&#8221; bg_override=&#8221;ex-full&#8221; css=&#8221;.vc_custom_1515493207749{padding-top: 5% !important;padding-bottom: 5% !important;}&#8221; bg_color_value=&#8221;#f4f4f4&#8243;][vc_column width=&#8221;1\/2&#8243;]<div id=\"ultimate-heading-501069f6c83f2b731\" class=\"uvc-heading ult-adjust-bottom-margin ultimate-heading-501069f6c83f2b731 uvc-1375 accent-border-color\" data-hspacer=\"line_only\"  data-halign=\"left\" style=\"text-align:left\"><div class=\"uvc-main-heading ult-responsive\"  data-ultimate-target='.uvc-heading.ultimate-heading-501069f6c83f2b731 h2'  data-responsive-json-new='{\"font-size\":\"desktop:26px;\",\"line-height\":\"desktop:36px;\"}' ><h2 style=\"font-weight:bold;\">Le Projet de Territoire<\/h2><\/div><div class=\"uvc-heading-spacer line_only\" style=\"margin-top:15px;margin-bottom:50px;height:4px;\"><span class=\"uvc-headings-line\" style=\"border-style:solid;border-bottom-width:4px;border-color:;width:50px;\"><\/span><\/div><\/div>[vc_column_text css=&#8221;&#8221;]<strong>Le Projet de territoire<\/strong> propose une id\u00e9e de ce \u00e0 quoi la Suisse pourrait ressembler en 2050 : il fait l&#8217;objet d&#8217;une consultation publique. La Fondation Hopp-la a rendue une <a href=\"https:\/\/www.hopp-la.ch\/wp-content\/uploads\/2025\/04\/2025_SiteWeb-Consultation-Hopp-la_Concept-territoire-CH.pdf\" target=\"_blank\" rel=\"noopener\"><strong><span style=\"color: #008000;\">prise de position<\/span><\/strong><\/a> sur ce document cadre. Elle salue le lien entre des espaces ext\u00e9rieurs de qualit\u00e9 et le bien-\u00eatre et la sant\u00e9 de la population tout comme la grande importance donn\u00e9e \u00e0 la participation de la population dans tous les processus. L\u2019activit\u00e9 physique et les \u00e9changes entre toutes les g\u00e9n\u00e9rations doivent \u00eatre pris en compte lors de la planification et de la conception d\u2019espaces publics et ceci n\u00e9cessite une collaboration interdisciplinaire au sein des administrations.[\/vc_column_text][\/vc_column][vc_column width=&#8221;1\/2&#8243;]<style type=\"text\/css\" data-type=\"the7_shortcodes-inline-css\">.shortcode-single-image-wrap.shortcode-single-image-8c57eceb9cd8ef8a3ea548429dcfba2e.enable-bg-rollover .rollover i,\n.shortcode-single-image-wrap.shortcode-single-image-8c57eceb9cd8ef8a3ea548429dcfba2e.enable-bg-rollover .rollover-video i {\n  background: -webkit-linear-gradient();\n  background: linear-gradient();\n}\n.shortcode-single-image-wrap.shortcode-single-image-8c57eceb9cd8ef8a3ea548429dcfba2e .rollover-icon {\n  font-size: 32px;\n  color: #ffffff;\n  min-width: 44px;\n  min-height: 44px;\n  line-height: 44px;\n  border-radius: 100px;\n  border-style: solid;\n  border-width: 0px;\n}\n.dt-icon-bg-on.shortcode-single-image-wrap.shortcode-single-image-8c57eceb9cd8ef8a3ea548429dcfba2e .rollover-icon {\n  background: rgba(255,255,255,0.3);\n  box-shadow: none;\n}<\/style><div class=\"shortcode-single-image-wrap shortcode-single-image-8c57eceb9cd8ef8a3ea548429dcfba2e alignnone  enable-bg-rollover dt-icon-bg-off\" style=\"margin-top:0px; margin-bottom:0px; margin-left:0px; margin-right:0px; width:500px;\"><div class=\"shortcode-single-image\"><div class=\"fancy-media-wrap  layzr-bg\" style=\"\"><img fetchpriority=\"high\" decoding=\"async\" class=\"preload-me lazy-load aspect\" src=\"data:image\/svg+xml,%3Csvg%20xmlns%3D&#39;http%3A%2F%2Fwww.w3.org%2F2000%2Fsvg&#39;%20viewBox%3D&#39;0%200%20500%20333&#39;%2F%3E\" data-src=\"https:\/\/www.hopp-la.ch\/wp-content\/uploads\/2025\/03\/raumkonzept.png\" data-srcset=\"https:\/\/www.hopp-la.ch\/wp-content\/uploads\/2025\/03\/raumkonzept.png 500w\" loading=\"eager\" sizes=\"(max-width: 500px) 100vw, 500px\" width=\"500\" height=\"333\"  data-dt-location=\"https:\/\/www.hopp-la.ch\/fr\/actualites\/raumkonzept-2\/\" style=\"--ratio: 500 \/ 333;\" alt=\"\" \/><\/div><\/div><\/div>[\/vc_column][\/vc_row][vc_row bg_type=&#8221;bg_color&#8221; bg_override=&#8221;ex-full&#8221; css=&#8221;.vc_custom_1515493207749{padding-top: 5% !important;padding-bottom: 5% !important;}&#8221; bg_color_value=&#8221;#f4f4f4&#8243;][vc_column width=&#8221;1\/2&#8243;]<div id=\"ultimate-heading-921669f6c83f2c53c\" class=\"uvc-heading ult-adjust-bottom-margin ultimate-heading-921669f6c83f2c53c uvc-9387 accent-border-color\" data-hspacer=\"line_only\"  data-halign=\"left\" style=\"text-align:left\"><div class=\"uvc-main-heading ult-responsive\"  data-ultimate-target='.uvc-heading.ultimate-heading-921669f6c83f2c53c h2'  data-responsive-json-new='{\"font-size\":\"desktop:26px;\",\"line-height\":\"desktop:36px;\"}' ><h2 style=\"font-weight:bold;\">Magazine en ligne<\/h2><\/div><div class=\"uvc-heading-spacer line_only\" style=\"margin-top:15px;margin-bottom:50px;height:4px;\"><span class=\"uvc-headings-line\" style=\"border-style:solid;border-bottom-width:4px;border-color:;width:50px;\"><\/span><\/div><\/div>[vc_column_text]Hopp-la a cr\u00e9\u00e9 un nouveau magazine en ligne : les Hopp-la News. Nous vous y informons r\u00e9guli\u00e8rement sur les nouveaux d\u00e9veloppements, les tendances et les th\u00e8mes de la promotion de l&#8217;activit\u00e9 physique interg\u00e9n\u00e9rationnelle. Vous voulez \u00eatre inform\u00e9 des nouveaux espaces de libert\u00e9 et activit\u00e9s interg\u00e9n\u00e9rationnels qui existent en Suisse ? Abonnez-vous aux Hopp-la News en suivant le lien ci-dessous et en vous abonnant \u00e0 nos nouvelles sur my.deinmagazin. Nous nous r\u00e9jouissons de vous compter parmi notre r\u00e9seau.<br \/>\nNous nous r\u00e9jouissons de vous compter parmi notre r\u00e9seau.[\/vc_column_text]<span id=\"creative-link-wrap-2679\" class=\"ult_main_cl ult-adjust-bottom-margin  \" >\n\t \t\t\t<span class=\"  ult_crlink\" >\n\t\t\t\t\t<a  data-ultimate-target='#creative-link-wrap-2679 .ult_colorlink'  data-responsive-json-new='{\"font-size\":\"\",\"line-height\":\"\"}'  href=\"https:\/\/magazin.hopp-la.ch\/de\" target=\"_blank\" rel=\"noopener\"  class=\"ult_colorlink ult-responsive \" style=\"float:left;font-weight:bold; \"  data-textcolor=\"#95c11f\" data-texthover=\"#333333\"data-style=\"\">\n\t\t\t\t\t\t\n\t\t\t\t\t\t<span data-hover=\"\u2192 Lire la suite\" style=\"color:#95c11f;;;\" class=\"ult_btn10_span   \">\u2192 Lire la suite<\/span>\n\t\t\t\t\t\t\n\t\t\t\t\t<\/a>\n\t\t\t\t<\/span>\n\t\t\t<\/span>[\/vc_column][vc_column width=&#8221;1\/2&#8243;]<style type=\"text\/css\" data-type=\"the7_shortcodes-inline-css\">.shortcode-single-image-wrap.shortcode-single-image-b7fe86135f248f04ade5f2a4e6a8ea50.enable-bg-rollover .rollover i,\n.shortcode-single-image-wrap.shortcode-single-image-b7fe86135f248f04ade5f2a4e6a8ea50.enable-bg-rollover .rollover-video i {\n  background: -webkit-linear-gradient();\n  background: linear-gradient();\n}\n.shortcode-single-image-wrap.shortcode-single-image-b7fe86135f248f04ade5f2a4e6a8ea50 .rollover-icon {\n  font-size: 32px;\n  color: #ffffff;\n  min-width: 44px;\n  min-height: 44px;\n  line-height: 44px;\n  border-radius: 100px;\n  border-style: solid;\n  border-width: 0px;\n}\n.dt-icon-bg-on.shortcode-single-image-wrap.shortcode-single-image-b7fe86135f248f04ade5f2a4e6a8ea50 .rollover-icon {\n  background: rgba(255,255,255,0.3);\n  box-shadow: none;\n}<\/style><div class=\"shortcode-single-image-wrap shortcode-single-image-b7fe86135f248f04ade5f2a4e6a8ea50 alignnone  enable-bg-rollover dt-icon-bg-off\" style=\"margin-top:0px; margin-bottom:0px; margin-left:0px; margin-right:0px; width:500px;\"><div class=\"shortcode-single-image\"><div class=\"fancy-media-wrap  layzr-bg\" style=\"\"><img decoding=\"async\" class=\"preload-me lazy-load aspect\" src=\"data:image\/svg+xml,%3Csvg%20xmlns%3D&#39;http%3A%2F%2Fwww.w3.org%2F2000%2Fsvg&#39;%20viewBox%3D&#39;0%200%20500%20333&#39;%2F%3E\" data-src=\"https:\/\/www.hopp-la.ch\/wp-content\/uploads\/2024\/09\/News_Online_Magazin_Bild_001_2150355628-500x333.jpg\" data-srcset=\"https:\/\/www.hopp-la.ch\/wp-content\/uploads\/2024\/09\/News_Online_Magazin_Bild_001_2150355628-500x333.jpg 500w, https:\/\/www.hopp-la.ch\/wp-content\/uploads\/2024\/09\/News_Online_Magazin_Bild_001_2150355628-1000x666.jpg 1000w\" loading=\"eager\" sizes=\"(max-width: 500px) 100vw, 500px\" width=\"500\" height=\"333\"  data-dt-location=\"https:\/\/www.hopp-la.ch\/fr\/news_online_magazin_bild_001_2150355628\/\" style=\"--ratio: 500 \/ 333;\" alt=\"\" \/><\/div><\/div><\/div>[\/vc_column][\/vc_row][vc_row bg_type=&#8221;bg_color&#8221; bg_override=&#8221;ex-full&#8221; css=&#8221;.vc_custom_1515493207749{padding-top: 5% !important;padding-bottom: 5% !important;}&#8221; bg_color_value=&#8221;#f4f4f4&#8243;][vc_column width=&#8221;1\/2&#8243;]<div id=\"ultimate-heading-806569f6c83f2d344\" class=\"uvc-heading ult-adjust-bottom-margin ultimate-heading-806569f6c83f2d344 uvc-888 accent-border-color\" data-hspacer=\"line_only\"  data-halign=\"left\" style=\"text-align:left\"><div class=\"uvc-main-heading ult-responsive\"  data-ultimate-target='.uvc-heading.ultimate-heading-806569f6c83f2d344 h2'  data-responsive-json-new='{\"font-size\":\"desktop:26px;\",\"line-height\":\"desktop:36px;\"}' ><h2 style=\"font-weight:bold;\">M\u00e9dias<\/h2><\/div><div class=\"uvc-heading-spacer line_only\" style=\"margin-top:15px;margin-bottom:50px;height:4px;\"><span class=\"uvc-headings-line\" style=\"border-style:solid;border-bottom-width:4px;border-color:;width:50px;\"><\/span><\/div><\/div>[vc_column_text]Le rapport annuel de Hopp-la vous donne un aper\u00e7u fond\u00e9 de ce que la fondation a fait bouger en Suisse au cours des dix derni\u00e8res ann\u00e9es. En raison de la densification, les espaces libres se font de plus en plus rares. Nous devrions donc les am\u00e9nager de mani\u00e8re \u00e0 ce qu&#8217;ils s&#8217;adressent \u00e0 tous les groupes de population et d&#8217;\u00e2ge. Dans notre rapport annuel, vous trouverez des informations d\u00e9taill\u00e9es sur les endroits en Suisse o\u00f9 de nouveaux espaces libres reliant les g\u00e9n\u00e9rations ont \u00e9t\u00e9 cr\u00e9\u00e9s et o\u00f9 il y a des activit\u00e9s interg\u00e9n\u00e9rationnelles. Toujours dans le but de faire bouger jeunes et vieux, de renforcer la solidarit\u00e9 interg\u00e9n\u00e9rationnelle et d&#8217;apporter une contribution durable \u00e0 la promotion de la sant\u00e9.[\/vc_column_text]<span id=\"creative-link-wrap-6245\" class=\"ult_main_cl ult-adjust-bottom-margin  \" >\n\t \t\t\t<span class=\"  ult_crlink\" >\n\t\t\t\t\t<a  data-ultimate-target='#creative-link-wrap-6245 .ult_colorlink'  data-responsive-json-new='{\"font-size\":\"\",\"line-height\":\"\"}'  href=\"https:\/\/www.hopp-la.ch\/medien\/\"  class=\"ult_colorlink ult-responsive \" style=\"float:left;font-weight:bold; \"  data-textcolor=\"#95c11f\" data-texthover=\"#333333\"data-style=\"\">\n\t\t\t\t\t\t\n\t\t\t\t\t\t<span data-hover=\"\u2192 Lire la suite\" style=\"color:#95c11f;;;\" class=\"ult_btn10_span   \">\u2192 Lire la suite<\/span>\n\t\t\t\t\t\t\n\t\t\t\t\t<\/a>\n\t\t\t\t<\/span>\n\t\t\t<\/span>[\/vc_column][vc_column width=&#8221;1\/2&#8243;]<style type=\"text\/css\" data-type=\"the7_shortcodes-inline-css\">.shortcode-single-image-wrap.shortcode-single-image-c9478acf39cf5fc35d3b9b2f26b4ac1f.enable-bg-rollover .rollover i,\n.shortcode-single-image-wrap.shortcode-single-image-c9478acf39cf5fc35d3b9b2f26b4ac1f.enable-bg-rollover .rollover-video i {\n  background: -webkit-linear-gradient();\n  background: linear-gradient();\n}\n.shortcode-single-image-wrap.shortcode-single-image-c9478acf39cf5fc35d3b9b2f26b4ac1f .rollover-icon {\n  font-size: 32px;\n  color: #ffffff;\n  min-width: 44px;\n  min-height: 44px;\n  line-height: 44px;\n  border-radius: 100px;\n  border-style: solid;\n  border-width: 0px;\n}\n.dt-icon-bg-on.shortcode-single-image-wrap.shortcode-single-image-c9478acf39cf5fc35d3b9b2f26b4ac1f .rollover-icon {\n  background: rgba(255,255,255,0.3);\n  box-shadow: none;\n}<\/style><div class=\"shortcode-single-image-wrap shortcode-single-image-c9478acf39cf5fc35d3b9b2f26b4ac1f alignnone  enable-bg-rollover dt-icon-bg-off\" style=\"margin-top:0px; margin-bottom:0px; margin-left:0px; margin-right:0px; width:500px;\"><div class=\"shortcode-single-image\"><div class=\"fancy-media-wrap  layzr-bg\" style=\"\"><img decoding=\"async\" class=\"preload-me lazy-load aspect\" src=\"data:image\/svg+xml,%3Csvg%20xmlns%3D&#39;http%3A%2F%2Fwww.w3.org%2F2000%2Fsvg&#39;%20viewBox%3D&#39;0%200%20500%20375&#39;%2F%3E\" data-src=\"https:\/\/www.hopp-la.ch\/wp-content\/uploads\/2024\/09\/IMG202409170951221-scaled-500x375.jpg\" data-srcset=\"https:\/\/www.hopp-la.ch\/wp-content\/uploads\/2024\/09\/IMG202409170951221-scaled-500x375.jpg 500w, https:\/\/www.hopp-la.ch\/wp-content\/uploads\/2024\/09\/IMG202409170951221-scaled-1000x750.jpg 1000w\" loading=\"eager\" sizes=\"(max-width: 500px) 100vw, 500px\" width=\"500\" height=\"375\"  data-dt-location=\"https:\/\/www.hopp-la.ch\/fr\/img202409170951221\/\" style=\"--ratio: 500 \/ 375;\" alt=\"\" \/><\/div><\/div><\/div>[\/vc_column][\/vc_row][vc_row css=&#8221;.vc_custom_1636124762725{padding-top: 5% !important;padding-bottom: 5% !important;}&#8221;][vc_column width=&#8221;1\/2&#8243;]<div id=\"ultimate-heading-197069f6c83f2e020\" class=\"uvc-heading ult-adjust-bottom-margin ultimate-heading-197069f6c83f2e020 uvc-8443 accent-border-color\" data-hspacer=\"line_only\"  data-halign=\"left\" style=\"text-align:left\"><div class=\"uvc-main-heading ult-responsive\"  data-ultimate-target='.uvc-heading.ultimate-heading-197069f6c83f2e020 h2'  data-responsive-json-new='{\"font-size\":\"desktop:26px;\",\"line-height\":\"desktop:36px;\"}' ><h2 style=\"font-weight:bold;\">Rapport annuel<\/h2><\/div><div class=\"uvc-heading-spacer line_only\" style=\"margin-top:15px;margin-bottom:50px;height:4px;\"><span class=\"uvc-headings-line\" style=\"border-style:solid;border-bottom-width:4px;border-color:;width:50px;\"><\/span><\/div><\/div>[vc_column_text]Le rapport annuel de Hopp-la vous donne une vue d&#8217;ensemble de ce que la fondation a r\u00e9alis\u00e9 en Suisse au cours des dix derni\u00e8res ann\u00e9es.<br \/>\nEn raison de la densification, les espaces libres se font de plus en plus rares.<br \/>\nNous devons donc les am\u00e9nager de mani\u00e8re \u00e0 ce qu&#8217;ils soient accessibles \u00e0 tous les groupes de population et d&#8217;\u00e2ge.<br \/>\nDans notre rapport annuel, vous trouverez des informations d\u00e9taill\u00e9es sur les endroits o\u00f9 de nouveaux espaces de libert\u00e9 interg\u00e9n\u00e9rationnels ont \u00e9t\u00e9 cr\u00e9\u00e9s en Suisse et o\u00f9 il y a des activit\u00e9s interg\u00e9n\u00e9rationnelles.<br \/>\nToujours dans le but de faire bouger jeunes et vieux, de renforcer la solidarit\u00e9 interg\u00e9n\u00e9rationnelle et d&#8217;apporter une contribution durable \u00e0 la promotion de la sant\u00e9.[\/vc_column_text]<span id=\"creative-link-wrap-8434\" class=\"ult_main_cl ult-adjust-bottom-margin  \" >\n\t \t\t\t<span class=\"  ult_crlink\" >\n\t\t\t\t\t<a  data-ultimate-target='#creative-link-wrap-8434 .ult_colorlink'  data-responsive-json-new='{\"font-size\":\"\",\"line-height\":\"\"}'  href=\"https:\/\/www.hopp-la.ch\/jahresberichte\/\"  class=\"ult_colorlink ult-responsive \" style=\"float:left;font-weight:bold; \"  data-textcolor=\"#95c11f\" data-texthover=\"#333333\"data-style=\"\">\n\t\t\t\t\t\t\n\t\t\t\t\t\t<span data-hover=\"\u2192 Lire la suite\" style=\"color:#95c11f;;;\" class=\"ult_btn10_span   \">\u2192 Lire la suite<\/span>\n\t\t\t\t\t\t\n\t\t\t\t\t<\/a>\n\t\t\t\t<\/span>\n\t\t\t<\/span>[\/vc_column][vc_column width=&#8221;1\/2&#8243;]<style type=\"text\/css\" data-type=\"the7_shortcodes-inline-css\">.shortcode-single-image-wrap.shortcode-single-image-861f8720ba07deaa5dde302f34b4b505.enable-bg-rollover .rollover i,\n.shortcode-single-image-wrap.shortcode-single-image-861f8720ba07deaa5dde302f34b4b505.enable-bg-rollover .rollover-video i {\n  background: -webkit-linear-gradient();\n  background: linear-gradient();\n}\n.shortcode-single-image-wrap.shortcode-single-image-861f8720ba07deaa5dde302f34b4b505 .rollover-icon {\n  font-size: 32px;\n  color: #ffffff;\n  min-width: 44px;\n  min-height: 44px;\n  line-height: 44px;\n  border-radius: 100px;\n  border-style: solid;\n  border-width: 0px;\n}\n.dt-icon-bg-on.shortcode-single-image-wrap.shortcode-single-image-861f8720ba07deaa5dde302f34b4b505 .rollover-icon {\n  background: rgba(255,255,255,0.3);\n  box-shadow: none;\n}<\/style><div class=\"shortcode-single-image-wrap shortcode-single-image-861f8720ba07deaa5dde302f34b4b505 alignnone  enable-bg-rollover dt-icon-bg-off\" style=\"margin-top:0px; margin-bottom:0px; margin-left:0px; margin-right:0px; width:500px;\"><div class=\"shortcode-single-image\"><div class=\"fancy-media-wrap  layzr-bg\" style=\"\"><img decoding=\"async\" class=\"preload-me lazy-load aspect\" src=\"data:image\/svg+xml,%3Csvg%20xmlns%3D&#39;http%3A%2F%2Fwww.w3.org%2F2000%2Fsvg&#39;%20viewBox%3D&#39;0%200%20500%20500&#39;%2F%3E\" data-src=\"https:\/\/www.hopp-la.ch\/wp-content\/uploads\/2024\/09\/Jahresbericht_001_colourful-Happy-New-Year-background-3110-scaled-500x500.jpg\" data-srcset=\"https:\/\/www.hopp-la.ch\/wp-content\/uploads\/2024\/09\/Jahresbericht_001_colourful-Happy-New-Year-background-3110-scaled-500x500.jpg 500w, https:\/\/www.hopp-la.ch\/wp-content\/uploads\/2024\/09\/Jahresbericht_001_colourful-Happy-New-Year-background-3110-scaled-1000x1000.jpg 1000w\" loading=\"eager\" sizes=\"(max-width: 500px) 100vw, 500px\" width=\"500\" height=\"500\"  data-dt-location=\"https:\/\/www.hopp-la.ch\/fr\/jahresbericht_001_colourful-happy-new-year-background-3110\/\" style=\"--ratio: 500 \/ 500;\" alt=\"\" \/><\/div><\/div><\/div>[\/vc_column][\/vc_row]<\/p>\n<\/div>","protected":false},"excerpt":{"rendered":"<p>[vc_row bg_type=&#8221;bg_color&#8221; bg_override=&#8221;ex-full&#8221; css=&#8221;.vc_custom_1515493207749{padding-top: 5% !important;padding-bottom: 5% !important;}&#8221; bg_color_value=&#8221;#f4f4f4&#8243;][vc_column width=&#8221;1\/2&#8243;][vc_column_text css=&#8221;&#8221;]Le Projet de territoire propose une id\u00e9e de ce \u00e0 quoi la Suisse pourrait ressembler en 2050 : il fait l&#8217;objet d&#8217;une consultation publique. La Fondation Hopp-la a rendue une prise de position sur ce document cadre. Elle salue le lien entre des espaces ext\u00e9rieurs&hellip;<\/p>\n","protected":false},"author":5,"featured_media":7333,"parent":0,"menu_order":0,"comment_status":"closed","ping_status":"closed","template":"","meta":{"_monsterinsights_skip_tracking":false,"_monsterinsights_sitenote_active":false,"_monsterinsights_sitenote_note":"","_monsterinsights_sitenote_category":0,"footnotes":""},"class_list":["post-9884","page","type-page","status-publish","has-post-thumbnail","hentry","description-off"],"_links":{"self":[{"href":"https:\/\/www.hopp-la.ch\/fr\/wp-json\/wp\/v2\/pages\/9884","targetHints":{"allow":["GET"]}}],"collection":[{"href":"https:\/\/www.hopp-la.ch\/fr\/wp-json\/wp\/v2\/pages"}],"about":[{"href":"https:\/\/www.hopp-la.ch\/fr\/wp-json\/wp\/v2\/types\/page"}],"author":[{"embeddable":true,"href":"https:\/\/www.hopp-la.ch\/fr\/wp-json\/wp\/v2\/users\/5"}],"replies":[{"embeddable":true,"href":"https:\/\/www.hopp-la.ch\/fr\/wp-json\/wp\/v2\/comments?post=9884"}],"version-history":[{"count":18,"href":"https:\/\/www.hopp-la.ch\/fr\/wp-json\/wp\/v2\/pages\/9884\/revisions"}],"predecessor-version":[{"id":10021,"href":"https:\/\/www.hopp-la.ch\/fr\/wp-json\/wp\/v2\/pages\/9884\/revisions\/10021"}],"wp:featuredmedia":[{"embeddable":true,"href":"https:\/\/www.hopp-la.ch\/fr\/wp-json\/wp\/v2\/media\/7333"}],"wp:attachment":[{"href":"https:\/\/www.hopp-la.ch\/fr\/wp-json\/wp\/v2\/media?parent=9884"}],"curies":[{"name":"wp","href":"https:\/\/api.w.org\/{rel}","templated":true}]}}